{"id":96247,"date":"2025-12-05T16:05:38","date_gmt":"2025-12-05T13:05:38","guid":{"rendered":"https:\/\/baldumarket.lt\/product\/dora-01-dab-evoke-szafa-2d\/"},"modified":"2026-04-07T15:16:10","modified_gmt":"2026-04-07T12:16:10","slug":"dora-01-dab-evoke-szafa-2d","status":"publish","type":"product","link":"https:\/\/baldumarket.lt\/lt\/product\/dora-01-dab-evoke-szafa-2d\/","title":{"rendered":"Dora 01 dab evoke \u2013 2D spinta"},"content":{"rendered":"<p>Dviej\u0173 dur\u0173 spinta \u201eDora 01\u201c \u2013 puikus sprendimas drabu\u017eiams, aksesuarams ir nam\u0173 tekstilei laikyti. Tvirtas strypas, besit\u0119siantis per vis\u0105 spintos plot\u012f, leid\u017eia lengvai pakabinti paltus, kostium\u0117lius ar sukneles. Erdvios vir\u0161utin\u0117s ir apatin\u0117s ni\u0161os leid\u017eia laikyti tokius daiktus kaip patalyn\u0117 ar rank\u0161luos\u010diai. Rinkit\u0117s \u201eDora\u201c spint\u0105 ir palaikykite tvark\u0105 savo interjere.<br \/>\n\u2022 Funkcionalus baldas su gra\u017eiu dizainu.<br \/>\n\u2022 Priekin\u0117s dalys ir lentjuost\u0117s pagamintos i\u0161 lenktos MDF plok\u0161t\u0117s.<br \/>\n\u2022 Prakti\u0161kas strypas ir dvi erdvios ni\u0161os.<br \/>\n\u2022 Ergonomi\u0161kos rankenos.<br \/>\n\u2022 \u0160velniai u\u017esidarantys vyriai.<\/p>","protected":false},"excerpt":{"rendered":"<p>Dviej\u0173 dur\u0173 spinta \u201eDora 01\u201c \u2013 puikus sprendimas drabu\u017eiams, aksesuarams ir nam\u0173 tekstilei laikyti. Tvirtas strypas, besit\u0119siantis per vis\u0105 spintos plot\u012f, leid\u017eia lengvai pakabinti paltus, kostium\u0117lius ar sukneles. Didel\u0117s vir\u0161utin\u0117s ir apatin\u0117s ni\u0161os leid\u017eia laikyti tokius daiktus kaip patalyn\u0117 ar rank\u0161luos\u010diai. Pasirinkite [\u2026]<\/p>","protected":false},"featured_media":96248,"comment_status":"open","ping_status":"open","template":"","meta":[],"product_brand":[],"product_cat":[2255,9212,1177],"product_tag":[],"class_list":{"0":"post-96247","1":"product","2":"type-product","3":"status-publish","4":"has-post-thumbnail","6":"product_cat-ml-meble","7":"product_cat-furniture-system-dora-ml-meble","8":"product_cat-wardrobes","10":"first","11":"instock","12":"purchasable","13":"product-type-simple"},"_links":{"self":[{"href":"https:\/\/baldumarket.lt\/lt\/wp-json\/wp\/v2\/product\/96247","targetHints":{"allow":["GET"]}}],"collection":[{"href":"https:\/\/baldumarket.lt\/lt\/wp-json\/wp\/v2\/product"}],"about":[{"href":"https:\/\/baldumarket.lt\/lt\/wp-json\/wp\/v2\/types\/product"}],"replies":[{"embeddable":true,"href":"https:\/\/baldumarket.lt\/lt\/wp-json\/wp\/v2\/comments?post=96247"}],"wp:featuredmedia":[{"embeddable":true,"href":"https:\/\/baldumarket.lt\/lt\/wp-json\/wp\/v2\/media\/96248"}],"wp:attachment":[{"href":"https:\/\/baldumarket.lt\/lt\/wp-json\/wp\/v2\/media?parent=96247"}],"wp:term":[{"taxonomy":"product_brand","embeddable":true,"href":"https:\/\/baldumarket.lt\/lt\/wp-json\/wp\/v2\/product_brand?post=96247"},{"taxonomy":"product_cat","embeddable":true,"href":"https:\/\/baldumarket.lt\/lt\/wp-json\/wp\/v2\/product_cat?post=96247"},{"taxonomy":"product_tag","embeddable":true,"href":"https:\/\/baldumarket.lt\/lt\/wp-json\/wp\/v2\/product_tag?post=96247"}],"curies":[{"name":"wp","href":"https:\/\/api.w.org\/{rel}","templated":true}]}}