{"id":96218,"date":"2025-12-05T16:05:11","date_gmt":"2025-12-05T13:05:11","guid":{"rendered":"https:\/\/baldumarket.lt\/product\/dora-02-dab-evoke-witryna-1d-l-p\/"},"modified":"2026-04-07T13:39:59","modified_gmt":"2026-04-07T10:39:59","slug":"dora-02-dab-evoke-witryna-1d-l-p","status":"publish","type":"product","link":"https:\/\/baldumarket.lt\/lt\/product\/dora-02-dab-evoke-witryna-1d-l-p\/","title":{"rendered":"Dora 02 dab evoke \u2013 1D vitrina (K\/D)"},"content":{"rendered":"<p>\u201eDora 02\u201c vitrina \u2013 tai baldas, leid\u017eiantis laikyti ir eksponuoti m\u0117gstamiausius daiktus. Ji padalinta \u012f dvi dalis. Apatin\u0117 dalis pasl\u0117pta nuo sve\u010di\u0173 aki\u0173. Joje galite laikyti staltieses ar rank\u0161luos\u010dius. Vir\u0161utin\u0117 dalis padalinta dviem lentynomis, sukuriant tris ni\u0161as. Stiklin\u0117s durys leid\u017eia eksponuoti m\u0117gstamiausius daiktus \u2013 porcelianinius puodelius ar gra\u017eius, stilingus stalo \u012frankius. Pasirinkite \u201eDora\u201c vitrin\u0105 ir palaikykite tvark\u0105 savo interjere.<br \/>\n\u2022 Funkcionalus baldas su gra\u017eiu dizainu.<br \/>\n\u2022 Priekin\u0117s dalys ir apdailos detal\u0117s pagamintos i\u0161 lenktos MDF plok\u0161t\u0117s.<br \/>\n\u2022 Patvarus gr\u016bdintas stiklas.<br \/>\n\u2022 Vitrinos ap\u0161vietimas galimas kaip papildoma parinktis.<br \/>\n\u2022 Ergonomi\u0161kos rankenos.<br \/>\n\u2022 \u0160velniai u\u017esidarantys vyriai.<\/p>","protected":false},"excerpt":{"rendered":"<p>\u201eDora 02\u201c vitrina \u2013 tai baldas, leid\u017eiantis laikyti ir eksponuoti m\u0117gstamiausius daiktus. Ji padalinta \u012f dvi dalis. Apatin\u0117 dalis pasl\u0117pta nuo sve\u010di\u0173 aki\u0173. Joje galite laikyti staltieses ar rank\u0161luos\u010dius. Vir\u0161utin\u0117 dalis padalinta dviem lentynomis, sukuriant tris ni\u0161as. Stiklin\u0117s durys [\u2026]<\/p>","protected":false},"featured_media":96219,"comment_status":"open","ping_status":"open","template":"","meta":[],"product_brand":[],"product_cat":[2255,9212,2006],"product_tag":[],"class_list":{"0":"post-96218","1":"product","2":"type-product","3":"status-publish","4":"has-post-thumbnail","6":"product_cat-ml-meble","7":"product_cat-furniture-system-dora-ml-meble","8":"product_cat-vitrines","10":"first","11":"instock","12":"purchasable","13":"product-type-simple"},"_links":{"self":[{"href":"https:\/\/baldumarket.lt\/lt\/wp-json\/wp\/v2\/product\/96218","targetHints":{"allow":["GET"]}}],"collection":[{"href":"https:\/\/baldumarket.lt\/lt\/wp-json\/wp\/v2\/product"}],"about":[{"href":"https:\/\/baldumarket.lt\/lt\/wp-json\/wp\/v2\/types\/product"}],"replies":[{"embeddable":true,"href":"https:\/\/baldumarket.lt\/lt\/wp-json\/wp\/v2\/comments?post=96218"}],"wp:featuredmedia":[{"embeddable":true,"href":"https:\/\/baldumarket.lt\/lt\/wp-json\/wp\/v2\/media\/96219"}],"wp:attachment":[{"href":"https:\/\/baldumarket.lt\/lt\/wp-json\/wp\/v2\/media?parent=96218"}],"wp:term":[{"taxonomy":"product_brand","embeddable":true,"href":"https:\/\/baldumarket.lt\/lt\/wp-json\/wp\/v2\/product_brand?post=96218"},{"taxonomy":"product_cat","embeddable":true,"href":"https:\/\/baldumarket.lt\/lt\/wp-json\/wp\/v2\/product_cat?post=96218"},{"taxonomy":"product_tag","embeddable":true,"href":"https:\/\/baldumarket.lt\/lt\/wp-json\/wp\/v2\/product_tag?post=96218"}],"curies":[{"name":"wp","href":"https:\/\/api.w.org\/{rel}","templated":true}]}}