{"id":96208,"date":"2025-12-05T16:05:03","date_gmt":"2025-12-05T13:05:03","guid":{"rendered":"https:\/\/baldumarket.lt\/product\/avante-04-dab-windmill-mdf-cashmere-polysk-komoda-2d3s\/"},"modified":"2026-04-07T14:47:28","modified_gmt":"2026-04-07T11:47:28","slug":"avante-04-dab-windmill-mdf-cashmere-polysk-komoda-2d3s","status":"publish","type":"product","link":"https:\/\/baldumarket.lt\/lt\/product\/avante-04-dab-windmill-mdf-cashmere-polysk-komoda-2d3s\/","title":{"rendered":"Avante 04 v\u0117jo mal\u016bno \u0105\u017euolo \/ MDF ka\u0161myro blizgios \u2013 2D3S komoda"},"content":{"rendered":"<p>Didel\u0117 komoda \u201eAvante 04\u201c \u2013 puikus sprendimas daiktams susid\u0117ti. U\u017e dviej\u0173 dureli\u0173 rasite i\u0161 viso keturis erdvius skyrius. Juose galite laikyti drabu\u017eius, rank\u0161luos\u010dius ar patalyn\u0119. Viduje yra trys gil\u016bs stal\u010diai, kuriuose yra daug vietos dokumentams, stalties\u0117ms ar kitai nam\u0173 tekstilei. \u0160i komoda bus puikus j\u016bs\u0173 svetain\u0117s ar miegamojo papildymas. Platus stalvir\u0161is puikiai tinka eleganti\u0161koms vazoms, kelioni\u0173 suvenyrams ar kitiems m\u0117gstamiems daiktams eksponuoti. Rinkit\u0117s komod\u0105 \u201eAvante\u201c ir palaikykite tvark\u0105 savo interjere.<br \/>\n\u2022 Gra\u017eus dizainas ir i\u0161skirtinis funkcionalumas.<br \/>\n\u2022 Pilno i\u0161traukimo stal\u010diai su sustiprintu dugnu.<br \/>\n\u2022 \u0160velniai u\u017esidarantys vyriai.<\/p>","protected":false},"excerpt":{"rendered":"<p>Didel\u0117 komoda \u201eAvante 04\u201c \u2013 puikus sprendimas daiktams susid\u0117ti. U\u017e dviej\u0173 dureli\u0173 rasite i\u0161 viso keturis erdvius skyrius. Juose galite laikyti drabu\u017eius, rank\u0161luos\u010dius ar patalyn\u0119. Viduje yra trys gil\u016bs stal\u010diai, kuriuose yra daug vietos dokumentams, stalties\u0117ms ar kitiems nam\u0173 tekstil\u0117s gaminiams. \u0160i komoda bus puikus [\u2026]<\/p>","protected":false},"featured_media":96209,"comment_status":"open","ping_status":"open","template":"","meta":[],"product_brand":[],"product_cat":[1173,2255,9214],"product_tag":[],"class_list":{"0":"post-96208","1":"product","2":"type-product","3":"status-publish","4":"has-post-thumbnail","6":"product_cat-chests-of-drawers","7":"product_cat-ml-meble","8":"product_cat-furniture-system-avante-ml-meble","10":"first","11":"instock","12":"purchasable","13":"product-type-simple"},"_links":{"self":[{"href":"https:\/\/baldumarket.lt\/lt\/wp-json\/wp\/v2\/product\/96208","targetHints":{"allow":["GET"]}}],"collection":[{"href":"https:\/\/baldumarket.lt\/lt\/wp-json\/wp\/v2\/product"}],"about":[{"href":"https:\/\/baldumarket.lt\/lt\/wp-json\/wp\/v2\/types\/product"}],"replies":[{"embeddable":true,"href":"https:\/\/baldumarket.lt\/lt\/wp-json\/wp\/v2\/comments?post=96208"}],"wp:featuredmedia":[{"embeddable":true,"href":"https:\/\/baldumarket.lt\/lt\/wp-json\/wp\/v2\/media\/96209"}],"wp:attachment":[{"href":"https:\/\/baldumarket.lt\/lt\/wp-json\/wp\/v2\/media?parent=96208"}],"wp:term":[{"taxonomy":"product_brand","embeddable":true,"href":"https:\/\/baldumarket.lt\/lt\/wp-json\/wp\/v2\/product_brand?post=96208"},{"taxonomy":"product_cat","embeddable":true,"href":"https:\/\/baldumarket.lt\/lt\/wp-json\/wp\/v2\/product_cat?post=96208"},{"taxonomy":"product_tag","embeddable":true,"href":"https:\/\/baldumarket.lt\/lt\/wp-json\/wp\/v2\/product_tag?post=96208"}],"curies":[{"name":"wp","href":"https:\/\/api.w.org\/{rel}","templated":true}]}}