{"id":96199,"date":"2025-12-05T16:04:55","date_gmt":"2025-12-05T13:04:55","guid":{"rendered":"https:\/\/baldumarket.lt\/product\/avante-02-dab-windmill-mdf-cashmere-polysk-witryna-1dl-p\/"},"modified":"2026-04-07T14:47:28","modified_gmt":"2026-04-07T11:47:28","slug":"avante-02-dab-windmill-mdf-cashmere-polysk-witryna-1dl-p","status":"publish","type":"product","link":"https:\/\/baldumarket.lt\/lt\/product\/avante-02-dab-windmill-mdf-cashmere-polysk-witryna-1dl-p\/","title":{"rendered":"Avante 02 v\u0117jo mal\u016bno \u0105\u017euolo \/ MDF ka\u0161myro blizgios \u2013 vitrina 1DL\/P"},"content":{"rendered":"<p>\u201eAvante 02\u201c vitrina \u2013 tai baldas, leid\u017eiantis laikyti ir eksponuoti m\u0117gstamiausius daiktus. Ji padalinta \u012f dvi u\u017edaras dalis. Apatin\u0117 dalis yra pasl\u0117pta nuo sve\u010di\u0173 aki\u0173. Dvi ni\u0161os puikiai tinka stalties\u0117ms ar rank\u0161luos\u010diams laikyti. Vir\u0161utin\u0117 dalis padalinta dviem stiklin\u0117mis lentynomis, sukuriant tris ni\u0161as. Stiklin\u0117s durys leid\u017eia eksponuoti m\u0117gstamus porcelianinius puodelius ar gra\u017eius, stilingus stalo \u012frankius. Pasirinkite \u201eAvante\u201c vitrin\u0105 ir palaikykite tvark\u0105 savo interjere.<\/p>\n<p>\u2022 Gra\u017eus dizainas ir i\u0161skirtinis funkcionalumas.<br \/>\n\u2022 Foninis ap\u0161vietimas galimas kaip papildoma \u012franga.<br \/>\n\u2022 \u0160velniai u\u017esidarantys vyriai.<\/p>","protected":false},"excerpt":{"rendered":"<p>\u201eAvante 02\u201c vitrina \u2013 tai baldas, leid\u017eiantis laikyti ir eksponuoti m\u0117gstamiausius daiktus. Ji padalinta \u012f dvi u\u017edaras dalis. Apatin\u0117 dalis pasl\u0117pta nuo sve\u010di\u0173 aki\u0173. Dvi ni\u0161os puikiai tinka stalties\u0117ms ar rank\u0161luos\u010diams laikyti. Vir\u0161utin\u0117 dalis padalinta dviem stiklin\u0117mis lentynomis, sukuriant tris [\u2026]<\/p>","protected":false},"featured_media":96200,"comment_status":"open","ping_status":"open","template":"","meta":[],"product_brand":[],"product_cat":[2255,9214,2006],"product_tag":[],"class_list":{"0":"post-96199","1":"product","2":"type-product","3":"status-publish","4":"has-post-thumbnail","6":"product_cat-ml-meble","7":"product_cat-furniture-system-avante-ml-meble","8":"product_cat-vitrines","10":"first","11":"instock","12":"purchasable","13":"product-type-simple"},"_links":{"self":[{"href":"https:\/\/baldumarket.lt\/lt\/wp-json\/wp\/v2\/product\/96199","targetHints":{"allow":["GET"]}}],"collection":[{"href":"https:\/\/baldumarket.lt\/lt\/wp-json\/wp\/v2\/product"}],"about":[{"href":"https:\/\/baldumarket.lt\/lt\/wp-json\/wp\/v2\/types\/product"}],"replies":[{"embeddable":true,"href":"https:\/\/baldumarket.lt\/lt\/wp-json\/wp\/v2\/comments?post=96199"}],"wp:featuredmedia":[{"embeddable":true,"href":"https:\/\/baldumarket.lt\/lt\/wp-json\/wp\/v2\/media\/96200"}],"wp:attachment":[{"href":"https:\/\/baldumarket.lt\/lt\/wp-json\/wp\/v2\/media?parent=96199"}],"wp:term":[{"taxonomy":"product_brand","embeddable":true,"href":"https:\/\/baldumarket.lt\/lt\/wp-json\/wp\/v2\/product_brand?post=96199"},{"taxonomy":"product_cat","embeddable":true,"href":"https:\/\/baldumarket.lt\/lt\/wp-json\/wp\/v2\/product_cat?post=96199"},{"taxonomy":"product_tag","embeddable":true,"href":"https:\/\/baldumarket.lt\/lt\/wp-json\/wp\/v2\/product_tag?post=96199"}],"curies":[{"name":"wp","href":"https:\/\/api.w.org\/{rel}","templated":true}]}}