{"id":96189,"date":"2025-12-05T16:04:46","date_gmt":"2025-12-05T13:04:46","guid":{"rendered":"https:\/\/baldumarket.lt\/product\/avante-05-dab-windmill-mdf-cashmere-polysk-komoda-1d3s\/"},"modified":"2026-04-07T14:47:28","modified_gmt":"2026-04-07T11:47:28","slug":"avante-05-dab-windmill-mdf-cashmere-polysk-komoda-1d3s","status":"publish","type":"product","link":"https:\/\/baldumarket.lt\/lt\/product\/avante-05-dab-windmill-mdf-cashmere-polysk-komoda-1d3s\/","title":{"rendered":"Avante 05 v\u0117jo mal\u016bno \u0105\u017euolas \/ MDF ka\u0161myro blizgesys &#8211; 1D3S komoda"},"content":{"rendered":"<p>Kompakti\u0161ka komoda \u201eAvante 05\u201c \u2013 puikus sprendimas daikt\u0173 laikymui. U\u017e dureli\u0173 yra dvi erdvios ni\u0161os, puikiai tinkan\u010dios drabu\u017eiams, rank\u0161luos\u010diams ir stalo \u012frankiams laikyti. Kair\u0117je komodos pus\u0117je yra trys gil\u016bs stal\u010diai, puikiai tinkantys dokumentams ar nam\u0173 tekstilei. Platus stalvir\u0161is puikiai tinka eleganti\u0161koms vazoms ar kelioni\u0173 suvenyrams eksponuoti. Rinkit\u0117s komod\u0105 \u201eAvante\u201c ir palaikykite tvark\u0105 savo interjere.<br \/>\n\u2022 Gra\u017eus dizainas ir i\u0161skirtinis funkcionalumas.<br \/>\n\u2022 Pilno i\u0161traukimo stal\u010diai su sustiprintu dugnu.<br \/>\n\u2022 \u0160velniai u\u017esidarantys vyriai.<\/p>","protected":false},"excerpt":{"rendered":"<p>The compact Avante 05 chest of drawers is the perfect storage solution. Behind the doors are two spacious alcoves, perfect for storing clothes, towels, and tableware. The left side of the chest of drawers features three deep drawers, perfect for documents or home textiles. The wide top is perfect for displaying elegant vases or travel [&hellip;]<\/p>","protected":false},"featured_media":96190,"comment_status":"open","ping_status":"open","template":"","meta":[],"product_brand":[],"product_cat":[1173,2255,9214],"product_tag":[],"class_list":{"0":"post-96189","1":"product","2":"type-product","3":"status-publish","4":"has-post-thumbnail","6":"product_cat-chests-of-drawers","7":"product_cat-ml-meble","8":"product_cat-furniture-system-avante-ml-meble","10":"first","11":"instock","12":"purchasable","13":"product-type-simple"},"_links":{"self":[{"href":"https:\/\/baldumarket.lt\/lt\/wp-json\/wp\/v2\/product\/96189","targetHints":{"allow":["GET"]}}],"collection":[{"href":"https:\/\/baldumarket.lt\/lt\/wp-json\/wp\/v2\/product"}],"about":[{"href":"https:\/\/baldumarket.lt\/lt\/wp-json\/wp\/v2\/types\/product"}],"replies":[{"embeddable":true,"href":"https:\/\/baldumarket.lt\/lt\/wp-json\/wp\/v2\/comments?post=96189"}],"wp:featuredmedia":[{"embeddable":true,"href":"https:\/\/baldumarket.lt\/lt\/wp-json\/wp\/v2\/media\/96190"}],"wp:attachment":[{"href":"https:\/\/baldumarket.lt\/lt\/wp-json\/wp\/v2\/media?parent=96189"}],"wp:term":[{"taxonomy":"product_brand","embeddable":true,"href":"https:\/\/baldumarket.lt\/lt\/wp-json\/wp\/v2\/product_brand?post=96189"},{"taxonomy":"product_cat","embeddable":true,"href":"https:\/\/baldumarket.lt\/lt\/wp-json\/wp\/v2\/product_cat?post=96189"},{"taxonomy":"product_tag","embeddable":true,"href":"https:\/\/baldumarket.lt\/lt\/wp-json\/wp\/v2\/product_tag?post=96189"}],"curies":[{"name":"wp","href":"https:\/\/api.w.org\/{rel}","templated":true}]}}