{"id":96180,"date":"2025-12-05T16:04:38","date_gmt":"2025-12-05T13:04:38","guid":{"rendered":"https:\/\/baldumarket.lt\/product\/avante-06-dab-windmill-mdf-cashmere-polysk-rtv-2d\/"},"modified":"2026-04-07T14:47:28","modified_gmt":"2026-04-07T11:47:28","slug":"avante-06-dab-windmill-mdf-cashmere-polysk-rtv-2d","status":"publish","type":"product","link":"https:\/\/baldumarket.lt\/lt\/product\/avante-06-dab-windmill-mdf-cashmere-polysk-rtv-2d\/","title":{"rendered":"Avante 06 v\u0117jo mal\u016bno \u0105\u017euolas \/ MDF ka\u0161myro blizgios &#8211; RTV 2D"},"content":{"rendered":"<p>\u201eAvante 06\u201c televizoriaus staliukas \u2013 puikus baldas j\u016bs\u0173 televizoriui ar patefonui. Dvi u\u017edaros ni\u0161os sukuria daug vietos daiktams susid\u0117ti, o atviros lentynos ir platus stalvir\u0161is leid\u017eia lengvai susitvarkyti multimedijos \u012frang\u0105.<\/p>\n<p>\u2022 Gra\u017eus dizainas ir i\u0161skirtinis funkcionalumas.<br \/>\n\u2022 \u0160velniai u\u017esidarantys vyriai.<\/p>","protected":false},"excerpt":{"rendered":"<p>The Avante 06 TV stand is the perfect piece of furniture for your TV or record player. Two enclosed niches create ample storage space, while open shelves and a wide top make it easy to organize your multimedia equipment. \u2022 Beautiful design and exceptional functionality. \u2022 Soft-close hinges.<\/p>","protected":false},"featured_media":96181,"comment_status":"open","ping_status":"open","template":"","meta":[],"product_brand":[],"product_cat":[2255,9214,1175],"product_tag":[],"class_list":{"0":"post-96180","1":"product","2":"type-product","3":"status-publish","4":"has-post-thumbnail","6":"product_cat-ml-meble","7":"product_cat-furniture-system-avante-ml-meble","8":"product_cat-tv-stands","10":"first","11":"instock","12":"purchasable","13":"product-type-simple"},"_links":{"self":[{"href":"https:\/\/baldumarket.lt\/lt\/wp-json\/wp\/v2\/product\/96180","targetHints":{"allow":["GET"]}}],"collection":[{"href":"https:\/\/baldumarket.lt\/lt\/wp-json\/wp\/v2\/product"}],"about":[{"href":"https:\/\/baldumarket.lt\/lt\/wp-json\/wp\/v2\/types\/product"}],"replies":[{"embeddable":true,"href":"https:\/\/baldumarket.lt\/lt\/wp-json\/wp\/v2\/comments?post=96180"}],"wp:featuredmedia":[{"embeddable":true,"href":"https:\/\/baldumarket.lt\/lt\/wp-json\/wp\/v2\/media\/96181"}],"wp:attachment":[{"href":"https:\/\/baldumarket.lt\/lt\/wp-json\/wp\/v2\/media?parent=96180"}],"wp:term":[{"taxonomy":"product_brand","embeddable":true,"href":"https:\/\/baldumarket.lt\/lt\/wp-json\/wp\/v2\/product_brand?post=96180"},{"taxonomy":"product_cat","embeddable":true,"href":"https:\/\/baldumarket.lt\/lt\/wp-json\/wp\/v2\/product_cat?post=96180"},{"taxonomy":"product_tag","embeddable":true,"href":"https:\/\/baldumarket.lt\/lt\/wp-json\/wp\/v2\/product_tag?post=96180"}],"curies":[{"name":"wp","href":"https:\/\/api.w.org\/{rel}","templated":true}]}}