{"id":96171,"date":"2025-12-05T16:04:29","date_gmt":"2025-12-05T13:04:29","guid":{"rendered":"https:\/\/baldumarket.lt\/product\/avante-01-dab-windmill-mdf-cashmere-polysk-szafa-2d\/"},"modified":"2026-04-07T15:16:10","modified_gmt":"2026-04-07T12:16:10","slug":"avante-01-dab-windmill-mdf-cashmere-polysk-szafa-2d","status":"publish","type":"product","link":"https:\/\/baldumarket.lt\/lt\/product\/avante-01-dab-windmill-mdf-cashmere-polysk-szafa-2d\/","title":{"rendered":"Avante 01 v\u0117jo mal\u016bno \u0105\u017euolas \/ MDF ka\u0161myro blizgi &#8211; 2D spinta"},"content":{"rendered":"<p>Dviej\u0173 dur\u0173 \u201eAvante 01\u201c spinta \u2013 puikus sprendimas drabu\u017eiams, aksesuarams ir nam\u0173 tekstilei laikyti. Tvirtas strypas, besit\u0119siantis per vis\u0105 spintos plot\u012f, leid\u017eia lengvai pakabinti paltus, kostium\u0117lius ar sukneles. Erdvios vir\u0161utin\u0117s ir apatin\u0117s ni\u0161os leid\u017eia laikyti tokius daiktus kaip patalyn\u0117 ar rank\u0161luos\u010diai. Rinkit\u0117s \u201eAvante\u201c spint\u0105 ir palaikykite tvark\u0105 savo interjere.<br \/>\n\u2022 Gra\u017eus dizainas ir i\u0161skirtinis funkcionalumas.<br \/>\n\u2022 Prakti\u0161kas strypas ir plati \u012fduba.<br \/>\n\u2022 \u0160velniai u\u017esidarantys vyriai.<\/p>","protected":false},"excerpt":{"rendered":"<p>The Avante 01 two-door wardrobe is a perfect solution for storing your clothes, accessories, and home textiles. A sturdy rod extending across the entire width of the wardrobe makes it easy to hang coats, suits, or dresses. The generously sized upper and lower recesses allow you to store items like bedding or towels. Choose the [&hellip;]<\/p>","protected":false},"featured_media":96172,"comment_status":"open","ping_status":"open","template":"","meta":[],"product_brand":[],"product_cat":[2255,9214,1177],"product_tag":[],"class_list":{"0":"post-96171","1":"product","2":"type-product","3":"status-publish","4":"has-post-thumbnail","6":"product_cat-ml-meble","7":"product_cat-furniture-system-avante-ml-meble","8":"product_cat-wardrobes","10":"first","11":"instock","12":"purchasable","13":"product-type-simple"},"_links":{"self":[{"href":"https:\/\/baldumarket.lt\/lt\/wp-json\/wp\/v2\/product\/96171","targetHints":{"allow":["GET"]}}],"collection":[{"href":"https:\/\/baldumarket.lt\/lt\/wp-json\/wp\/v2\/product"}],"about":[{"href":"https:\/\/baldumarket.lt\/lt\/wp-json\/wp\/v2\/types\/product"}],"replies":[{"embeddable":true,"href":"https:\/\/baldumarket.lt\/lt\/wp-json\/wp\/v2\/comments?post=96171"}],"wp:featuredmedia":[{"embeddable":true,"href":"https:\/\/baldumarket.lt\/lt\/wp-json\/wp\/v2\/media\/96172"}],"wp:attachment":[{"href":"https:\/\/baldumarket.lt\/lt\/wp-json\/wp\/v2\/media?parent=96171"}],"wp:term":[{"taxonomy":"product_brand","embeddable":true,"href":"https:\/\/baldumarket.lt\/lt\/wp-json\/wp\/v2\/product_brand?post=96171"},{"taxonomy":"product_cat","embeddable":true,"href":"https:\/\/baldumarket.lt\/lt\/wp-json\/wp\/v2\/product_cat?post=96171"},{"taxonomy":"product_tag","embeddable":true,"href":"https:\/\/baldumarket.lt\/lt\/wp-json\/wp\/v2\/product_tag?post=96171"}],"curies":[{"name":"wp","href":"https:\/\/api.w.org\/{rel}","templated":true}]}}