{"id":96160,"date":"2025-12-05T16:04:20","date_gmt":"2025-12-05T13:04:20","guid":{"rendered":"https:\/\/baldumarket.lt\/product\/avante-03-dab-windmill-mdf-cashmere-polysk-witryna-2d\/"},"modified":"2026-04-07T14:47:28","modified_gmt":"2026-04-07T11:47:28","slug":"avante-03-dab-windmill-mdf-cashmere-polysk-witryna-2d","status":"publish","type":"product","link":"https:\/\/baldumarket.lt\/lt\/product\/avante-03-dab-windmill-mdf-cashmere-polysk-witryna-2d\/","title":{"rendered":"Avante 03 v\u0117jo mal\u016bno \u0105\u017euolas \/ MDF ka\u0161myro blizgios spalvos \u2013 2D vitrina"},"content":{"rendered":"<p>\u201eAvante 03\u201c vitrina \u2013 tai baldas, leid\u017eiantis laikyti ir eksponuoti m\u0117gstamiausius daiktus. Ji padalinta \u012f kelias zonas. Apatin\u0119 dal\u012f sudaro dvi pla\u010dios ni\u0161os, pasl\u0117ptos nuo sve\u010di\u0173 aki\u0173. Jos puikiai tinka stalties\u0117ms ar rank\u0161luos\u010diams laikyti. Kita dalis \u2013 erdv\u0117 u\u017e stiklo plok\u0161\u010di\u0173, kurioje galite eksponuoti m\u0117gstamus porcelianinius puodelius ar gra\u017eius, stilingus stalo \u012frankius. Dar viena rakinama erdv\u0117, puikiai tinkanti dokumentams ar nam\u0173 tekstilei, u\u017ebaigia bald\u0105. Pasirinkite \u201eAvante\u201c vitrin\u0105 ir palaikykite tvark\u0105 savo interjere.<\/p>\n<p>\u2022 Gra\u017eus dizainas ir i\u0161skirtinis funkcionalumas.<br \/>\n\u2022 Foninis ap\u0161vietimas galimas kaip papildoma \u012franga.<br \/>\n\u2022 \u0160velniai u\u017esidarantys vyriai.<\/p>","protected":false},"excerpt":{"rendered":"<p>\u201eAvante 03\u201c vitrina \u2013 tai baldas, leid\u017eiantis laikyti ir eksponuoti m\u0117gstamiausius daiktus. Ji padalinta \u012f kelias zonas. Apatin\u0119 dal\u012f sudaro dvi pla\u010dios ni\u0161os, pasl\u0117ptos nuo sve\u010di\u0173 aki\u0173. Jos puikiai tinka stalties\u0117ms ar rank\u0161luos\u010diams laikyti. Kita dalis yra u\u017e [\u2026]<\/p>","protected":false},"featured_media":96161,"comment_status":"open","ping_status":"open","template":"","meta":[],"product_brand":[],"product_cat":[1173,2255,9214],"product_tag":[],"class_list":{"0":"post-96160","1":"product","2":"type-product","3":"status-publish","4":"has-post-thumbnail","6":"product_cat-chests-of-drawers","7":"product_cat-ml-meble","8":"product_cat-furniture-system-avante-ml-meble","10":"first","11":"instock","12":"purchasable","13":"product-type-simple"},"_links":{"self":[{"href":"https:\/\/baldumarket.lt\/lt\/wp-json\/wp\/v2\/product\/96160","targetHints":{"allow":["GET"]}}],"collection":[{"href":"https:\/\/baldumarket.lt\/lt\/wp-json\/wp\/v2\/product"}],"about":[{"href":"https:\/\/baldumarket.lt\/lt\/wp-json\/wp\/v2\/types\/product"}],"replies":[{"embeddable":true,"href":"https:\/\/baldumarket.lt\/lt\/wp-json\/wp\/v2\/comments?post=96160"}],"wp:featuredmedia":[{"embeddable":true,"href":"https:\/\/baldumarket.lt\/lt\/wp-json\/wp\/v2\/media\/96161"}],"wp:attachment":[{"href":"https:\/\/baldumarket.lt\/lt\/wp-json\/wp\/v2\/media?parent=96160"}],"wp:term":[{"taxonomy":"product_brand","embeddable":true,"href":"https:\/\/baldumarket.lt\/lt\/wp-json\/wp\/v2\/product_brand?post=96160"},{"taxonomy":"product_cat","embeddable":true,"href":"https:\/\/baldumarket.lt\/lt\/wp-json\/wp\/v2\/product_cat?post=96160"},{"taxonomy":"product_tag","embeddable":true,"href":"https:\/\/baldumarket.lt\/lt\/wp-json\/wp\/v2\/product_tag?post=96160"}],"curies":[{"name":"wp","href":"https:\/\/api.w.org\/{rel}","templated":true}]}}