{"id":96147,"date":"2025-12-05T16:04:09","date_gmt":"2025-12-05T13:04:09","guid":{"rendered":"https:\/\/baldumarket.lt\/product\/dunea-02-cashmere-dab-cremona-torro-witryna-1d1w\/"},"modified":"2026-04-07T13:39:59","modified_gmt":"2026-04-07T10:39:59","slug":"dunea-02-cashmere-dab-cremona-torro-witryna-1d1w","status":"publish","type":"product","link":"https:\/\/baldumarket.lt\/lt\/produktas\/dunea-02-cashmere-dab-cremona-torro-witryna-1d1w\/","title":{"rendered":"Dunea 02 ka\u0161myras \/ cremona \u0105\u017euolo torro \u2013 vitrinin\u0117 spinta 1D1W"},"content":{"rendered":"<p>\u201eDunea 02\u201c vitrina \u2013 tai baldas, leid\u017eiantis laikyti ir eksponuoti m\u0117gstamiausius daiktus. Ji padalinta \u012f dvi u\u017edaras dalis. Apatin\u0117 dalis pasl\u0117pta nuo sve\u010di\u0173 aki\u0173. Joje galite laikyti staltieses ar rank\u0161luos\u010dius. Vir\u0161utin\u0117 dalis padalinta dviem stiklin\u0117mis lentynomis, sukuriant tris ni\u0161as. Stiklin\u0117s durys leid\u017eia eksponuoti m\u0117gstamus porcelianinius puodelius ar gra\u017eius, stilingus stalo \u012frankius. Rinkit\u0117s \u201eDunea\u201c vitrin\u0105 ir sutvarkykite savo interjer\u0105.<\/p>\n<p>\u2022 Funkcional\u016bs baldai su gra\u017eiu dizainu.<br \/>\n\u2022 Vitrinos ap\u0161vietimas galimas kaip papildoma \u012franga.<br \/>\n\u2022 Patvarios metalin\u0117s kojel\u0117s.<br \/>\n\u2022 \u0160velniai u\u017esidarantys vyriai.<\/p>","protected":false},"excerpt":{"rendered":"<p>\u201eDunea 02\u201c vitrina \u2013 tai baldas, leid\u017eiantis laikyti ir eksponuoti m\u0117gstamiausius daiktus. Ji padalinta \u012f dvi u\u017edaras dalis. Apatin\u0117 dalis pasl\u0117pta nuo sve\u010di\u0173 aki\u0173. Joje galite laikyti staltieses ar rank\u0161luos\u010dius. Vir\u0161utin\u0117 dalis padalinta dviem stiklin\u0117mis lentynomis, sukuriant tris ni\u0161as. [\u2026]<\/p>","protected":false},"featured_media":96148,"comment_status":"open","ping_status":"open","template":"","meta":[],"product_brand":[],"product_cat":[2255,9215,2006],"product_tag":[],"class_list":{"0":"post-96147","1":"product","2":"type-product","3":"status-publish","4":"has-post-thumbnail","6":"product_cat-ml-meble","7":"product_cat-furniture-system-dunea-ml-meble","8":"product_cat-vitrines","10":"first","11":"instock","12":"purchasable","13":"product-type-simple"},"_links":{"self":[{"href":"https:\/\/baldumarket.lt\/lt\/wp-json\/wp\/v2\/product\/96147","targetHints":{"allow":["GET"]}}],"collection":[{"href":"https:\/\/baldumarket.lt\/lt\/wp-json\/wp\/v2\/product"}],"about":[{"href":"https:\/\/baldumarket.lt\/lt\/wp-json\/wp\/v2\/types\/product"}],"replies":[{"embeddable":true,"href":"https:\/\/baldumarket.lt\/lt\/wp-json\/wp\/v2\/comments?post=96147"}],"wp:featuredmedia":[{"embeddable":true,"href":"https:\/\/baldumarket.lt\/lt\/wp-json\/wp\/v2\/media\/96148"}],"wp:attachment":[{"href":"https:\/\/baldumarket.lt\/lt\/wp-json\/wp\/v2\/media?parent=96147"}],"wp:term":[{"taxonomy":"product_brand","embeddable":true,"href":"https:\/\/baldumarket.lt\/lt\/wp-json\/wp\/v2\/product_brand?post=96147"},{"taxonomy":"product_cat","embeddable":true,"href":"https:\/\/baldumarket.lt\/lt\/wp-json\/wp\/v2\/product_cat?post=96147"},{"taxonomy":"product_tag","embeddable":true,"href":"https:\/\/baldumarket.lt\/lt\/wp-json\/wp\/v2\/product_tag?post=96147"}],"curies":[{"name":"wp","href":"https:\/\/api.w.org\/{rel}","templated":true}]}}