{"id":96138,"date":"2025-12-05T16:04:01","date_gmt":"2025-12-05T13:04:01","guid":{"rendered":"https:\/\/baldumarket.lt\/product\/dunea-01-cashmere-dab-cremona-torro-szafa-4d\/"},"modified":"2026-04-07T15:16:10","modified_gmt":"2026-04-07T12:16:10","slug":"dunea-01-cashmere-dab-cremona-torro-szafa-4d","status":"publish","type":"product","link":"https:\/\/baldumarket.lt\/lt\/product\/dunea-01-cashmere-dab-cremona-torro-szafa-4d\/","title":{"rendered":"Dunea 01 ka\u0161myras \/ cremona torro \u0105\u017euolas \u2013 4D spinta"},"content":{"rendered":"<p>Keturi\u0173 dur\u0173 \u201eDunea 01\u201c spinta \u2013 puikus sprendimas drabu\u017eiams, aksesuarams ir nam\u0173 tekstilei laikyti. Tvirtas strypas, besit\u0119siantis per vis\u0105 spintos plot\u012f, leid\u017eia lengvai pakabinti paltus, kostiumus ar sukneles. Erdvi apatin\u0117 ni\u0161a leid\u017eia laikyti tokius daiktus kaip patalyn\u0117 ar rank\u0161luos\u010diai. Rinkit\u0117s \u201eDunea\u201c spint\u0105 ir palaikykite tvark\u0105 savo interjere.<br \/>\n\u2022 Funkcional\u016bs baldai su gra\u017eiu dizainu.<br \/>\n\u2022 Prakti\u0161kas strypas ir plati \u012fduba.<br \/>\n\u2022 Patvarios metalin\u0117s kojel\u0117s.<br \/>\n\u2022 \u0160velniai u\u017esidarantys vyriai.<\/p>","protected":false},"excerpt":{"rendered":"<p>Keturi\u0173 dur\u0173 \u201eDunea 01\u201c spinta \u2013 puikus sprendimas drabu\u017eiams, aksesuarams ir nam\u0173 tekstilei laikyti. Tvirtas strypas, besit\u0119siantis per vis\u0105 spintos plot\u012f, leid\u017eia lengvai pakabinti paltus, kostiumus ar sukneles. Erdvi apatin\u0117 ni\u0161a leid\u017eia laikyti tokius daiktus kaip patalyn\u0117 ar rank\u0161luos\u010diai. Rinkit\u0117s \u201eDunea\u201c spint\u0105 ir [\u2026]<\/p>","protected":false},"featured_media":96139,"comment_status":"open","ping_status":"open","template":"","meta":[],"product_brand":[],"product_cat":[2255,9215,1177],"product_tag":[],"class_list":{"0":"post-96138","1":"product","2":"type-product","3":"status-publish","4":"has-post-thumbnail","6":"product_cat-ml-meble","7":"product_cat-furniture-system-dunea-ml-meble","8":"product_cat-wardrobes","10":"first","11":"instock","12":"purchasable","13":"product-type-simple"},"_links":{"self":[{"href":"https:\/\/baldumarket.lt\/lt\/wp-json\/wp\/v2\/product\/96138","targetHints":{"allow":["GET"]}}],"collection":[{"href":"https:\/\/baldumarket.lt\/lt\/wp-json\/wp\/v2\/product"}],"about":[{"href":"https:\/\/baldumarket.lt\/lt\/wp-json\/wp\/v2\/types\/product"}],"replies":[{"embeddable":true,"href":"https:\/\/baldumarket.lt\/lt\/wp-json\/wp\/v2\/comments?post=96138"}],"wp:featuredmedia":[{"embeddable":true,"href":"https:\/\/baldumarket.lt\/lt\/wp-json\/wp\/v2\/media\/96139"}],"wp:attachment":[{"href":"https:\/\/baldumarket.lt\/lt\/wp-json\/wp\/v2\/media?parent=96138"}],"wp:term":[{"taxonomy":"product_brand","embeddable":true,"href":"https:\/\/baldumarket.lt\/lt\/wp-json\/wp\/v2\/product_brand?post=96138"},{"taxonomy":"product_cat","embeddable":true,"href":"https:\/\/baldumarket.lt\/lt\/wp-json\/wp\/v2\/product_cat?post=96138"},{"taxonomy":"product_tag","embeddable":true,"href":"https:\/\/baldumarket.lt\/lt\/wp-json\/wp\/v2\/product_tag?post=96138"}],"curies":[{"name":"wp","href":"https:\/\/api.w.org\/{rel}","templated":true}]}}