{"id":96129,"date":"2025-12-05T16:03:52","date_gmt":"2025-12-05T13:03:52","guid":{"rendered":"https:\/\/baldumarket.lt\/product\/dunea-04-cashmere-dab-cremona-torro-komoda-4d\/"},"modified":"2026-04-07T15:16:10","modified_gmt":"2026-04-07T12:16:10","slug":"dunea-04-cashmere-dab-cremona-torro-komoda-4d","status":"publish","type":"product","link":"https:\/\/baldumarket.lt\/lt\/produktas\/dunea-04-cashmere-dab-cremona-torro-komoda-4d\/","title":{"rendered":"Dunea 04 ka\u0161myro \/ kremonos \u0105\u017euolo spalvos torro komoda \u2013 4D komoda"},"content":{"rendered":"<p>Auk\u0161ta komoda \u201eDunea 04\u201c \u2013 puikus daikt\u0173 laikymo sprendimas. U\u017e dureli\u0173 yra trys erdv\u016bs skyriai drabu\u017eiams, rank\u0161luos\u010diams ir kitiems nam\u0173 tekstil\u0117s gaminiams laikyti. Auk\u0161tas stalvir\u0161is \u2013 puiki vieta eleganti\u0161koms vazoms ar kelioni\u0173 suvenyrams eksponuoti. Rinkit\u0117s \u201eDunea\u201c komod\u0105 ir palaikykite tvark\u0105 savo nam\u0173 viduje.<br \/>\n\u2022 Funkcional\u016bs baldai su gra\u017eiu dizainu.<br \/>\n\u2022 Patvarios metalin\u0117s kojel\u0117s.<br \/>\n\u2022 \u0160velniai u\u017esidarantys vyriai.<\/p>","protected":false},"excerpt":{"rendered":"<p>Auk\u0161ta komoda \u201eDunea 04\u201c \u2013 puikus daikt\u0173 laikymo sprendimas. U\u017e dureli\u0173 yra trys erdv\u016bs skyriai drabu\u017eiams, rank\u0161luos\u010diams ir kitiems nam\u0173 tekstil\u0117s gaminiams laikyti. Auk\u0161tas stalvir\u0161is \u2013 puiki vieta eleganti\u0161koms vazoms ar kelioni\u0173 suvenyrams eksponuoti. Pasirinkite \u201eDunea\u201c komod\u0105 ir palaikykite tvark\u0105 savo interjere. \u2022 Funkciniai baldai [\u2026]<\/p>","protected":false},"featured_media":96130,"comment_status":"open","ping_status":"open","template":"","meta":[],"product_brand":[],"product_cat":[2255,9215,1177],"product_tag":[],"class_list":{"0":"post-96129","1":"product","2":"type-product","3":"status-publish","4":"has-post-thumbnail","6":"product_cat-ml-meble","7":"product_cat-furniture-system-dunea-ml-meble","8":"product_cat-wardrobes","10":"first","11":"instock","12":"purchasable","13":"product-type-simple"},"_links":{"self":[{"href":"https:\/\/baldumarket.lt\/lt\/wp-json\/wp\/v2\/product\/96129","targetHints":{"allow":["GET"]}}],"collection":[{"href":"https:\/\/baldumarket.lt\/lt\/wp-json\/wp\/v2\/product"}],"about":[{"href":"https:\/\/baldumarket.lt\/lt\/wp-json\/wp\/v2\/types\/product"}],"replies":[{"embeddable":true,"href":"https:\/\/baldumarket.lt\/lt\/wp-json\/wp\/v2\/comments?post=96129"}],"wp:featuredmedia":[{"embeddable":true,"href":"https:\/\/baldumarket.lt\/lt\/wp-json\/wp\/v2\/media\/96130"}],"wp:attachment":[{"href":"https:\/\/baldumarket.lt\/lt\/wp-json\/wp\/v2\/media?parent=96129"}],"wp:term":[{"taxonomy":"product_brand","embeddable":true,"href":"https:\/\/baldumarket.lt\/lt\/wp-json\/wp\/v2\/product_brand?post=96129"},{"taxonomy":"product_cat","embeddable":true,"href":"https:\/\/baldumarket.lt\/lt\/wp-json\/wp\/v2\/product_cat?post=96129"},{"taxonomy":"product_tag","embeddable":true,"href":"https:\/\/baldumarket.lt\/lt\/wp-json\/wp\/v2\/product_tag?post=96129"}],"curies":[{"name":"wp","href":"https:\/\/api.w.org\/{rel}","templated":true}]}}