{"id":96094,"date":"2025-12-05T16:03:21","date_gmt":"2025-12-05T13:03:21","guid":{"rendered":"https:\/\/baldumarket.lt\/product\/dunea-06-cashmere-dab-cremona-torro-komoda-2d2s\/"},"modified":"2026-04-07T13:39:49","modified_gmt":"2026-04-07T10:39:49","slug":"dunea-06-cashmere-dab-cremona-torro-komoda-2d2s","status":"publish","type":"product","link":"https:\/\/baldumarket.lt\/lt\/product\/dunea-06-cashmere-dab-cremona-torro-komoda-2d2s\/","title":{"rendered":"Dunea 06 ka\u0161myro \/ kremonos \u0105\u017euolo torro \u2013 2D2S komoda"},"content":{"rendered":"<p>Kompakti\u0161ka komoda \u201eDunea 06\u201c \u2013 puikus sprendimas daikt\u0173 laikymui. U\u017e dureli\u0173 yra keturi erdv\u016bs skyriai, puikiai tinkantys drabu\u017eiams, rank\u0161luos\u010diams ir stalo \u012frankiams laikyti. Vir\u0161utin\u0117je dalyje yra du stal\u010diai, puikiai tinkantys dokumentams ar nam\u0173 tekstilei. Platus stal\u010dius puikiai tinka eleganti\u0161koms vazoms ar kelioni\u0173 suvenyrams eksponuoti. Rinkit\u0117s \u201eDunea\u201c komod\u0105 ir palaikykite tvark\u0105 savo interjere.<br \/>\n\u2022 Funkcional\u016bs baldai su gra\u017eiu dizainu.<br \/>\n\u2022 Pilno i\u0161traukimo stal\u010diai.<br \/>\n\u2022 Patvarios metalin\u0117s kojel\u0117s.<br \/>\n\u2022 \u0160velniai u\u017esidarantys vyriai.<\/p>","protected":false},"excerpt":{"rendered":"<p>Kompakti\u0161ka komoda \u201eDunea 06\u201c \u2013 puikus sprendimas daiktams susid\u0117ti. U\u017e dureli\u0173 yra keturi erdv\u016bs skyriai, puikiai tinkantys drabu\u017eiams, rank\u0161luos\u010diams ir stalo \u012frankiams laikyti. Vir\u0161utin\u0117je dalyje yra du stal\u010diai, puikiai tinkantys dokumentams ar nam\u0173 tekstilei. Platus stalvir\u0161is \u2013 puiki vieta eleganti\u0161koms vazoms ar kelioni\u0173 suvenyrams eksponuoti. Rinkit\u0117s \u201eDunea\u201c komod\u0105 [\u2026]<\/p>","protected":false},"featured_media":96095,"comment_status":"open","ping_status":"open","template":"","meta":[],"product_brand":[],"product_cat":[1173,2255,9215],"product_tag":[],"class_list":{"0":"post-96094","1":"product","2":"type-product","3":"status-publish","4":"has-post-thumbnail","6":"product_cat-chests-of-drawers","7":"product_cat-ml-meble","8":"product_cat-furniture-system-dunea-ml-meble","10":"first","11":"instock","12":"purchasable","13":"product-type-simple"},"_links":{"self":[{"href":"https:\/\/baldumarket.lt\/lt\/wp-json\/wp\/v2\/product\/96094","targetHints":{"allow":["GET"]}}],"collection":[{"href":"https:\/\/baldumarket.lt\/lt\/wp-json\/wp\/v2\/product"}],"about":[{"href":"https:\/\/baldumarket.lt\/lt\/wp-json\/wp\/v2\/types\/product"}],"replies":[{"embeddable":true,"href":"https:\/\/baldumarket.lt\/lt\/wp-json\/wp\/v2\/comments?post=96094"}],"wp:featuredmedia":[{"embeddable":true,"href":"https:\/\/baldumarket.lt\/lt\/wp-json\/wp\/v2\/media\/96095"}],"wp:attachment":[{"href":"https:\/\/baldumarket.lt\/lt\/wp-json\/wp\/v2\/media?parent=96094"}],"wp:term":[{"taxonomy":"product_brand","embeddable":true,"href":"https:\/\/baldumarket.lt\/lt\/wp-json\/wp\/v2\/product_brand?post=96094"},{"taxonomy":"product_cat","embeddable":true,"href":"https:\/\/baldumarket.lt\/lt\/wp-json\/wp\/v2\/product_cat?post=96094"},{"taxonomy":"product_tag","embeddable":true,"href":"https:\/\/baldumarket.lt\/lt\/wp-json\/wp\/v2\/product_tag?post=96094"}],"curies":[{"name":"wp","href":"https:\/\/api.w.org\/{rel}","templated":true}]}}