{"id":96084,"date":"2025-12-05T16:03:11","date_gmt":"2025-12-05T13:03:11","guid":{"rendered":"https:\/\/baldumarket.lt\/product\/freshion-02-cashmere-czarny-witryna-1d1w\/"},"modified":"2026-04-07T13:39:49","modified_gmt":"2026-04-07T10:39:49","slug":"freshion-02-cashmere-czarny-witryna-1d1w","status":"publish","type":"product","link":"https:\/\/baldumarket.lt\/lt\/product\/freshion-02-cashmere-czarny-witryna-1d1w\/","title":{"rendered":"\u201eFreshion 02\u201c ka\u0161myro\/juodos spalvos vitrina 1D1W"},"content":{"rendered":"<p>Freshion 02<br \/>\n\u201eFreshion 02\u201c vitrina \u2013 tai baldas, leid\u017eiantis laikyti ir eksponuoti m\u0117gstamiausius daiktus. Vidus padalintas \u012f a\u0161tuonis erdvius skyrius. Kair\u0117je spintel\u0117s pus\u0117je, u\u017edaromoje per vis\u0105 ilg\u012f einan\u010diomis durel\u0117mis, galima laikyti staltieses, rank\u0161luos\u010dius ar dokumentus. De\u0161in\u0117je spintel\u0117s pus\u0117je yra durel\u0117mis, pagamintomis i\u0161 dekoratyvinio, tekst\u016bruoto stiklo. \u0160is briaunotas dizainas efektyviai lau\u017eia \u0161vies\u0105. U\u017e jo eksponuojam\u0173 daikt\u0173 vaizdas gra\u017eiai prasiskverbia pro unikaliai briaunuot\u0105 med\u017eiag\u0105.<br \/>\n\u2022 Funkcionalus baldas su gra\u017eiu dizainu.<br \/>\n\u2022 Patogus atidarymas su patogia rankena.<br \/>\n\u2022 Auk\u0161tos, eleganti\u0161kos kojos.<br \/>\n\u2022 \u0160velnus u\u017edarymas.<\/p>","protected":false},"excerpt":{"rendered":"<p>\u201eFreshion 02\u201c \u201eFreshion 02\u201c vitrina \u2013 tai baldas, leid\u017eiantis laikyti ir eksponuoti m\u0117gstamiausius daiktus. Vidus padalintas \u012f a\u0161tuonis erdvius skyrius. Kair\u0117je spintel\u0117s pus\u0117je, u\u017edaromoje per vis\u0105 ilg\u012f einan\u010diomis durel\u0117mis, galima laikyti staltieses, rank\u0161luos\u010dius ar dokumentus. De\u0161in\u0117je spintel\u0117s pus\u0117je yra [\u2026]<\/p>","protected":false},"featured_media":96085,"comment_status":"open","ping_status":"open","template":"","meta":[],"product_brand":[],"product_cat":[2255,9218,2006],"product_tag":[],"class_list":{"0":"post-96084","1":"product","2":"type-product","3":"status-publish","4":"has-post-thumbnail","6":"product_cat-ml-meble","7":"product_cat-furniture-system-freshion-ml-meble","8":"product_cat-vitrines","10":"first","11":"instock","12":"purchasable","13":"product-type-simple"},"_links":{"self":[{"href":"https:\/\/baldumarket.lt\/lt\/wp-json\/wp\/v2\/product\/96084","targetHints":{"allow":["GET"]}}],"collection":[{"href":"https:\/\/baldumarket.lt\/lt\/wp-json\/wp\/v2\/product"}],"about":[{"href":"https:\/\/baldumarket.lt\/lt\/wp-json\/wp\/v2\/types\/product"}],"replies":[{"embeddable":true,"href":"https:\/\/baldumarket.lt\/lt\/wp-json\/wp\/v2\/comments?post=96084"}],"wp:featuredmedia":[{"embeddable":true,"href":"https:\/\/baldumarket.lt\/lt\/wp-json\/wp\/v2\/media\/96085"}],"wp:attachment":[{"href":"https:\/\/baldumarket.lt\/lt\/wp-json\/wp\/v2\/media?parent=96084"}],"wp:term":[{"taxonomy":"product_brand","embeddable":true,"href":"https:\/\/baldumarket.lt\/lt\/wp-json\/wp\/v2\/product_brand?post=96084"},{"taxonomy":"product_cat","embeddable":true,"href":"https:\/\/baldumarket.lt\/lt\/wp-json\/wp\/v2\/product_cat?post=96084"},{"taxonomy":"product_tag","embeddable":true,"href":"https:\/\/baldumarket.lt\/lt\/wp-json\/wp\/v2\/product_tag?post=96084"}],"curies":[{"name":"wp","href":"https:\/\/api.w.org\/{rel}","templated":true}]}}