{"id":96075,"date":"2025-12-05T16:03:03","date_gmt":"2025-12-05T13:03:03","guid":{"rendered":"https:\/\/baldumarket.lt\/product\/freshion-01-cashmere-czarny-szafa-2d\/"},"modified":"2026-04-07T15:16:10","modified_gmt":"2026-04-07T12:16:10","slug":"freshion-01-cashmere-czarny-szafa-2d","status":"publish","type":"product","link":"https:\/\/baldumarket.lt\/lt\/product\/freshion-01-cashmere-czarny-szafa-2d\/","title":{"rendered":"\u201eFreshion 01\u201c ka\u0161myro\/juodos spalvos \u2013 2D spinta"},"content":{"rendered":"<p>Dviej\u0173 dur\u0173 \u201eFreshion 01\u201c spinta \u2013 puikus sprendimas drabu\u017eiams, aksesuarams ir kitiems nam\u0173 tekstil\u0117s gaminiams laikyti. Tvirtas b\u0117gelis, einantis per vis\u0105 spintos plot\u012f, leid\u017eia lengvai laikyti paltus, kostiumus ir sukneles. Erdvios vir\u0161utin\u0117s ir apatin\u0117s lentynos suteikia pakankamai vietos patalynei ir rank\u0161luos\u010diams. \u201eFreshion 01\u201c spinta pad\u0117s palaikyti tvark\u0105 j\u016bs\u0173 interjere ir suteiks daugiau kasdienio komforto.<br \/>\n\u2022 Funkcionalus baldas su gra\u017eiu dizainu.<br \/>\n\u2022 Patogus dur\u0173 atidarymas paspaudus.<br \/>\n\u2022 Prakti\u0161kas b\u0117gelis ir lentynos.<br \/>\n\u2022 Auk\u0161tos, eleganti\u0161kos kojos.<\/p>","protected":false},"excerpt":{"rendered":"<p>Dviej\u0173 dur\u0173 \u201eFreshion 01\u201c spinta \u2013 puikus sprendimas drabu\u017eiams, aksesuarams ir kitiems nam\u0173 tekstil\u0117s gaminiams laikyti. Tvirtas b\u0117gelis, einantis per vis\u0105 spintos plot\u012f, leid\u017eia lengvai laikyti paltus, kostiumus ir sukneles. Erdvios vir\u0161utin\u0117s ir apatin\u0117s lentynos suteikia pakankamai vietos patalynei ir rank\u0161luos\u010diams. \u201eFreshion 01\u201c spinta [\u2026]<\/p>","protected":false},"featured_media":96076,"comment_status":"open","ping_status":"open","template":"","meta":[],"product_brand":[],"product_cat":[2255,9218,1177],"product_tag":[],"class_list":{"0":"post-96075","1":"product","2":"type-product","3":"status-publish","4":"has-post-thumbnail","6":"product_cat-ml-meble","7":"product_cat-furniture-system-freshion-ml-meble","8":"product_cat-wardrobes","10":"first","11":"instock","12":"purchasable","13":"product-type-simple"},"_links":{"self":[{"href":"https:\/\/baldumarket.lt\/lt\/wp-json\/wp\/v2\/product\/96075","targetHints":{"allow":["GET"]}}],"collection":[{"href":"https:\/\/baldumarket.lt\/lt\/wp-json\/wp\/v2\/product"}],"about":[{"href":"https:\/\/baldumarket.lt\/lt\/wp-json\/wp\/v2\/types\/product"}],"replies":[{"embeddable":true,"href":"https:\/\/baldumarket.lt\/lt\/wp-json\/wp\/v2\/comments?post=96075"}],"wp:featuredmedia":[{"embeddable":true,"href":"https:\/\/baldumarket.lt\/lt\/wp-json\/wp\/v2\/media\/96076"}],"wp:attachment":[{"href":"https:\/\/baldumarket.lt\/lt\/wp-json\/wp\/v2\/media?parent=96075"}],"wp:term":[{"taxonomy":"product_brand","embeddable":true,"href":"https:\/\/baldumarket.lt\/lt\/wp-json\/wp\/v2\/product_brand?post=96075"},{"taxonomy":"product_cat","embeddable":true,"href":"https:\/\/baldumarket.lt\/lt\/wp-json\/wp\/v2\/product_cat?post=96075"},{"taxonomy":"product_tag","embeddable":true,"href":"https:\/\/baldumarket.lt\/lt\/wp-json\/wp\/v2\/product_tag?post=96075"}],"curies":[{"name":"wp","href":"https:\/\/api.w.org\/{rel}","templated":true}]}}