{"id":96052,"date":"2025-12-05T16:02:43","date_gmt":"2025-12-05T13:02:43","guid":{"rendered":"https:\/\/baldumarket.lt\/product\/freshion-03-cashmere-czarny-komoda-2d3s\/"},"modified":"2026-04-07T13:39:49","modified_gmt":"2026-04-07T10:39:49","slug":"freshion-03-cashmere-czarny-komoda-2d3s","status":"publish","type":"product","link":"https:\/\/baldumarket.lt\/lt\/product\/freshion-03-cashmere-czarny-komoda-2d3s\/","title":{"rendered":"Freshion 03 ka\u0161myro\/juodos spalvos komoda 2D3S"},"content":{"rendered":"<p>Didel\u0117 komoda \u201eFreshion 03\u201c \u2013 puikus daikt\u0173 laikymo sprendimas. U\u017e dvigub\u0173 dur\u0173 yra dvi erdvios ni\u0161os, puikiai tinkan\u010dios drabu\u017eiams, rank\u0161luos\u010diams ir stalo \u012frankiams laikyti. Antroje spintel\u0117s dalyje yra trys plat\u016bs stal\u010diai, puikiai tinkantys stalties\u0117ms ir patalynei. Platus stalvir\u0161is puikiai tinka eleganti\u0161koms vazoms ar kelioni\u0173 suvenyrams eksponuoti.<br \/>\n\u2022 Funkcionalus, gra\u017eaus dizaino daiktas.<br \/>\n\u2022 Patogus atidarymas ranka ir paspaudimas.<br \/>\n\u2022 Stal\u010diai su pilno i\u0161traukimo funkcija ir sutvirtintais dugnais.<br \/>\n\u2022 Auk\u0161tos, eleganti\u0161kos kojos.<br \/>\n\u2022 \u0160velnus u\u017edarymas.<\/p>","protected":false},"excerpt":{"rendered":"<p>Didel\u0117 komoda \u201eFreshion 03\u201c \u2013 puikus daikt\u0173 laikymo sprendimas. U\u017e dvigub\u0173 dur\u0173 yra dvi erdvios ni\u0161os, puikiai tinkan\u010dios drabu\u017eiams, rank\u0161luos\u010diams ir stalo \u012frankiams laikyti. Antroje spintel\u0117s dalyje yra trys plat\u016bs stal\u010diai, puikiai tinkantys stalties\u0117ms ir patalynei. Platus stalvir\u0161is puikiai tinka eleganti\u0161koms vazoms ar kelioni\u0173 suvenyrams eksponuoti. \u2022 [\u2026]<\/p>","protected":false},"featured_media":96053,"comment_status":"open","ping_status":"open","template":"","meta":[],"product_brand":[],"product_cat":[1173,2255,9218],"product_tag":[],"class_list":{"0":"post-96052","1":"product","2":"type-product","3":"status-publish","4":"has-post-thumbnail","6":"product_cat-chests-of-drawers","7":"product_cat-ml-meble","8":"product_cat-furniture-system-freshion-ml-meble","10":"first","11":"instock","12":"purchasable","13":"product-type-simple"},"_links":{"self":[{"href":"https:\/\/baldumarket.lt\/lt\/wp-json\/wp\/v2\/product\/96052","targetHints":{"allow":["GET"]}}],"collection":[{"href":"https:\/\/baldumarket.lt\/lt\/wp-json\/wp\/v2\/product"}],"about":[{"href":"https:\/\/baldumarket.lt\/lt\/wp-json\/wp\/v2\/types\/product"}],"replies":[{"embeddable":true,"href":"https:\/\/baldumarket.lt\/lt\/wp-json\/wp\/v2\/comments?post=96052"}],"wp:featuredmedia":[{"embeddable":true,"href":"https:\/\/baldumarket.lt\/lt\/wp-json\/wp\/v2\/media\/96053"}],"wp:attachment":[{"href":"https:\/\/baldumarket.lt\/lt\/wp-json\/wp\/v2\/media?parent=96052"}],"wp:term":[{"taxonomy":"product_brand","embeddable":true,"href":"https:\/\/baldumarket.lt\/lt\/wp-json\/wp\/v2\/product_brand?post=96052"},{"taxonomy":"product_cat","embeddable":true,"href":"https:\/\/baldumarket.lt\/lt\/wp-json\/wp\/v2\/product_cat?post=96052"},{"taxonomy":"product_tag","embeddable":true,"href":"https:\/\/baldumarket.lt\/lt\/wp-json\/wp\/v2\/product_tag?post=96052"}],"curies":[{"name":"wp","href":"https:\/\/api.w.org\/{rel}","templated":true}]}}