{"id":96041,"date":"2025-12-05T16:02:33","date_gmt":"2025-12-05T13:02:33","guid":{"rendered":"https:\/\/baldumarket.lt\/product\/mevel-05-piasek-pustyni-szary-pallad-komoda-1d3s\/"},"modified":"2026-02-03T23:53:43","modified_gmt":"2026-02-03T20:53:43","slug":"mevel-05-piasek-pustyni-szary-pallad-komoda-1d3s","status":"publish","type":"product","link":"https:\/\/baldumarket.lt\/lt\/produktas\/mevel-05-piasek-pustyni-szary-pallad-komoda-1d3s\/","title":{"rendered":"Mevel 05 Dykumos sm\u0117lio\/pilkos palad\u017eio spalvos &#8211; Komoda 1D3S"},"content":{"rendered":"<p>\u201eMevel 05\u201c komoda suteikia daug vietos daiktams susid\u0117ti ir leid\u017eia tvarkingai susid\u0117ti m\u0117gstamiausius daiktus. Spintel\u0117 padalinta \u012f dvi dalis. Kair\u0117je spintel\u0117s pus\u0117je yra trys erdv\u016bs stal\u010diai, puikiai tinkantys apatiniams drabu\u017eiams, kojin\u0117ms ar patalynei. De\u0161in\u0117je pus\u0117je yra dvi didel\u0117s, u\u017erakinamos ni\u0161os drabu\u017eiams ar \u017eaislams laikyti. Platus stalvir\u0161is puikiai tinka knygoms ar m\u0117gstamiems \u017eaislams. Nuleistas stalvir\u0161is ir papildoma galin\u0117 panel\u0117 u\u017etikrina, kad j\u016bs\u0173 vaiko daiktai b\u016bt\u0173 apsaugoti nuo i\u0161kritimo. Daugiau jokie \u017eaislai nenukris u\u017e spintel\u0117s.<br \/>\n\u2022 \u0160iuolaikinis dizainas.<br \/>\n\u2022 U\u017eapvalinti kampai.<br \/>\n\u2022 Labai funkcionalus.<br \/>\n\u2022 Didel\u0117s, ergonomi\u0161kos rankenos.<br \/>\n\u2022 Tinkamai parinktas koj\u0173 auk\u0161tis.<br \/>\n\u2022 \u0160velnaus u\u017edarymo sistema.<br \/>\n\u2022 Pilno i\u0161traukimo stal\u010diai su sustiprintu dugnu.<\/p>","protected":false},"excerpt":{"rendered":"<p>\u201eMevel 05\u201c komoda suteikia daug vietos daiktams susid\u0117ti ir leid\u017eia eksponuoti m\u0117gstamiausius daiktus. Spintel\u0117 padalinta \u012f dvi dalis. Kair\u0117je pus\u0117je yra trys erdv\u016bs stal\u010diai, puikiai tinkantys apatiniams drabu\u017eiams, kojin\u0117ms ar patalynei. De\u0161in\u0117je pus\u0117je yra dvi didel\u0117s, u\u017erakinamos ni\u0161os drabu\u017eiams ar \u017eaislams laikyti. [\u2026]<\/p>","protected":false},"featured_media":96042,"comment_status":"open","ping_status":"open","template":"","meta":[],"product_brand":[],"product_cat":[9245,1173,2255],"product_tag":[],"class_list":{"0":"post-96041","1":"product","2":"type-product","3":"status-publish","4":"has-post-thumbnail","6":"product_cat-furniture-system-mevel-ml-meble","7":"product_cat-chests-of-drawers","8":"product_cat-ml-meble","10":"first","11":"instock","12":"purchasable","13":"product-type-simple"},"_links":{"self":[{"href":"https:\/\/baldumarket.lt\/lt\/wp-json\/wp\/v2\/product\/96041","targetHints":{"allow":["GET"]}}],"collection":[{"href":"https:\/\/baldumarket.lt\/lt\/wp-json\/wp\/v2\/product"}],"about":[{"href":"https:\/\/baldumarket.lt\/lt\/wp-json\/wp\/v2\/types\/product"}],"replies":[{"embeddable":true,"href":"https:\/\/baldumarket.lt\/lt\/wp-json\/wp\/v2\/comments?post=96041"}],"wp:featuredmedia":[{"embeddable":true,"href":"https:\/\/baldumarket.lt\/lt\/wp-json\/wp\/v2\/media\/96042"}],"wp:attachment":[{"href":"https:\/\/baldumarket.lt\/lt\/wp-json\/wp\/v2\/media?parent=96041"}],"wp:term":[{"taxonomy":"product_brand","embeddable":true,"href":"https:\/\/baldumarket.lt\/lt\/wp-json\/wp\/v2\/product_brand?post=96041"},{"taxonomy":"product_cat","embeddable":true,"href":"https:\/\/baldumarket.lt\/lt\/wp-json\/wp\/v2\/product_cat?post=96041"},{"taxonomy":"product_tag","embeddable":true,"href":"https:\/\/baldumarket.lt\/lt\/wp-json\/wp\/v2\/product_tag?post=96041"}],"curies":[{"name":"wp","href":"https:\/\/api.w.org\/{rel}","templated":true}]}}