{"id":96030,"date":"2025-12-05T16:02:23","date_gmt":"2025-12-05T13:02:23","guid":{"rendered":"https:\/\/baldumarket.lt\/product\/mevel-04-piasek-pustyni-szary-pallad-komoda-1d1s\/"},"modified":"2026-02-03T23:53:44","modified_gmt":"2026-02-03T20:53:44","slug":"mevel-04-piasek-pustyni-szary-pallad-komoda-1d1s","status":"publish","type":"product","link":"https:\/\/baldumarket.lt\/lt\/product\/mevel-04-piasek-pustyni-szary-pallad-komoda-1d1s\/","title":{"rendered":"Mevel 04 Dykumos sm\u0117lio\/pilkos palad\u017eio spalvos \u2013 Komoda 1D1S"},"content":{"rendered":"<p>\u201eMevel 04\u201c lentyn\u0173 blokas yra vidutinio auk\u0161\u010dio, puikiai tinkantis drabu\u017eiams laikyti ar m\u0117gstamiems \u017eaislams eksponuoti. Lentyna padalinta \u012f dvi dalis \u2013 vien\u0105 u\u017edar\u0105 ir vien\u0105 atvir\u0105. U\u017e dureli\u0173 yra dvi erdvios ni\u0161os, puikiai tinkan\u010dios drabu\u017eiams ar kitiems daiktams laikyti. Apatin\u0117je spintel\u0117s dalyje yra didelis stal\u010dius apatiniams drabu\u017eiams ar patalynei. Kair\u0117je spintel\u0117s pus\u0117je yra dvi atviros lentynos. Vir\u0161utin\u0117 dalis yra plati lentyna, pritvirtinta b\u0117geliu. \u0160iose lentynose galite eksponuoti pliu\u0161inius \u017eaislus, \u017eaislus ar knyg\u0173 kolekcij\u0105.<br \/>\n\u2022 \u0160iuolaikinis dizainas.<br \/>\n\u2022 U\u017eapvalinti kampai.<br \/>\n\u2022 Labai funkcionalus.<br \/>\n\u2022 Didel\u0117s, ergonomi\u0161kos rankenos.<br \/>\n\u2022 Tinkamai parinktas koj\u0173 auk\u0161tis.<br \/>\n\u2022 \u0160velnaus u\u017edarymo sistema.<br \/>\n\u2022 Pilno i\u0161traukimo stal\u010dius su sustiprintu dugnu.<\/p>","protected":false},"excerpt":{"rendered":"<p>\u201eMevel 04\u201c lentyn\u0173 blokas yra vidutinio auk\u0161\u010dio, puikiai tinkantis drabu\u017eiams laikyti ar m\u0117gstamiems \u017eaislams eksponuoti. Lentyna padalinta \u012f dvi dalis \u2013 vien\u0105 u\u017edar\u0105 ir vien\u0105 atvir\u0105. U\u017e dureli\u0173 yra dvi erdvios ni\u0161os, puikiai tinkan\u010dios drabu\u017eiams ar kitiems daiktams laikyti. Apatin\u0117je lentynos dalyje yra didelis stal\u010dius apatiniams drabu\u017eiams [\u2026]<\/p>","protected":false},"featured_media":96031,"comment_status":"open","ping_status":"open","template":"","meta":[],"product_brand":[],"product_cat":[9245,1173,2255],"product_tag":[],"class_list":{"0":"post-96030","1":"product","2":"type-product","3":"status-publish","4":"has-post-thumbnail","6":"product_cat-furniture-system-mevel-ml-meble","7":"product_cat-chests-of-drawers","8":"product_cat-ml-meble","10":"first","11":"instock","12":"purchasable","13":"product-type-simple"},"_links":{"self":[{"href":"https:\/\/baldumarket.lt\/lt\/wp-json\/wp\/v2\/product\/96030","targetHints":{"allow":["GET"]}}],"collection":[{"href":"https:\/\/baldumarket.lt\/lt\/wp-json\/wp\/v2\/product"}],"about":[{"href":"https:\/\/baldumarket.lt\/lt\/wp-json\/wp\/v2\/types\/product"}],"replies":[{"embeddable":true,"href":"https:\/\/baldumarket.lt\/lt\/wp-json\/wp\/v2\/comments?post=96030"}],"wp:featuredmedia":[{"embeddable":true,"href":"https:\/\/baldumarket.lt\/lt\/wp-json\/wp\/v2\/media\/96031"}],"wp:attachment":[{"href":"https:\/\/baldumarket.lt\/lt\/wp-json\/wp\/v2\/media?parent=96030"}],"wp:term":[{"taxonomy":"product_brand","embeddable":true,"href":"https:\/\/baldumarket.lt\/lt\/wp-json\/wp\/v2\/product_brand?post=96030"},{"taxonomy":"product_cat","embeddable":true,"href":"https:\/\/baldumarket.lt\/lt\/wp-json\/wp\/v2\/product_cat?post=96030"},{"taxonomy":"product_tag","embeddable":true,"href":"https:\/\/baldumarket.lt\/lt\/wp-json\/wp\/v2\/product_tag?post=96030"}],"curies":[{"name":"wp","href":"https:\/\/api.w.org\/{rel}","templated":true}]}}