{"id":96008,"date":"2025-12-05T16:02:03","date_gmt":"2025-12-05T13:02:03","guid":{"rendered":"https:\/\/baldumarket.lt\/product\/mevel-01-piasek-pustyni-szary-pallad-szafa-narozna-2d\/"},"modified":"2026-02-03T23:53:44","modified_gmt":"2026-02-03T20:53:44","slug":"mevel-01-piasek-pustyni-szary-pallad-szafa-narozna-2d","status":"publish","type":"product","link":"https:\/\/baldumarket.lt\/lt\/product\/mevel-01-piasek-pustyni-szary-pallad-szafa-narozna-2d\/","title":{"rendered":"Mevel 01 Desert Sand\/Pilka Palladium \u2013 2D kampin\u0117 spinta"},"content":{"rendered":"<p>Dviej\u0173 dur\u0173 kampin\u0117 spinta \u201eMevel 01\u201c suteikia daug vietos daiktams susid\u0117ti. Erdvioje erdv\u0117je \u012frengtos dvi patogios skirtingo auk\u0161\u010dio pakabos ir penkios erdvios ni\u0161os, leid\u017eian\u010dios patogiai laikyti didel\u012f kiek\u012f drabu\u017ei\u0173. Spinta puikiai u\u017epildys j\u016bs\u0173 vaiko kambario kampel\u012f, maksimaliai i\u0161naudodama net ir ma\u017eiausi\u0105 erdv\u0119.<br \/>\n\u2022 \u0160iuolaikinis dizainas.<br \/>\n\u2022 Labai funkcionalus.<br \/>\n\u2022 Didel\u0117s, ergonomi\u0161kos rankenos.<br \/>\n\u2022 Tinkamai parinktas koj\u0173 auk\u0161tis.<br \/>\n\u2022 \u0160velnaus u\u017edarymo sistema.<\/p>","protected":false},"excerpt":{"rendered":"<p>Dviej\u0173 dur\u0173 kampin\u0117 spinta \u201eMevel 01\u201c suteikia daug vietos daiktams susid\u0117ti. Erdvioje erdv\u0117je \u012frengtos dvi patogios skirtingo auk\u0161\u010dio pakabos ir penkios erdvios ni\u0161os, leid\u017eian\u010dios patogiai laikyti daug drabu\u017ei\u0173. Spinta puikiai u\u017epildys j\u016bs\u0173 vaiko kambario kampel\u012f, maksimaliai i\u0161naudodama net ir ma\u017eiausi\u0105 [\u2026]<\/p>","protected":false},"featured_media":96009,"comment_status":"open","ping_status":"open","template":"","meta":[],"product_brand":[],"product_cat":[9245,2255,1177],"product_tag":[],"class_list":{"0":"post-96008","1":"product","2":"type-product","3":"status-publish","4":"has-post-thumbnail","6":"product_cat-furniture-system-mevel-ml-meble","7":"product_cat-ml-meble","8":"product_cat-wardrobes","10":"first","11":"instock","12":"purchasable","13":"product-type-simple"},"_links":{"self":[{"href":"https:\/\/baldumarket.lt\/lt\/wp-json\/wp\/v2\/product\/96008","targetHints":{"allow":["GET"]}}],"collection":[{"href":"https:\/\/baldumarket.lt\/lt\/wp-json\/wp\/v2\/product"}],"about":[{"href":"https:\/\/baldumarket.lt\/lt\/wp-json\/wp\/v2\/types\/product"}],"replies":[{"embeddable":true,"href":"https:\/\/baldumarket.lt\/lt\/wp-json\/wp\/v2\/comments?post=96008"}],"wp:featuredmedia":[{"embeddable":true,"href":"https:\/\/baldumarket.lt\/lt\/wp-json\/wp\/v2\/media\/96009"}],"wp:attachment":[{"href":"https:\/\/baldumarket.lt\/lt\/wp-json\/wp\/v2\/media?parent=96008"}],"wp:term":[{"taxonomy":"product_brand","embeddable":true,"href":"https:\/\/baldumarket.lt\/lt\/wp-json\/wp\/v2\/product_brand?post=96008"},{"taxonomy":"product_cat","embeddable":true,"href":"https:\/\/baldumarket.lt\/lt\/wp-json\/wp\/v2\/product_cat?post=96008"},{"taxonomy":"product_tag","embeddable":true,"href":"https:\/\/baldumarket.lt\/lt\/wp-json\/wp\/v2\/product_tag?post=96008"}],"curies":[{"name":"wp","href":"https:\/\/api.w.org\/{rel}","templated":true}]}}