{"id":95990,"date":"2025-12-05T16:01:47","date_gmt":"2025-12-05T13:01:47","guid":{"rendered":"https:\/\/baldumarket.lt\/product\/mevel-08-piasek-pustyni-millennial-pink-lozko-1s\/"},"modified":"2026-02-03T23:53:44","modified_gmt":"2026-02-03T20:53:44","slug":"mevel-08-piasek-pustyni-millennial-pink-lozko-1s","status":"publish","type":"product","link":"https:\/\/baldumarket.lt\/lt\/product\/mevel-08-piasek-pustyni-millennial-pink-lozko-1s\/","title":{"rendered":"Mevel 08 Dykumos sm\u0117lio\/t\u016bkstantme\u010dio ro\u017ein\u0117 \u2013 1 lovos lova"},"content":{"rendered":"<p>Mevel 08<br \/>\n\u201eMevel 08\u201c lova \u2013 tai baldas, u\u017etikrinantis patog\u0173 poils\u012f ir sveik\u0105 nakties mieg\u0105. Lovos dydis leid\u017eia naudoti patog\u0173 90 cm plo\u010dio \u010diu\u017ein\u012f. J\u016bs\u0173 vaikas lengvai vartysis nuo vieno \u0161ono ant kito. Lova turi mink\u0161t\u0105, apmu\u0161t\u0105 galv\u016bgal\u012f, \u012f kur\u012f patogu atsiremti skaitant knyg\u0105 ar \u017ei\u016brint film\u0105. Patvari ir lengvai valoma aksomin\u0117 med\u017eiaga suteiks j\u016bs\u0173 vaiko kambariui subtilaus elegancijos. Baldas turi didel\u012f, erdv\u0173 stal\u010di\u0173, puikiai tinkant\u012f laikyti patalyn\u0119 ar drabu\u017eius, kurie netelpa \u012f spint\u0105. Guminiai ratukai stal\u010diaus apa\u010dioje ir \u0161onuose u\u017etikrina patogum\u0105.<br \/>\n\u2022 \u0160iuolaikinis dizainas.<br \/>\n\u2022 Labai funkcionalus.<br \/>\n\u2022 Didel\u0117s, ergonomi\u0161kos rankenos.<br \/>\n\u2022 Mink\u0161tas, apmu\u0161tas galv\u016bgalis.<br \/>\n\u2022 Erdvus stal\u010dius po r\u0117mu.<br \/>\n\u2022 Galima montuoti kair\u0117je arba de\u0161in\u0117je.<\/p>","protected":false},"excerpt":{"rendered":"<p>\u201eMevel 08\u201c lova \u2013 tai baldas, kuris u\u017etikrins patog\u0173 poils\u012f ir sveik\u0105 nakties mieg\u0105. Lovos dydis leid\u017eia naudoti patog\u0173 90 cm plo\u010dio \u010diu\u017ein\u012f. J\u016bs\u0173 vaikas lengvai vartysis nuo vienos pus\u0117s ant kitos. Lova turi mink\u0161t\u0105, apmu\u0161t\u0105 galv\u016bgal\u012f, \u012f kur\u012f patogu atsiremti [\u2026]<\/p>","protected":false},"featured_media":95991,"comment_status":"open","ping_status":"open","template":"","meta":[],"product_brand":[],"product_cat":[9245,505,2255],"product_tag":[],"class_list":{"0":"post-95990","1":"product","2":"type-product","3":"status-publish","4":"has-post-thumbnail","6":"product_cat-furniture-system-mevel-ml-meble","7":"product_cat-bedroom-beds","8":"product_cat-ml-meble","10":"first","11":"instock","12":"purchasable","13":"product-type-simple"},"_links":{"self":[{"href":"https:\/\/baldumarket.lt\/lt\/wp-json\/wp\/v2\/product\/95990","targetHints":{"allow":["GET"]}}],"collection":[{"href":"https:\/\/baldumarket.lt\/lt\/wp-json\/wp\/v2\/product"}],"about":[{"href":"https:\/\/baldumarket.lt\/lt\/wp-json\/wp\/v2\/types\/product"}],"replies":[{"embeddable":true,"href":"https:\/\/baldumarket.lt\/lt\/wp-json\/wp\/v2\/comments?post=95990"}],"wp:featuredmedia":[{"embeddable":true,"href":"https:\/\/baldumarket.lt\/lt\/wp-json\/wp\/v2\/media\/95991"}],"wp:attachment":[{"href":"https:\/\/baldumarket.lt\/lt\/wp-json\/wp\/v2\/media?parent=95990"}],"wp:term":[{"taxonomy":"product_brand","embeddable":true,"href":"https:\/\/baldumarket.lt\/lt\/wp-json\/wp\/v2\/product_brand?post=95990"},{"taxonomy":"product_cat","embeddable":true,"href":"https:\/\/baldumarket.lt\/lt\/wp-json\/wp\/v2\/product_cat?post=95990"},{"taxonomy":"product_tag","embeddable":true,"href":"https:\/\/baldumarket.lt\/lt\/wp-json\/wp\/v2\/product_tag?post=95990"}],"curies":[{"name":"wp","href":"https:\/\/api.w.org\/{rel}","templated":true}]}}