{"id":95958,"date":"2025-12-05T16:01:21","date_gmt":"2025-12-05T13:01:21","guid":{"rendered":"https:\/\/baldumarket.lt\/product\/mevel-02-piasek-pustyni-millennial-pink-szafa-2d\/"},"modified":"2026-02-03T23:53:44","modified_gmt":"2026-02-03T20:53:44","slug":"mevel-02-piasek-pustyni-millennial-pink-szafa-2d","status":"publish","type":"product","link":"https:\/\/baldumarket.lt\/lt\/product\/mevel-02-piasek-pustyni-millennial-pink-szafa-2d\/","title":{"rendered":"Mevel 02 Dykumos sm\u0117lio\/t\u016bkstantme\u010dio ro\u017ein\u0117 \u2013 2D spinta"},"content":{"rendered":"<p>Dviej\u0173 dur\u0173 \u201eMevel 02\u201c spinta suteikia daug vietos daiktams susid\u0117ti. Erdvi erdv\u0117 u\u017e dvigub\u0173 dur\u0173 yra \u012frengta dviem ergonomi\u0161kais skirtingo auk\u0161\u010dio b\u0117geliais, u\u017etikrinan\u010diais daug vietos daiktams susid\u0117ti. De\u0161in\u0117je spintos pus\u0117je yra penkios erdvios lentynos, u\u017etikrinan\u010dios geresn\u0119 tvark\u0105 kasdien naudojant.<br \/>\n\u2022 \u0160iuolaikinis dizainas.<br \/>\n\u2022 Didelis funkcionalumas.<br \/>\n\u2022 Didel\u0117s, ergonomi\u0161kos rankenos.<br \/>\n\u2022 Tinkamai reguliuojamo auk\u0161\u010dio kojel\u0117s.<br \/>\n\u2022 \u0160velnaus u\u017edarymo sistema.<\/p>","protected":false},"excerpt":{"rendered":"<p>Dviej\u0173 dur\u0173 \u201eMevel 02\u201c spinta suteikia daug vietos daiktams susid\u0117ti. Erdvi erdv\u0117 u\u017e dvigub\u0173 dur\u0173 yra \u012frengta dviem ergonomi\u0161kais skirtingo auk\u0161\u010dio b\u0117geliais, u\u017etikrinan\u010diais daug vietos daiktams susid\u0117ti. De\u0161in\u0117je spintos pus\u0117je yra penkios erdvios lentynos, u\u017etikrinan\u010dios geresn\u0119 tvark\u0105 kasdien naudojant. \u2022 \u0160iuolaiki\u0161kas dizainas. \u2022 Didelis funkcionalumas. \u2022 Didel\u0117s, ergonomi\u0161kos [\u2026]<\/p>","protected":false},"featured_media":95959,"comment_status":"open","ping_status":"open","template":"","meta":[],"product_brand":[],"product_cat":[9245,2255,1177],"product_tag":[],"class_list":{"0":"post-95958","1":"product","2":"type-product","3":"status-publish","4":"has-post-thumbnail","6":"product_cat-furniture-system-mevel-ml-meble","7":"product_cat-ml-meble","8":"product_cat-wardrobes","10":"first","11":"instock","12":"purchasable","13":"product-type-simple"},"_links":{"self":[{"href":"https:\/\/baldumarket.lt\/lt\/wp-json\/wp\/v2\/product\/95958","targetHints":{"allow":["GET"]}}],"collection":[{"href":"https:\/\/baldumarket.lt\/lt\/wp-json\/wp\/v2\/product"}],"about":[{"href":"https:\/\/baldumarket.lt\/lt\/wp-json\/wp\/v2\/types\/product"}],"replies":[{"embeddable":true,"href":"https:\/\/baldumarket.lt\/lt\/wp-json\/wp\/v2\/comments?post=95958"}],"wp:featuredmedia":[{"embeddable":true,"href":"https:\/\/baldumarket.lt\/lt\/wp-json\/wp\/v2\/media\/95959"}],"wp:attachment":[{"href":"https:\/\/baldumarket.lt\/lt\/wp-json\/wp\/v2\/media?parent=95958"}],"wp:term":[{"taxonomy":"product_brand","embeddable":true,"href":"https:\/\/baldumarket.lt\/lt\/wp-json\/wp\/v2\/product_brand?post=95958"},{"taxonomy":"product_cat","embeddable":true,"href":"https:\/\/baldumarket.lt\/lt\/wp-json\/wp\/v2\/product_cat?post=95958"},{"taxonomy":"product_tag","embeddable":true,"href":"https:\/\/baldumarket.lt\/lt\/wp-json\/wp\/v2\/product_tag?post=95958"}],"curies":[{"name":"wp","href":"https:\/\/api.w.org\/{rel}","templated":true}]}}