{"id":95915,"date":"2025-12-05T16:00:42","date_gmt":"2025-12-05T13:00:42","guid":{"rendered":"https:\/\/baldumarket.lt\/product\/toscania-02-lewa-dab-baltic-dune-jesion-prestige-czarny-witryna-1w1d\/"},"modified":"2026-02-03T23:53:44","modified_gmt":"2026-02-03T20:53:44","slug":"toscania-02-lewa-dab-baltic-dune-jesion-prestige-czarny-witryna-1w1d","status":"publish","type":"product","link":"https:\/\/baldumarket.lt\/lt\/product\/toscania-02-lewa-dab-baltic-dune-jesion-prestige-czarny-witryna-1w1d\/","title":{"rendered":"\u201eToscania 02\u201c kairin\u0117 \u201eBaltic Dune Oak\u201c \/ \u201ePrestige Black Ash\u201c \u2013 1W1D vitrina"},"content":{"rendered":"<p>Auk\u0161ta vitrina \u201eToscania 02\u201c \u2013 tai baldas, leid\u017eiantis jums eksponuoti m\u0117gstamiausius daiktus. Trys stiklin\u0117s lentynos padalija erdv\u0119 u\u017e stiklini\u0173 dureli\u0173 \u012f keturias ni\u0161as. Jose galite eksponuoti taures, porceliano kolekcij\u0105 ar suvenyrus i\u0161 kelioni\u0173. Jei norite dar labiau i\u0161ry\u0161kinti savo m\u0117gstamiausius daiktus, rinkit\u0117s m\u016bs\u0173 LED lentyn\u0173 ap\u0161vietim\u0105. Spintel\u0117s sklindanti \u0161viesa subtiliai su\u0161ildys vis\u0105 j\u016bs\u0173 interjer\u0105. Apatin\u0119 spintel\u0117s dal\u012f sukuria pasl\u0117pta ni\u0161a, puikiai tinkanti stalo \u012frankiams ar stalties\u0117ms laikyti. Vitrina \u201eToscania 02\u201c derina auk\u0161t\u0105 funkcionalum\u0105 ir \u0161iuolaiki\u0161k\u0105 dizain\u0105. Be ranken\u0117li\u0173 esantys fasadai dar labiau sustiprina modern\u0173 \u0161io baldo stili\u0173 ir pateisina j\u016bs\u0173 l\u016bkes\u010dius.<br \/>\n\u2022 Funkcionalus baldas su gra\u017eiu dizainu.<br \/>\n\u2022 Patogus dur\u0173 atidarymas su atidarymo paspaudimu funkcija.<br \/>\n\u2022 Papildomas stiklin\u0117s lentynos ap\u0161vietimas.<br \/>\n\u2022 Specialiai suformuotos metalin\u0117s kojel\u0117s.<\/p>","protected":false},"excerpt":{"rendered":"<p>Auk\u0161ta vitrina \u201eToscania 02\u201c \u2013 tai baldas, leid\u017eiantis eksponuoti m\u0117gstamiausius daiktus. Trys stiklin\u0117s lentynos padalija erdv\u0119 u\u017e stiklini\u0173 dureli\u0173 \u012f keturias ni\u0161as. Joje galite eksponuoti taures, porceliano kolekcij\u0105 ar suvenyrus i\u0161 kelioni\u0173. Jei norite dar labiau i\u0161ry\u0161kinti savo m\u0117gstamiausius daiktus, rinkit\u0117s m\u016bs\u0173 LED [\u2026]<\/p>","protected":false},"featured_media":95916,"comment_status":"open","ping_status":"open","template":"","meta":[],"product_brand":[],"product_cat":[2255,9213,9116,2006],"product_tag":[],"class_list":{"0":"post-95915","1":"product","2":"type-product","3":"status-publish","4":"has-post-thumbnail","6":"product_cat-ml-meble","7":"product_cat-furniture-system-toscania-ml-meble","8":"product_cat-toscania","9":"product_cat-vitrines","11":"first","12":"instock","13":"purchasable","14":"product-type-simple"},"_links":{"self":[{"href":"https:\/\/baldumarket.lt\/lt\/wp-json\/wp\/v2\/product\/95915","targetHints":{"allow":["GET"]}}],"collection":[{"href":"https:\/\/baldumarket.lt\/lt\/wp-json\/wp\/v2\/product"}],"about":[{"href":"https:\/\/baldumarket.lt\/lt\/wp-json\/wp\/v2\/types\/product"}],"replies":[{"embeddable":true,"href":"https:\/\/baldumarket.lt\/lt\/wp-json\/wp\/v2\/comments?post=95915"}],"wp:featuredmedia":[{"embeddable":true,"href":"https:\/\/baldumarket.lt\/lt\/wp-json\/wp\/v2\/media\/95916"}],"wp:attachment":[{"href":"https:\/\/baldumarket.lt\/lt\/wp-json\/wp\/v2\/media?parent=95915"}],"wp:term":[{"taxonomy":"product_brand","embeddable":true,"href":"https:\/\/baldumarket.lt\/lt\/wp-json\/wp\/v2\/product_brand?post=95915"},{"taxonomy":"product_cat","embeddable":true,"href":"https:\/\/baldumarket.lt\/lt\/wp-json\/wp\/v2\/product_cat?post=95915"},{"taxonomy":"product_tag","embeddable":true,"href":"https:\/\/baldumarket.lt\/lt\/wp-json\/wp\/v2\/product_tag?post=95915"}],"curies":[{"name":"wp","href":"https:\/\/api.w.org\/{rel}","templated":true}]}}