{"id":95905,"date":"2025-12-05T16:00:32","date_gmt":"2025-12-05T13:00:32","guid":{"rendered":"https:\/\/baldumarket.lt\/product\/toscania-04-dab-baltic-dune-jesion-prestige-czarny-komoda-5d\/"},"modified":"2026-02-03T23:53:45","modified_gmt":"2026-02-03T20:53:45","slug":"toscania-04-dab-baltic-dune-jesion-prestige-czarny-komoda-5d","status":"publish","type":"product","link":"https:\/\/baldumarket.lt\/lt\/product\/toscania-04-dab-baltic-dune-jesion-prestige-czarny-komoda-5d\/","title":{"rendered":"\u201eToscania 04\u201c \u201eBaltic Dune Oak\u201c \/ \u201ePrestige Ash Black\u201c \u2013 5D komoda"},"content":{"rendered":"<p>Didel\u0117 \u201eToscania 04\u201c indauja \u2013 puikus daikt\u0173 laikymo sprendimas. Ketverios jos durel\u0117s atveria i\u0161 viso keturis erdvius skyrius, puikiai tinkan\u010dius drabu\u017eiams, rank\u0161luos\u010diams ir stalo \u012frankiams laikyti. Penktose, i\u0161 dalies pasl\u0117ptose durel\u0117se spintel\u0117s centre \u012frengtas automati\u0161kai ap\u0161viestas baras. Stiklin\u0117 lentyna bar\u0105 padalija \u012f dvi dalis, puikiai tinkan\u010dias laikyti taur\u0117ms, stiklin\u0117ms ar m\u0117gstamiems g\u0117rimams. Platus stalvir\u0161is \u2013 puiki vieta eleganti\u0161koms vazoms ar kelioni\u0173 suvenyrams eksponuoti. \u201eToscania 04\u201c indauja derina auk\u0161t\u0105 funkcionalum\u0105 ir \u0161iuolaiki\u0161k\u0105 dizain\u0105. Ranken\u0117li\u0173 neturintys fasadai dar labiau sustiprina \u0161io baldo modern\u0173 stili\u0173 ir u\u017etikrina, kad jis pateisint\u0173 j\u016bs\u0173 l\u016bkes\u010dius.<br \/>\n\u2022 Funkcionalus baldas su gra\u017eiu dizainu.<br \/>\n\u2022 Patogus dur\u0173 atidarymas su atidarymo paspaudimu funkcija.<br \/>\n\u2022 Automati\u0161kai ap\u0161vie\u010diama juosta.<br \/>\n\u2022 Specialiai suformuotos metalin\u0117s kojel\u0117s.<\/p>","protected":false},"excerpt":{"rendered":"<p>Didel\u0117 \u201eToscania 04\u201c komoda \u2013 puikus daikt\u0173 laikymo sprendimas. Jos ketverios durel\u0117s atveria i\u0161 viso keturis erdvius skyrius, puikiai tinkan\u010dius drabu\u017eiams, rank\u0161luos\u010diams ir stalo \u012frankiams laikyti. Penktose, i\u0161 dalies pasl\u0117ptose durel\u0117se spintel\u0117s centre \u012frengtas automati\u0161kai ap\u0161viestas baras. Stiklin\u0117 lentyna bar\u0105 padalija \u012f dvi dalis, puikiai tinkan\u010dias [\u2026]<\/p>","protected":false},"featured_media":95906,"comment_status":"open","ping_status":"open","template":"","meta":[],"product_brand":[],"product_cat":[1173,2255,9213,9116],"product_tag":[],"class_list":{"0":"post-95905","1":"product","2":"type-product","3":"status-publish","4":"has-post-thumbnail","6":"product_cat-chests-of-drawers","7":"product_cat-ml-meble","8":"product_cat-furniture-system-toscania-ml-meble","9":"product_cat-toscania","11":"first","12":"instock","13":"purchasable","14":"product-type-simple"},"_links":{"self":[{"href":"https:\/\/baldumarket.lt\/lt\/wp-json\/wp\/v2\/product\/95905","targetHints":{"allow":["GET"]}}],"collection":[{"href":"https:\/\/baldumarket.lt\/lt\/wp-json\/wp\/v2\/product"}],"about":[{"href":"https:\/\/baldumarket.lt\/lt\/wp-json\/wp\/v2\/types\/product"}],"replies":[{"embeddable":true,"href":"https:\/\/baldumarket.lt\/lt\/wp-json\/wp\/v2\/comments?post=95905"}],"wp:featuredmedia":[{"embeddable":true,"href":"https:\/\/baldumarket.lt\/lt\/wp-json\/wp\/v2\/media\/95906"}],"wp:attachment":[{"href":"https:\/\/baldumarket.lt\/lt\/wp-json\/wp\/v2\/media?parent=95905"}],"wp:term":[{"taxonomy":"product_brand","embeddable":true,"href":"https:\/\/baldumarket.lt\/lt\/wp-json\/wp\/v2\/product_brand?post=95905"},{"taxonomy":"product_cat","embeddable":true,"href":"https:\/\/baldumarket.lt\/lt\/wp-json\/wp\/v2\/product_cat?post=95905"},{"taxonomy":"product_tag","embeddable":true,"href":"https:\/\/baldumarket.lt\/lt\/wp-json\/wp\/v2\/product_tag?post=95905"}],"curies":[{"name":"wp","href":"https:\/\/api.w.org\/{rel}","templated":true}]}}