{"id":95890,"date":"2025-12-05T16:00:18","date_gmt":"2025-12-05T13:00:18","guid":{"rendered":"https:\/\/baldumarket.lt\/product\/toscania-03-dab-baltic-dune-jesion-prestige-czarny-witryna-2w2d\/"},"modified":"2026-02-03T23:53:45","modified_gmt":"2026-02-03T20:53:45","slug":"toscania-03-dab-baltic-dune-jesion-prestige-czarny-witryna-2w2d","status":"publish","type":"product","link":"https:\/\/baldumarket.lt\/lt\/product\/toscania-03-dab-baltic-dune-jesion-prestige-czarny-witryna-2w2d\/","title":{"rendered":"\u201eToscania 03\u201c \u2013 \u201eBaltijos kop\u0173 \u0105\u017euolas\u201c \/ \u201ePresti\u017einis juodasis uosis\u201c \u2013 2W2D vitrina"},"content":{"rendered":"<p>\u201eToscania 03\u201c vitrina \u2013 tai baldas, leid\u017eiantis jums eksponuoti m\u0117gstamiausius daiktus. Dvi stiklin\u0117s lentynos padalija erdv\u0119 \u012f tris pla\u010dias ni\u0161as su dvigubomis durel\u0117mis. Galite eksponuoti taures, porceliano kolekcij\u0105 ar suvenyrus i\u0161 kelioni\u0173. Jei norite dar labiau i\u0161ry\u0161kinti savo m\u0117gstamiausius daiktus, rinkit\u0117s m\u016bs\u0173 LED lentyn\u0173 ap\u0161vietim\u0105. Spintel\u0117s sklindanti \u0161viesa subtiliai su\u0161ildys vis\u0105 j\u016bs\u0173 interjer\u0105. Apatin\u0117je spintel\u0117s dalyje yra erdvi lentyna, puikiai tinkanti stalo \u012frankiams ar stalties\u0117ms laikyti. \u201eToscania 03\u201c vitrina derina auk\u0161t\u0105 funkcionalum\u0105 ir \u0161iuolaiki\u0161k\u0105 dizain\u0105. \u0160is modernus stilius pateisins j\u016bs\u0173 l\u016bkes\u010dius.<br \/>\n\u2022 Funkcionalus baldas su gra\u017eiu akcentu.<br \/>\n\u2022 Papildomas stiklin\u0117s lentynos ap\u0161vietimas.<br \/>\n\u2022 Patogus atidarymas paspaudus.<br \/>\n\u2022 \u0160velniai u\u017esidaran\u010dios durel\u0117s.<br \/>\n\u2022 Patogios metalin\u0117s rankenos.<br \/>\n\u2022 Specialiai suformuotos metalin\u0117s kojel\u0117s.<\/p>","protected":false},"excerpt":{"rendered":"<p>\u201eToscania 03\u201c vitrina \u2013 tai baldas, leid\u017eiantis eksponuoti m\u0117gstamiausius daiktus. Dvi stiklin\u0117s lentynos erdv\u0119 padalija \u012f tris pla\u010dias ni\u0161as su dvigubomis durimis. Joje galite eksponuoti taures, porceliano kolekcij\u0105 ar suvenyrus i\u0161 kelioni\u0173. Jei norite dar labiau i\u0161ry\u0161kinti savo m\u0117gstamiausius daiktus, rinkit\u0117s m\u016bs\u0173 LED lentyn\u0105 [\u2026]<\/p>","protected":false},"featured_media":95891,"comment_status":"open","ping_status":"open","template":"","meta":[],"product_brand":[],"product_cat":[2255,9213,9116,2006],"product_tag":[],"class_list":{"0":"post-95890","1":"product","2":"type-product","3":"status-publish","4":"has-post-thumbnail","6":"product_cat-ml-meble","7":"product_cat-furniture-system-toscania-ml-meble","8":"product_cat-toscania","9":"product_cat-vitrines","11":"first","12":"instock","13":"purchasable","14":"product-type-simple"},"_links":{"self":[{"href":"https:\/\/baldumarket.lt\/lt\/wp-json\/wp\/v2\/product\/95890","targetHints":{"allow":["GET"]}}],"collection":[{"href":"https:\/\/baldumarket.lt\/lt\/wp-json\/wp\/v2\/product"}],"about":[{"href":"https:\/\/baldumarket.lt\/lt\/wp-json\/wp\/v2\/types\/product"}],"replies":[{"embeddable":true,"href":"https:\/\/baldumarket.lt\/lt\/wp-json\/wp\/v2\/comments?post=95890"}],"wp:featuredmedia":[{"embeddable":true,"href":"https:\/\/baldumarket.lt\/lt\/wp-json\/wp\/v2\/media\/95891"}],"wp:attachment":[{"href":"https:\/\/baldumarket.lt\/lt\/wp-json\/wp\/v2\/media?parent=95890"}],"wp:term":[{"taxonomy":"product_brand","embeddable":true,"href":"https:\/\/baldumarket.lt\/lt\/wp-json\/wp\/v2\/product_brand?post=95890"},{"taxonomy":"product_cat","embeddable":true,"href":"https:\/\/baldumarket.lt\/lt\/wp-json\/wp\/v2\/product_cat?post=95890"},{"taxonomy":"product_tag","embeddable":true,"href":"https:\/\/baldumarket.lt\/lt\/wp-json\/wp\/v2\/product_tag?post=95890"}],"curies":[{"name":"wp","href":"https:\/\/api.w.org\/{rel}","templated":true}]}}