{"id":95880,"date":"2025-12-05T16:00:10","date_gmt":"2025-12-05T13:00:10","guid":{"rendered":"https:\/\/baldumarket.lt\/product\/toscania-05-dab-baltic-dune-jesion-prestige-czarny-komoda-1d-3s\/"},"modified":"2026-02-03T23:53:45","modified_gmt":"2026-02-03T20:53:45","slug":"toscania-05-dab-baltic-dune-jesion-prestige-czarny-komoda-1d-3s","status":"publish","type":"product","link":"https:\/\/baldumarket.lt\/lt\/product\/toscania-05-dab-baltic-dune-jesion-prestige-czarny-komoda-1d-3s\/","title":{"rendered":"Toscania 05 Baltic Dune Oak\/Prestige Ash Black \u2013 Komoda su stal\u010diais 1D 3S"},"content":{"rendered":"<p>\u201eToscania 05\u201c indauja \u2013 puikus daikt\u0173 laikymo sprendimas. U\u017e dureli\u0173 esanti lentyna padalija erdv\u0119 \u012f du erdvius skyrius. \u0160iuose skyriuose galite laikyti drabu\u017eius, rank\u0161luos\u010dius ar patalyn\u0119. De\u0161in\u0117je spintel\u0117s pus\u0117je yra trys gil\u016bs stal\u010diai, kuriuose yra daug vietos dokumentams, stalties\u0117ms ar kitiems nam\u0173 tekstil\u0117s gaminiams. \u0160i indauja puikiai papildys j\u016bs\u0173 svetain\u0119 ar miegam\u0105j\u012f. Platus stalvir\u0161is puikiai tinka eleganti\u0161koms vazoms, kelioni\u0173 suvenyrams ar kitiems m\u0117gstamiems daiktams eksponuoti. \u201eToscania 05\u201c indauja derina auk\u0161t\u0105 funkcionalum\u0105 ir \u0161iuolaiki\u0161k\u0105 dizain\u0105. Ranken\u0173 neturintys fasadai dar labiau sustiprina \u0161io baldo modern\u0173 stili\u0173, u\u017etikrindami, kad jis pateisint\u0173 j\u016bs\u0173 l\u016bkes\u010dius.<br \/>\n\u2022 Funkcionalus baldas su gra\u017eiu dizainu.<br \/>\n\u2022 Patogus dur\u0173 atidarymas paspaudus.<br \/>\n\u2022 Stal\u010diai su sutvirtintais dugnais ir pilno i\u0161traukimo funkcija.<br \/>\n\u2022 Specialiai suformuotos metalin\u0117s kojel\u0117s.<\/p>","protected":false},"excerpt":{"rendered":"<p>\u201eToscania 05\u201c indauja \u2013 puikus daikt\u0173 laikymo sprendimas. U\u017e dureli\u0173 esanti lentyna erdv\u0119 padalija \u012f du erdvius skyrius. \u0160iuose skyriuose galite laikyti drabu\u017eius, rank\u0161luos\u010dius ar patalyn\u0119. De\u0161in\u0117je spintel\u0117s pus\u0117je yra trys gil\u016bs stal\u010diai, kuriuose yra daug vietos dokumentams, stalties\u0117ms ar kitiems nam\u0173 tekstil\u0117s gaminiams. \u0160i indauja bus [\u2026]<\/p>","protected":false},"featured_media":95881,"comment_status":"open","ping_status":"open","template":"","meta":[],"product_brand":[],"product_cat":[1173,2255,9213,9116],"product_tag":[],"class_list":{"0":"post-95880","1":"product","2":"type-product","3":"status-publish","4":"has-post-thumbnail","6":"product_cat-chests-of-drawers","7":"product_cat-ml-meble","8":"product_cat-furniture-system-toscania-ml-meble","9":"product_cat-toscania","11":"first","12":"instock","13":"purchasable","14":"product-type-simple"},"_links":{"self":[{"href":"https:\/\/baldumarket.lt\/lt\/wp-json\/wp\/v2\/product\/95880","targetHints":{"allow":["GET"]}}],"collection":[{"href":"https:\/\/baldumarket.lt\/lt\/wp-json\/wp\/v2\/product"}],"about":[{"href":"https:\/\/baldumarket.lt\/lt\/wp-json\/wp\/v2\/types\/product"}],"replies":[{"embeddable":true,"href":"https:\/\/baldumarket.lt\/lt\/wp-json\/wp\/v2\/comments?post=95880"}],"wp:featuredmedia":[{"embeddable":true,"href":"https:\/\/baldumarket.lt\/lt\/wp-json\/wp\/v2\/media\/95881"}],"wp:attachment":[{"href":"https:\/\/baldumarket.lt\/lt\/wp-json\/wp\/v2\/media?parent=95880"}],"wp:term":[{"taxonomy":"product_brand","embeddable":true,"href":"https:\/\/baldumarket.lt\/lt\/wp-json\/wp\/v2\/product_brand?post=95880"},{"taxonomy":"product_cat","embeddable":true,"href":"https:\/\/baldumarket.lt\/lt\/wp-json\/wp\/v2\/product_cat?post=95880"},{"taxonomy":"product_tag","embeddable":true,"href":"https:\/\/baldumarket.lt\/lt\/wp-json\/wp\/v2\/product_tag?post=95880"}],"curies":[{"name":"wp","href":"https:\/\/api.w.org\/{rel}","templated":true}]}}