{"id":95869,"date":"2025-12-05T16:00:00","date_gmt":"2025-12-05T13:00:00","guid":{"rendered":"https:\/\/baldumarket.lt\/product\/toscania-01-dab-baltic-dune-jesion-prestige-czarny-szafa-4d\/"},"modified":"2026-02-03T23:53:45","modified_gmt":"2026-02-03T20:53:45","slug":"toscania-01-dab-baltic-dune-jesion-prestige-czarny-szafa-4d","status":"publish","type":"product","link":"https:\/\/baldumarket.lt\/lt\/product\/toscania-01-dab-baltic-dune-jesion-prestige-czarny-szafa-4d\/","title":{"rendered":"Toscania 01 Baltijos kop\u0173 \u0105\u017euolas\/Presti\u017ein\u0117 juoda uosis &#8211; 4D spinta"},"content":{"rendered":"<p>Keturi\u0173 dur\u0173 spinta \u201eToscania 01\u201c \u2013 puikus sprendimas drabu\u017eiams, aksesuarams ir kitiems nam\u0173 tekstil\u0117s gaminiams laikyti. Tvirtas strypas, einantis per vis\u0105 spintos plot\u012f, leid\u017eia pakabinti paltus, kostium\u0117lius ar sukneles. Didel\u0117se vir\u0161utin\u0117je ir apatin\u0117je lentynose taip pat telpa patalyn\u0117 ir rank\u0161luos\u010diai. Spinta \u201eToscania 01\u201c derina auk\u0161t\u0105 funkcionalum\u0105 ir \u0161iuolaiki\u0161k\u0105 dizain\u0105. Ranken\u0117li\u0173 neturintys fasadai dar labiau sustiprina modern\u0173 \u0161io baldo stili\u0173 ir u\u017etikrina, kad jis atitikt\u0173 j\u016bs\u0173 l\u016bkes\u010dius.<br \/>\n\u2022 Funkcionalus baldas su gra\u017eiu dizainu.<br \/>\n\u2022 Patogus dur\u0173 atidarymas su atidarymo paspaudimu funkcija.<br \/>\n\u2022 Specialiai suformuotos metalin\u0117s kojel\u0117s.<\/p>","protected":false},"excerpt":{"rendered":"<p>The Toscania 01 four-door wardrobe is a perfect solution for storing your clothes, accessories, and other home textiles. A sturdy rod running the full width of the wardrobe allows you to hang coats, suits, or dresses. The generously sized top and bottom shelves also accommodate bedding and towels. The Toscania 01 wardrobe combines high functionality [&hellip;]<\/p>","protected":false},"featured_media":95870,"comment_status":"open","ping_status":"open","template":"","meta":[],"product_brand":[],"product_cat":[2255,9213,9116,1177],"product_tag":[],"class_list":{"0":"post-95869","1":"product","2":"type-product","3":"status-publish","4":"has-post-thumbnail","6":"product_cat-ml-meble","7":"product_cat-furniture-system-toscania-ml-meble","8":"product_cat-toscania","9":"product_cat-wardrobes","11":"first","12":"instock","13":"purchasable","14":"product-type-simple"},"_links":{"self":[{"href":"https:\/\/baldumarket.lt\/lt\/wp-json\/wp\/v2\/product\/95869","targetHints":{"allow":["GET"]}}],"collection":[{"href":"https:\/\/baldumarket.lt\/lt\/wp-json\/wp\/v2\/product"}],"about":[{"href":"https:\/\/baldumarket.lt\/lt\/wp-json\/wp\/v2\/types\/product"}],"replies":[{"embeddable":true,"href":"https:\/\/baldumarket.lt\/lt\/wp-json\/wp\/v2\/comments?post=95869"}],"wp:featuredmedia":[{"embeddable":true,"href":"https:\/\/baldumarket.lt\/lt\/wp-json\/wp\/v2\/media\/95870"}],"wp:attachment":[{"href":"https:\/\/baldumarket.lt\/lt\/wp-json\/wp\/v2\/media?parent=95869"}],"wp:term":[{"taxonomy":"product_brand","embeddable":true,"href":"https:\/\/baldumarket.lt\/lt\/wp-json\/wp\/v2\/product_brand?post=95869"},{"taxonomy":"product_cat","embeddable":true,"href":"https:\/\/baldumarket.lt\/lt\/wp-json\/wp\/v2\/product_cat?post=95869"},{"taxonomy":"product_tag","embeddable":true,"href":"https:\/\/baldumarket.lt\/lt\/wp-json\/wp\/v2\/product_tag?post=95869"}],"curies":[{"name":"wp","href":"https:\/\/api.w.org\/{rel}","templated":true}]}}