{"id":95856,"date":"2025-12-05T15:59:48","date_gmt":"2025-12-05T12:59:48","guid":{"rendered":"https:\/\/baldumarket.lt\/product\/modesto-02-dab-stylowy-czarny-witryna-1d\/"},"modified":"2026-02-03T23:53:45","modified_gmt":"2026-02-03T20:53:45","slug":"modesto-02-dab-stylowy-czarny-witryna-1d","status":"publish","type":"product","link":"https:\/\/baldumarket.lt\/lt\/product\/modesto-02-dab-stylowy-czarny-witryna-1d\/","title":{"rendered":"MODESTO 02 stilinga \u0105\u017euolo\/juodos spalvos \u2013 1D vitrina"},"content":{"rendered":"<p>Auk\u0161ta vitrina \u201eModesto 02\u201c \u2013 tai baldas, leid\u017eiantis jums eksponuoti m\u0117gstamiausius daiktus. Dvi tvirtos lentynos padalija erdv\u0119 u\u017e stiklini\u0173 dureli\u0173 \u012f tris ni\u0161as. Joje galite eksponuoti taures, porceliano kolekcij\u0105 ar suvenyrus i\u0161 kelioni\u0173. Jei norite dar labiau i\u0161ry\u0161kinti savo m\u0117gstamiausius daiktus, rinkit\u0117s m\u016bs\u0173 LED ap\u0161vietim\u0105. Spintel\u0117s sklindanti \u0161viesa subtiliai su\u0161ildys vis\u0105 j\u016bs\u0173 interjer\u0105. Apatin\u0117je spintel\u0117s dalyje yra dvi pasl\u0117ptos lentynos, puikiai tinkan\u010dios stalo \u012frankiams ar stalties\u0117ms laikyti. Paprastas stilius, universalus patrauklumas, didelis funkcionalumas ir auk\u0161tos kokyb\u0117s \u201eModesto 02\u201c spintel\u0117 pateisins visus j\u016bs\u0173 l\u016bkes\u010dius.<br \/>\n\u2022 Funkcionalus, gra\u017eaus dizaino baldas.<br \/>\n\u2022 Papildomas naudojimo patogumas d\u0117l \u0161velniai u\u017esidaran\u010di\u0173 vyri\u0173.<br \/>\n\u2022 Ergonomi\u0161kos rankenos.<br \/>\n\u2022 Surinkimas su galimybe pasirinkti dur\u0173 atidarymo pus\u0119.<br \/>\n\u2022 Foninis ap\u0161vietimas galimas kaip papildoma \u012franga.<\/p>","protected":false},"excerpt":{"rendered":"<p>Auk\u0161ta vitrina \u201eModesto 02\u201c \u2013 tai baldas, leid\u017eiantis eksponuoti m\u0117gstamiausius daiktus. Dvi tvirtos lentynos padalija erdv\u0119 u\u017e stiklini\u0173 dur\u0173 \u012f tris ni\u0161as. Joje galite eksponuoti taures, porceliano kolekcij\u0105 ar suvenyrus i\u0161 kelioni\u0173. Jei norite dar labiau i\u0161ry\u0161kinti savo m\u0117gstamiausius daiktus, rinkit\u0117s m\u016bs\u0173 LED [\u2026]<\/p>","protected":false},"featured_media":95857,"comment_status":"open","ping_status":"open","template":"","meta":[],"product_brand":[],"product_cat":[2255,9219,2006],"product_tag":[],"class_list":{"0":"post-95856","1":"product","2":"type-product","3":"status-publish","4":"has-post-thumbnail","6":"product_cat-ml-meble","7":"product_cat-furniture-system-modesto-ml-meble","8":"product_cat-vitrines","10":"first","11":"instock","12":"purchasable","13":"product-type-simple"},"_links":{"self":[{"href":"https:\/\/baldumarket.lt\/lt\/wp-json\/wp\/v2\/product\/95856","targetHints":{"allow":["GET"]}}],"collection":[{"href":"https:\/\/baldumarket.lt\/lt\/wp-json\/wp\/v2\/product"}],"about":[{"href":"https:\/\/baldumarket.lt\/lt\/wp-json\/wp\/v2\/types\/product"}],"replies":[{"embeddable":true,"href":"https:\/\/baldumarket.lt\/lt\/wp-json\/wp\/v2\/comments?post=95856"}],"wp:featuredmedia":[{"embeddable":true,"href":"https:\/\/baldumarket.lt\/lt\/wp-json\/wp\/v2\/media\/95857"}],"wp:attachment":[{"href":"https:\/\/baldumarket.lt\/lt\/wp-json\/wp\/v2\/media?parent=95856"}],"wp:term":[{"taxonomy":"product_brand","embeddable":true,"href":"https:\/\/baldumarket.lt\/lt\/wp-json\/wp\/v2\/product_brand?post=95856"},{"taxonomy":"product_cat","embeddable":true,"href":"https:\/\/baldumarket.lt\/lt\/wp-json\/wp\/v2\/product_cat?post=95856"},{"taxonomy":"product_tag","embeddable":true,"href":"https:\/\/baldumarket.lt\/lt\/wp-json\/wp\/v2\/product_tag?post=95856"}],"curies":[{"name":"wp","href":"https:\/\/api.w.org\/{rel}","templated":true}]}}