{"id":95843,"date":"2025-12-05T15:59:37","date_gmt":"2025-12-05T12:59:37","guid":{"rendered":"https:\/\/baldumarket.lt\/product\/modesto-03-dab-stylowy-czarny-witryna-2d\/"},"modified":"2026-02-03T23:53:45","modified_gmt":"2026-02-03T20:53:45","slug":"modesto-03-dab-stylowy-czarny-witryna-2d","status":"publish","type":"product","link":"https:\/\/baldumarket.lt\/lt\/product\/modesto-03-dab-stylowy-czarny-witryna-2d\/","title":{"rendered":"MODESTO 03 stilinga \u0105\u017euolo\/juodos spalvos \u2013 2D vitrina"},"content":{"rendered":"<p>\u201eModesto 03\u201c vitrina \u2013 tai baldas, leid\u017eiantis jums eksponuoti m\u0117gstamiausius daiktus. Dvi lentynos padalija erdv\u0119 \u012f tris pla\u010dias ni\u0161as su dvigubomis durel\u0117mis. Joje galite eksponuoti taures, porceliano kolekcij\u0105 ar suvenyrus i\u0161 kelioni\u0173. Jei norite dar labiau i\u0161ry\u0161kinti savo m\u0117gstamiausius daiktus, rinkit\u0117s m\u016bs\u0173 LED ap\u0161vietim\u0105. Spintel\u0117s sklindanti \u0161viesa subtiliai su\u0161ildys vis\u0105 j\u016bs\u0173 interjer\u0105. Apatin\u0117je spintel\u0117s dalyje yra erdvi lentyna, puikiai tinkanti stalo \u012frankiams ar stalties\u0117ms laikyti. Paprastas stilius, universalus patrauklumas, didelis funkcionalumas ir auk\u0161tos kokyb\u0117s \u201eModesto 03\u201c spintel\u0117 pateisins visus j\u016bs\u0173 l\u016bkes\u010dius.<br \/>\n\u2022 Funkcional\u016bs, gra\u017eaus dizaino baldai.<br \/>\n\u2022 Papildomas naudojimo patogumas d\u0117l \u0161velniai u\u017esidaran\u010di\u0173 vyri\u0173.<br \/>\n\u2022 Ergonomi\u0161kos rankenos.<br \/>\n\u2022 Papildomas ap\u0161vietimas.<\/p>","protected":false},"excerpt":{"rendered":"<p>The Modesto 03 display cabinet is a piece of furniture that lets you showcase your favorite items. Two shelves divide the space into three wide alcoves with double doors. You can display glasses, a porcelain collection, or souvenirs from your travels. If you want to further highlight your favorite gadgets, choose our LED lighting. The [&hellip;]<\/p>","protected":false},"featured_media":95844,"comment_status":"open","ping_status":"open","template":"","meta":[],"product_brand":[],"product_cat":[2255,9219,2006],"product_tag":[],"class_list":{"0":"post-95843","1":"product","2":"type-product","3":"status-publish","4":"has-post-thumbnail","6":"product_cat-ml-meble","7":"product_cat-furniture-system-modesto-ml-meble","8":"product_cat-vitrines","10":"first","11":"instock","12":"purchasable","13":"product-type-simple"},"_links":{"self":[{"href":"https:\/\/baldumarket.lt\/lt\/wp-json\/wp\/v2\/product\/95843","targetHints":{"allow":["GET"]}}],"collection":[{"href":"https:\/\/baldumarket.lt\/lt\/wp-json\/wp\/v2\/product"}],"about":[{"href":"https:\/\/baldumarket.lt\/lt\/wp-json\/wp\/v2\/types\/product"}],"replies":[{"embeddable":true,"href":"https:\/\/baldumarket.lt\/lt\/wp-json\/wp\/v2\/comments?post=95843"}],"wp:featuredmedia":[{"embeddable":true,"href":"https:\/\/baldumarket.lt\/lt\/wp-json\/wp\/v2\/media\/95844"}],"wp:attachment":[{"href":"https:\/\/baldumarket.lt\/lt\/wp-json\/wp\/v2\/media?parent=95843"}],"wp:term":[{"taxonomy":"product_brand","embeddable":true,"href":"https:\/\/baldumarket.lt\/lt\/wp-json\/wp\/v2\/product_brand?post=95843"},{"taxonomy":"product_cat","embeddable":true,"href":"https:\/\/baldumarket.lt\/lt\/wp-json\/wp\/v2\/product_cat?post=95843"},{"taxonomy":"product_tag","embeddable":true,"href":"https:\/\/baldumarket.lt\/lt\/wp-json\/wp\/v2\/product_tag?post=95843"}],"curies":[{"name":"wp","href":"https:\/\/api.w.org\/{rel}","templated":true}]}}