{"id":95833,"date":"2025-12-05T15:59:29","date_gmt":"2025-12-05T12:59:29","guid":{"rendered":"https:\/\/baldumarket.lt\/product\/modesto-04-dab-stylowy-czarny-komoda-4s2d\/"},"modified":"2026-02-03T23:53:45","modified_gmt":"2026-02-03T20:53:45","slug":"modesto-04-dab-stylowy-czarny-komoda-4s2d","status":"publish","type":"product","link":"https:\/\/baldumarket.lt\/lt\/product\/modesto-04-dab-stylowy-czarny-komoda-4s2d\/","title":{"rendered":"MODESTO 04 stilinga \u0105\u017euolo\/juodos spalvos komoda 4S2D"},"content":{"rendered":"<p>Didel\u0117 \u201eModesto 04\u201c komoda \u2013 puikus sprendimas daiktams susid\u0117ti. U\u017e dviej\u0173 dureli\u0173 rasite i\u0161 viso keturis erdvius skyrius. Juose galite laikyti drabu\u017eius, rank\u0161luos\u010dius ir patalyn\u0119. Viduje yra keturi gil\u016bs stal\u010diai, kuriuose yra daug vietos dokumentams, stalties\u0117ms ar kitai nam\u0173 tekstilei. \u0160i komoda bus puikus j\u016bs\u0173 svetain\u0117s ar miegamojo papildymas. Platus stalvir\u0161is puikiai tinka eleganti\u0161koms vazoms, kelioni\u0173 suvenyrams ar kitiems m\u0117gstamiems daiktams eksponuoti. Paprastas stilius, universalus patrauklumas, didelis funkcionalumas ir auk\u0161tos kokyb\u0117s \u201eModesto 04\u201c meistri\u0161kumas pateisins visus j\u016bs\u0173 l\u016bkes\u010dius.<br \/>\n\u2022 Funkcionalus baldas su gra\u017eiu dizainu.<br \/>\n\u2022 Padidinta stal\u010di\u0173 talpa d\u0117l specialiai sutvirtinto dugno.<br \/>\n\u2022 Stal\u010diai su patogia pilno i\u0161traukimo sistema.<br \/>\n\u2022 \u0160velniai u\u017esidarantys vyriai papildomam patogumui.<br \/>\n\u2022 Ergonomi\u0161kos rankenos.<\/p>","protected":false},"excerpt":{"rendered":"<p>Didel\u0117 \u201eModesto 04\u201c komoda \u2013 puikus sprendimas daiktams susid\u0117ti. U\u017e dviej\u0173 dureli\u0173 rasite i\u0161 viso keturis erdvius skyrius. Juose galite laikyti drabu\u017eius, rank\u0161luos\u010dius ir patalyn\u0119. Viduje yra keturi gil\u016bs stal\u010diai, kuriuose yra daug vietos dokumentams, stalties\u0117ms ar kitiems nam\u0173 tekstil\u0117s gaminiams. \u0160i komoda bus puikus [\u2026]<\/p>","protected":false},"featured_media":95834,"comment_status":"open","ping_status":"open","template":"","meta":[],"product_brand":[],"product_cat":[1173,2255,9219],"product_tag":[],"class_list":{"0":"post-95833","1":"product","2":"type-product","3":"status-publish","4":"has-post-thumbnail","6":"product_cat-chests-of-drawers","7":"product_cat-ml-meble","8":"product_cat-furniture-system-modesto-ml-meble","10":"first","11":"instock","12":"purchasable","13":"product-type-simple"},"_links":{"self":[{"href":"https:\/\/baldumarket.lt\/lt\/wp-json\/wp\/v2\/product\/95833","targetHints":{"allow":["GET"]}}],"collection":[{"href":"https:\/\/baldumarket.lt\/lt\/wp-json\/wp\/v2\/product"}],"about":[{"href":"https:\/\/baldumarket.lt\/lt\/wp-json\/wp\/v2\/types\/product"}],"replies":[{"embeddable":true,"href":"https:\/\/baldumarket.lt\/lt\/wp-json\/wp\/v2\/comments?post=95833"}],"wp:featuredmedia":[{"embeddable":true,"href":"https:\/\/baldumarket.lt\/lt\/wp-json\/wp\/v2\/media\/95834"}],"wp:attachment":[{"href":"https:\/\/baldumarket.lt\/lt\/wp-json\/wp\/v2\/media?parent=95833"}],"wp:term":[{"taxonomy":"product_brand","embeddable":true,"href":"https:\/\/baldumarket.lt\/lt\/wp-json\/wp\/v2\/product_brand?post=95833"},{"taxonomy":"product_cat","embeddable":true,"href":"https:\/\/baldumarket.lt\/lt\/wp-json\/wp\/v2\/product_cat?post=95833"},{"taxonomy":"product_tag","embeddable":true,"href":"https:\/\/baldumarket.lt\/lt\/wp-json\/wp\/v2\/product_tag?post=95833"}],"curies":[{"name":"wp","href":"https:\/\/api.w.org\/{rel}","templated":true}]}}