{"id":95823,"date":"2025-12-05T15:59:21","date_gmt":"2025-12-05T12:59:21","guid":{"rendered":"https:\/\/baldumarket.lt\/product\/modesto-01-dab-stylowy-czarny-szafa-2d\/"},"modified":"2026-02-03T23:53:45","modified_gmt":"2026-02-03T20:53:45","slug":"modesto-01-dab-stylowy-czarny-szafa-2d","status":"publish","type":"product","link":"https:\/\/baldumarket.lt\/lt\/product\/modesto-01-dab-stylowy-czarny-szafa-2d\/","title":{"rendered":"MODESTO 01 stilinga \u0105\u017euolo\/juodos spalvos \u2013 2D spinta"},"content":{"rendered":"<p>Dviej\u0173 dur\u0173 \u201eModesto 01\u201c spinta \u2013 puikus sprendimas drabu\u017eiams, aksesuarams ir kitiems nam\u0173 tekstil\u0117s gaminiams laikyti. D\u0117l tvirto b\u0117gelio, einan\u010dio per vis\u0105 spintos plot\u012f, galite pakabinti paltus, kostium\u0117lius ar sukneles. Didel\u0117 vir\u0161utin\u0117s ir apatin\u0117s lentyn\u0173 talpa taip pat leis jums susid\u0117ti patalyn\u0119 ar rank\u0161luos\u010dius. Paprastas stilius, universalus patrauklumas, didelis funkcionalumas ir auk\u0161tos kokyb\u0117s \u201eModesto 01\u201c spinta pateisins visus j\u016bs\u0173 l\u016bkes\u010dius.<br \/>\n\u2022 Funkcionalus baldas su gra\u017eiu dizainu.<br \/>\n\u2022 Papildomas naudojimo patogumas d\u0117l \u0161velniai u\u017esidaran\u010di\u0173 vyri\u0173.<br \/>\n\u2022 Ergonomi\u0161kos rankenos.<\/p>","protected":false},"excerpt":{"rendered":"<p>The Modesto 01 two-door wardrobe is a perfect solution for storing your clothes, accessories, and other home textiles. Thanks to the sturdy rail spanning the entire width of the wardrobe, you can hang coats, suits, or dresses. The ample capacity of the upper and lower shelves will also accommodate bedding or towels. The simple style, [&hellip;]<\/p>","protected":false},"featured_media":95824,"comment_status":"open","ping_status":"open","template":"","meta":[],"product_brand":[],"product_cat":[2255,9219,1177],"product_tag":[],"class_list":{"0":"post-95823","1":"product","2":"type-product","3":"status-publish","4":"has-post-thumbnail","6":"product_cat-ml-meble","7":"product_cat-furniture-system-modesto-ml-meble","8":"product_cat-wardrobes","10":"first","11":"instock","12":"purchasable","13":"product-type-simple"},"_links":{"self":[{"href":"https:\/\/baldumarket.lt\/lt\/wp-json\/wp\/v2\/product\/95823","targetHints":{"allow":["GET"]}}],"collection":[{"href":"https:\/\/baldumarket.lt\/lt\/wp-json\/wp\/v2\/product"}],"about":[{"href":"https:\/\/baldumarket.lt\/lt\/wp-json\/wp\/v2\/types\/product"}],"replies":[{"embeddable":true,"href":"https:\/\/baldumarket.lt\/lt\/wp-json\/wp\/v2\/comments?post=95823"}],"wp:featuredmedia":[{"embeddable":true,"href":"https:\/\/baldumarket.lt\/lt\/wp-json\/wp\/v2\/media\/95824"}],"wp:attachment":[{"href":"https:\/\/baldumarket.lt\/lt\/wp-json\/wp\/v2\/media?parent=95823"}],"wp:term":[{"taxonomy":"product_brand","embeddable":true,"href":"https:\/\/baldumarket.lt\/lt\/wp-json\/wp\/v2\/product_brand?post=95823"},{"taxonomy":"product_cat","embeddable":true,"href":"https:\/\/baldumarket.lt\/lt\/wp-json\/wp\/v2\/product_cat?post=95823"},{"taxonomy":"product_tag","embeddable":true,"href":"https:\/\/baldumarket.lt\/lt\/wp-json\/wp\/v2\/product_tag?post=95823"}],"curies":[{"name":"wp","href":"https:\/\/api.w.org\/{rel}","templated":true}]}}