{"id":95812,"date":"2025-12-05T15:59:12","date_gmt":"2025-12-05T12:59:12","guid":{"rendered":"https:\/\/baldumarket.lt\/product\/urso-1401-craft-zloty-czarny-lozko-160-200\/"},"modified":"2026-02-03T23:53:45","modified_gmt":"2026-02-03T20:53:45","slug":"urso-1401-craft-zloty-czarny-lozko-160-200","status":"publish","type":"product","link":"https:\/\/baldumarket.lt\/lt\/product\/urso-1401-craft-zloty-czarny-lozko-160-200\/","title":{"rendered":"URSO 1401 craft auksin\u0117\/juoda \u2013 lova 160\/200"},"content":{"rendered":"<p>\u201eUrso 1401\u201c lova \u2013 tobulas baldas j\u016bs\u0173 miegamajam. Visos jos savyb\u0117s atitiks net auk\u0161\u010diausius komforto ir funkcionalumo standartus. Pagaminta i\u0161 auk\u0161tos kokyb\u0117s lentos, lova u\u017etikrina stabilum\u0105 ir ilgaam\u017ei\u0161kum\u0105. Apmu\u0161tas galv\u016bgalis suteiks j\u016bs\u0173 interjerui elegancijos. Juodo aksomo apmu\u0161alai suteiks ne tik estetinio patrauklumo, bet ir funkcionalumo. D\u0117l mink\u0161to u\u017epildo ir kokybi\u0161kos med\u017eiagos vakare mielai atlo\u0161site galv\u0105 ar nugar\u0105 skaitydami knyg\u0105 ar \u017ei\u016br\u0117dami film\u0105. Dar vienas \u201eUrso\u201c lovos privalumas \u2013 metalinis r\u0117mas, kurio patvarumas garantuoja tvirt\u0105 \u010diu\u017einio atram\u0105. Patogus miegas \u2013 ne vienintelis \u0161io baldo privalumas. D\u0117l r\u0117me \u012fmontuot\u0173 dujini\u0173 amortizatori\u0173 galite lengvai pakelti vis\u0105 konstrukcij\u0105, \u012fskaitant \u010diu\u017ein\u012f. \u0160is sprendimas suteikia lengv\u0105 prieig\u0105 prie patalyn\u0117s skyriaus, patogiai laikant antklod\u0119, pagalves ar kitus nam\u0173 tekstil\u0117s gaminius. \u201eUrso 1401\u201c dizainas derina klasikin\u012f \u0105\u017euolo ra\u0161to stili\u0173 su juodu pagrindu ir rafinuotu juodo aksomo galv\u016bgaliu. \u2022 Funkciniai baldai, gra\u017eaus dizaino.<br \/>\n\u2022 Galvos atrama aptraukta auk\u0161tos kokyb\u0117s audiniu.<br \/>\n\u2022 Pakeliamas r\u0117mas ir patalyn\u0117s skyrius \u012feina \u012f standartin\u0119 komplektacij\u0105.<br \/>\n\u2022 Miegamoji erdv\u0117: 160 x 200 cm.<\/p>","protected":false},"excerpt":{"rendered":"<p>Lova \u201eUrso 1401\u201c \u2013 tobulas baldas j\u016bs\u0173 miegamajam. Visos jos savyb\u0117s atitiks net auk\u0161\u010diausius komforto ir funkcionalumo standartus. Pagaminta i\u0161 auk\u0161tos kokyb\u0117s lentos, lova u\u017etikrina stabilum\u0105 ir ilgaam\u017ei\u0161kum\u0105. Apmu\u0161tas galv\u016bgalis suteiks j\u016bs\u0173 interjerui elegancijos. Juodo aksomo apmu\u0161alai u\u017etikrins [\u2026]<\/p>","protected":false},"featured_media":95813,"comment_status":"open","ping_status":"open","template":"","meta":[],"product_brand":[],"product_cat":[505,2255,9220],"product_tag":[],"class_list":{"0":"post-95812","1":"product","2":"type-product","3":"status-publish","4":"has-post-thumbnail","6":"product_cat-bedroom-beds","7":"product_cat-ml-meble","8":"product_cat-furniture-system-urso-ml-meble","10":"first","11":"instock","12":"purchasable","13":"product-type-simple"},"_links":{"self":[{"href":"https:\/\/baldumarket.lt\/lt\/wp-json\/wp\/v2\/product\/95812","targetHints":{"allow":["GET"]}}],"collection":[{"href":"https:\/\/baldumarket.lt\/lt\/wp-json\/wp\/v2\/product"}],"about":[{"href":"https:\/\/baldumarket.lt\/lt\/wp-json\/wp\/v2\/types\/product"}],"replies":[{"embeddable":true,"href":"https:\/\/baldumarket.lt\/lt\/wp-json\/wp\/v2\/comments?post=95812"}],"wp:featuredmedia":[{"embeddable":true,"href":"https:\/\/baldumarket.lt\/lt\/wp-json\/wp\/v2\/media\/95813"}],"wp:attachment":[{"href":"https:\/\/baldumarket.lt\/lt\/wp-json\/wp\/v2\/media?parent=95812"}],"wp:term":[{"taxonomy":"product_brand","embeddable":true,"href":"https:\/\/baldumarket.lt\/lt\/wp-json\/wp\/v2\/product_brand?post=95812"},{"taxonomy":"product_cat","embeddable":true,"href":"https:\/\/baldumarket.lt\/lt\/wp-json\/wp\/v2\/product_cat?post=95812"},{"taxonomy":"product_tag","embeddable":true,"href":"https:\/\/baldumarket.lt\/lt\/wp-json\/wp\/v2\/product_tag?post=95812"}],"curies":[{"name":"wp","href":"https:\/\/api.w.org\/{rel}","templated":true}]}}