{"id":95792,"date":"2025-12-05T15:58:55","date_gmt":"2025-12-05T12:58:55","guid":{"rendered":"https:\/\/baldumarket.lt\/product\/urso-03-craft-zloty-czarny-szafa-2d\/"},"modified":"2026-02-03T23:53:45","modified_gmt":"2026-02-03T20:53:45","slug":"urso-03-craft-zloty-czarny-szafa-2d","status":"publish","type":"product","link":"https:\/\/baldumarket.lt\/lt\/product\/urso-03-craft-zloty-czarny-szafa-2d\/","title":{"rendered":"URSO 03 rankdarbi\u0173 aukso\/juodos spalvos \u2013 2D spinta"},"content":{"rendered":"<p>Dviej\u0173 dur\u0173 \u201eUrso 03\u201c spinta \u2013 puikus sprendimas drabu\u017eiams, aksesuarams ir kitiems nam\u0173 tekstil\u0117s gaminiams laikyti. Tvirtas strypas, einantis per vis\u0105 spintos plot\u012f, leid\u017eia pakabinti paltus, kostium\u0117lius ar sukneles. Didel\u0117 vir\u0161utin\u0117 ir apatin\u0117 lentynos taip pat leid\u017eia susid\u0117ti patalyn\u0119 ir rank\u0161luos\u010dius. \u201eUrso 03\u201c dizainas derina klasikin\u012f \u0105\u017euolo ra\u0161to stili\u0173 su moderniu juod\u0173 element\u0173 pavidalu. Original\u016bs, frezuoti \u012fd\u0117klai pabr\u0117\u017eia unikal\u0173 vis\u0173 \u201eUrso\u201c kolekcijos gamini\u0173 charakter\u012f.<br \/>\n\u2022 Funkcionalus baldas su gra\u017eiu dizainu.<br \/>\n\u2022 Papildomas naudojimo patogumas d\u0117l \u0161velniai u\u017esidaran\u010di\u0173 vyri\u0173.<br \/>\n\u2022 Grioveliais i\u0161klotos MDF plok\u0161t\u0117s.<br \/>\n\u2022 Ergonomi\u0161kos rankenos.<\/p>","protected":false},"excerpt":{"rendered":"<p>Dviej\u0173 dur\u0173 \u201eUrso 03\u201c spinta \u2013 puikus sprendimas drabu\u017eiams, aksesuarams ir kitiems nam\u0173 tekstil\u0117s gaminiams laikyti. Tvirtas strypas, einantis per vis\u0105 spintos plot\u012f, leid\u017eia pakabinti paltus, kostium\u0117lius ar sukneles. Didel\u0117 vir\u0161utin\u0117 ir apatin\u0117 lentynos taip pat leid\u017eia laikyti patalyn\u0119 ir rank\u0161luos\u010dius. \u201eUrso [\u2026]\u201c<\/p>","protected":false},"featured_media":95793,"comment_status":"open","ping_status":"open","template":"","meta":[],"product_brand":[],"product_cat":[2255,9220,1177],"product_tag":[],"class_list":{"0":"post-95792","1":"product","2":"type-product","3":"status-publish","4":"has-post-thumbnail","6":"product_cat-ml-meble","7":"product_cat-furniture-system-urso-ml-meble","8":"product_cat-wardrobes","10":"first","11":"instock","12":"purchasable","13":"product-type-simple"},"_links":{"self":[{"href":"https:\/\/baldumarket.lt\/lt\/wp-json\/wp\/v2\/product\/95792","targetHints":{"allow":["GET"]}}],"collection":[{"href":"https:\/\/baldumarket.lt\/lt\/wp-json\/wp\/v2\/product"}],"about":[{"href":"https:\/\/baldumarket.lt\/lt\/wp-json\/wp\/v2\/types\/product"}],"replies":[{"embeddable":true,"href":"https:\/\/baldumarket.lt\/lt\/wp-json\/wp\/v2\/comments?post=95792"}],"wp:featuredmedia":[{"embeddable":true,"href":"https:\/\/baldumarket.lt\/lt\/wp-json\/wp\/v2\/media\/95793"}],"wp:attachment":[{"href":"https:\/\/baldumarket.lt\/lt\/wp-json\/wp\/v2\/media?parent=95792"}],"wp:term":[{"taxonomy":"product_brand","embeddable":true,"href":"https:\/\/baldumarket.lt\/lt\/wp-json\/wp\/v2\/product_brand?post=95792"},{"taxonomy":"product_cat","embeddable":true,"href":"https:\/\/baldumarket.lt\/lt\/wp-json\/wp\/v2\/product_cat?post=95792"},{"taxonomy":"product_tag","embeddable":true,"href":"https:\/\/baldumarket.lt\/lt\/wp-json\/wp\/v2\/product_tag?post=95792"}],"curies":[{"name":"wp","href":"https:\/\/api.w.org\/{rel}","templated":true}]}}