{"id":95775,"date":"2025-12-05T15:58:39","date_gmt":"2025-12-05T12:58:39","guid":{"rendered":"https:\/\/baldumarket.lt\/product\/selgin-02-cashmere-witryna-4d\/"},"modified":"2026-02-03T23:53:45","modified_gmt":"2026-02-03T20:53:45","slug":"selgin-02-cashmere-witryna-4d","status":"publish","type":"product","link":"https:\/\/baldumarket.lt\/lt\/product\/selgin-02-cashmere-witryna-4d\/","title":{"rendered":"Selgin 02 ka\u0161myras \u2013 4D svetain\u0117"},"content":{"rendered":"<p>\u201eSelgin 02\u201c vitrina \u2013 tai baldas, leid\u017eiantis jums eksponuoti m\u0117gstamiausius daiktus. Dvi lentynos erdv\u0119 padalija \u012f keturias ni\u0161as, kuri\u0173 kiekviena u\u017edaroma dvigubo stiklo durel\u0117mis. \u0160ios lentynos puikiai tinka eksponuoti taures, porceliano kolekcij\u0105 ar kelioni\u0173 suvenyrus. Apatin\u0117je spintel\u0117s dalyje yra erdvi lentyna, puikiai tinkanti stalo \u012frankiams ar stalties\u0117ms laikyti. Taip pat yra kojinis \u0161viesos jungiklis. Spintel\u0117 stovi ant stabili\u0173, auk\u0161t\u0173 kojeli\u0173, pagamint\u0173 i\u0161 patvaraus metalo. Dvigubai cinkuotos rankenos ir aukso spalvos kojel\u0117s garantuoja patog\u0173 naudojim\u0105 daugel\u012f met\u0173. \u201eSelgin\u201c kolekcijos baldai derina auk\u0161t\u0105 funkcionalum\u0105 ir stulbinant\u012f dizain\u0105.<br \/>\n\u2022 \u0160velniai u\u017esidarantys vyriai.<br \/>\n\u2022 Ergonomi\u0161kos metalin\u0117s rankenos.<br \/>\n\u2022 Auk\u0161tos metalin\u0117s kojel\u0117s palengvina valym\u0105 ir suteikia netrukdom\u0105 prieig\u0105 prie dulki\u0173 siurblio.<\/p>","protected":false},"excerpt":{"rendered":"<p>\u201eSelgin 02\u201c vitrina \u2013 tai baldas, leid\u017eiantis eksponuoti m\u0117gstamiausius daiktus. Dvi lentynos erdv\u0119 padalija \u012f keturias ni\u0161as, kuri\u0173 kiekviena u\u017edaroma dvigubomis stiklin\u0117mis durel\u0117mis. \u0160ios lentynos puikiai tinka eksponuoti taures, porceliano kolekcij\u0105 ar suvenyrus i\u0161 kelioni\u0173. Apatin\u0117je spintel\u0117s dalyje yra [\u2026]<\/p>","protected":false},"featured_media":95661,"comment_status":"open","ping_status":"open","template":"","meta":[],"product_brand":[],"product_cat":[2255,9217,2006],"product_tag":[],"class_list":{"0":"post-95775","1":"product","2":"type-product","3":"status-publish","4":"has-post-thumbnail","6":"product_cat-ml-meble","7":"product_cat-furniture-system-selgin-ml-meble","8":"product_cat-vitrines","10":"first","11":"instock","12":"purchasable","13":"product-type-simple"},"_links":{"self":[{"href":"https:\/\/baldumarket.lt\/lt\/wp-json\/wp\/v2\/product\/95775","targetHints":{"allow":["GET"]}}],"collection":[{"href":"https:\/\/baldumarket.lt\/lt\/wp-json\/wp\/v2\/product"}],"about":[{"href":"https:\/\/baldumarket.lt\/lt\/wp-json\/wp\/v2\/types\/product"}],"replies":[{"embeddable":true,"href":"https:\/\/baldumarket.lt\/lt\/wp-json\/wp\/v2\/comments?post=95775"}],"wp:featuredmedia":[{"embeddable":true,"href":"https:\/\/baldumarket.lt\/lt\/wp-json\/wp\/v2\/media\/95661"}],"wp:attachment":[{"href":"https:\/\/baldumarket.lt\/lt\/wp-json\/wp\/v2\/media?parent=95775"}],"wp:term":[{"taxonomy":"product_brand","embeddable":true,"href":"https:\/\/baldumarket.lt\/lt\/wp-json\/wp\/v2\/product_brand?post=95775"},{"taxonomy":"product_cat","embeddable":true,"href":"https:\/\/baldumarket.lt\/lt\/wp-json\/wp\/v2\/product_cat?post=95775"},{"taxonomy":"product_tag","embeddable":true,"href":"https:\/\/baldumarket.lt\/lt\/wp-json\/wp\/v2\/product_tag?post=95775"}],"curies":[{"name":"wp","href":"https:\/\/api.w.org\/{rel}","templated":true}]}}