{"id":95759,"date":"2025-12-05T15:58:24","date_gmt":"2025-12-05T12:58:24","guid":{"rendered":"https:\/\/baldumarket.lt\/product\/selgin-01-cashmere-witryna-2d\/"},"modified":"2026-02-03T23:53:45","modified_gmt":"2026-02-03T20:53:45","slug":"selgin-01-cashmere-witryna-2d","status":"publish","type":"product","link":"https:\/\/baldumarket.lt\/lt\/product\/selgin-01-cashmere-witryna-2d\/","title":{"rendered":"Selgin 01 ka\u0161myras \u2013 2D svetain\u0117"},"content":{"rendered":"<p>\u201eSelgin 01\u201c vitrina \u2013 tai baldas, leid\u017eiantis jums eksponuoti m\u0117gstamiausius daiktus. Trys lentynos padalija stiklin\u0119 erdv\u0119 \u012f keturias ni\u0161as. Jos puikiai tinka laikyti stiklines, porceliano kolekcij\u0105 ar suvenyrus i\u0161 kelioni\u0173. Apatin\u0117je dalyje yra u\u017erakinama lentyna stalo \u012frankiams ar stalties\u0117ms laikyti. Spintel\u0117 stovi ant stabili\u0173, auk\u0161t\u0173 kojeli\u0173, pagamint\u0173 i\u0161 patvaraus metalo. Dvigubai cinkuotos rankenos ir aukso spalvos kojel\u0117s garantuoja patog\u0173 naudojim\u0105 daugel\u012f met\u0173. \u201eSelgin\u201c kolekcijos baldai derina auk\u0161t\u0105 funkcionalum\u0105 ir stulbinant\u012f dizain\u0105.<br \/>\n\u2022 \u0160velniai u\u017esidarantys vyriai.<br \/>\n\u2022 Ergonomi\u0161kos metalin\u0117s rankenos.<br \/>\n\u2022 Auk\u0161tos metalin\u0117s kojel\u0117s palengvina valym\u0105 ir suteikia neribot\u0105 prieig\u0105 dulki\u0173 siurbliui.<br \/>\n\u2022 Spintel\u0119 galima surinkti su pasirinktomis dureli\u0173 atidarymo pus\u0117mis.<\/p>","protected":false},"excerpt":{"rendered":"<p>\u201eSelgin 01\u201c vitrina \u2013 tai baldas, leid\u017eiantis eksponuoti m\u0117gstamiausius daiktus. Trys lentynos padalija stiklin\u0119 erdv\u0119 \u012f keturias ni\u0161as. Jos puikiai tinka laikyti stiklines, porceliano kolekcij\u0105 ar suvenyrus i\u0161 kelioni\u0173. Apatin\u0117je dalyje yra u\u017erakinama lentyna stalo \u012frankiams ar stalties\u0117ms laikyti. Spintel\u0117 stovi [\u2026]<\/p>","protected":false},"featured_media":95760,"comment_status":"open","ping_status":"open","template":"","meta":[],"product_brand":[],"product_cat":[2255,9217,2006],"product_tag":[],"class_list":{"0":"post-95759","1":"product","2":"type-product","3":"status-publish","4":"has-post-thumbnail","6":"product_cat-ml-meble","7":"product_cat-furniture-system-selgin-ml-meble","8":"product_cat-vitrines","10":"first","11":"instock","12":"purchasable","13":"product-type-simple"},"_links":{"self":[{"href":"https:\/\/baldumarket.lt\/lt\/wp-json\/wp\/v2\/product\/95759","targetHints":{"allow":["GET"]}}],"collection":[{"href":"https:\/\/baldumarket.lt\/lt\/wp-json\/wp\/v2\/product"}],"about":[{"href":"https:\/\/baldumarket.lt\/lt\/wp-json\/wp\/v2\/types\/product"}],"replies":[{"embeddable":true,"href":"https:\/\/baldumarket.lt\/lt\/wp-json\/wp\/v2\/comments?post=95759"}],"wp:featuredmedia":[{"embeddable":true,"href":"https:\/\/baldumarket.lt\/lt\/wp-json\/wp\/v2\/media\/95760"}],"wp:attachment":[{"href":"https:\/\/baldumarket.lt\/lt\/wp-json\/wp\/v2\/media?parent=95759"}],"wp:term":[{"taxonomy":"product_brand","embeddable":true,"href":"https:\/\/baldumarket.lt\/lt\/wp-json\/wp\/v2\/product_brand?post=95759"},{"taxonomy":"product_cat","embeddable":true,"href":"https:\/\/baldumarket.lt\/lt\/wp-json\/wp\/v2\/product_cat?post=95759"},{"taxonomy":"product_tag","embeddable":true,"href":"https:\/\/baldumarket.lt\/lt\/wp-json\/wp\/v2\/product_tag?post=95759"}],"curies":[{"name":"wp","href":"https:\/\/api.w.org\/{rel}","templated":true}]}}