{"id":95739,"date":"2025-12-05T15:58:07","date_gmt":"2025-12-05T12:58:07","guid":{"rendered":"https:\/\/baldumarket.lt\/product\/urso-06-craft-zloty-czarny-komoda-2d4s\/"},"modified":"2026-02-03T23:53:45","modified_gmt":"2026-02-03T20:53:45","slug":"urso-06-craft-zloty-czarny-komoda-2d4s","status":"publish","type":"product","link":"https:\/\/baldumarket.lt\/lt\/product\/urso-06-craft-zloty-czarny-komoda-2d4s\/","title":{"rendered":"URSO 06 craft aukso\/juodos spalvos &#8211; 2D4S komoda"},"content":{"rendered":"<p>Didel\u0117 komoda \u201eUrso 06\u201c \u2013 puikus daikt\u0173 laikymo sprendimas. U\u017e kiekvien\u0173 dureli\u0173 lentyna padalija erdv\u0119 \u012f du erdvius skyrius. \u0160ie skyriai puikiai tinka drabu\u017eiams, rank\u0161luos\u010diams ir patalynei laikyti. Keturi gil\u016bs stal\u010diai suteikia daug vietos dokumentams, stalties\u0117ms ar kitiems nam\u0173 tekstil\u0117s gaminiams. \u0160i komoda bus puikus j\u016bs\u0173 svetain\u0117s ar miegamojo papildymas. Platus stalvir\u0161is \u2013 puiki vieta eleganti\u0161koms vazoms, kelioni\u0173 suvenyrams ar kitiems m\u0117gstamiems daiktams eksponuoti. \u201eUrso 06\u201c dizainas derina klasikin\u012f \u0105\u017euolo ra\u0161to stili\u0173 su moderniu juod\u0173 element\u0173 pavidalu. Original\u016bs, frezuoti \u012fd\u0117klai pabr\u0117\u017eia unikal\u0173 vis\u0173 \u201eUrso\u201c kolekcijos gamini\u0173 charakter\u012f.<br \/>\n\u2022 Funkcionalus baldas su gra\u017eiu dizainu.<br \/>\n\u2022 Padidinta stal\u010di\u0173 talpa d\u0117l specialiai sutvirtinto dugno.<br \/>\n\u2022 Stal\u010diai su patogia pilno i\u0161traukimo sistema.<br \/>\n\u2022 Papildomas naudojimo patogumas d\u0117l \u0161velniai u\u017esidaran\u010di\u0173 vyri\u0173. \u2022 Grioveliais i\u0161klotos MDF plok\u0161t\u0117s. \u2022 Ergonomi\u0161kos rankenos.<\/p>","protected":false},"excerpt":{"rendered":"<p>The large Urso 06 chest of drawers is the perfect storage unit. Behind each door, a shelf divides the space into two spacious compartments. These compartments are perfect for storing clothes, towels, and bedding. Four deep drawers provide ample space for documents, tablecloths, or other home textiles. This chest of drawers will be a great [&hellip;]<\/p>","protected":false},"featured_media":95740,"comment_status":"open","ping_status":"open","template":"","meta":[],"product_brand":[],"product_cat":[1173,2255,9220],"product_tag":[],"class_list":{"0":"post-95739","1":"product","2":"type-product","3":"status-publish","4":"has-post-thumbnail","6":"product_cat-chests-of-drawers","7":"product_cat-ml-meble","8":"product_cat-furniture-system-urso-ml-meble","10":"first","11":"instock","12":"purchasable","13":"product-type-simple"},"_links":{"self":[{"href":"https:\/\/baldumarket.lt\/lt\/wp-json\/wp\/v2\/product\/95739","targetHints":{"allow":["GET"]}}],"collection":[{"href":"https:\/\/baldumarket.lt\/lt\/wp-json\/wp\/v2\/product"}],"about":[{"href":"https:\/\/baldumarket.lt\/lt\/wp-json\/wp\/v2\/types\/product"}],"replies":[{"embeddable":true,"href":"https:\/\/baldumarket.lt\/lt\/wp-json\/wp\/v2\/comments?post=95739"}],"wp:featuredmedia":[{"embeddable":true,"href":"https:\/\/baldumarket.lt\/lt\/wp-json\/wp\/v2\/media\/95740"}],"wp:attachment":[{"href":"https:\/\/baldumarket.lt\/lt\/wp-json\/wp\/v2\/media?parent=95739"}],"wp:term":[{"taxonomy":"product_brand","embeddable":true,"href":"https:\/\/baldumarket.lt\/lt\/wp-json\/wp\/v2\/product_brand?post=95739"},{"taxonomy":"product_cat","embeddable":true,"href":"https:\/\/baldumarket.lt\/lt\/wp-json\/wp\/v2\/product_cat?post=95739"},{"taxonomy":"product_tag","embeddable":true,"href":"https:\/\/baldumarket.lt\/lt\/wp-json\/wp\/v2\/product_tag?post=95739"}],"curies":[{"name":"wp","href":"https:\/\/api.w.org\/{rel}","templated":true}]}}