{"id":95729,"date":"2025-12-05T15:57:58","date_gmt":"2025-12-05T12:57:58","guid":{"rendered":"https:\/\/baldumarket.lt\/product\/urso-02-craft-zloty-czarny-szafa-3d2s\/"},"modified":"2026-02-03T23:53:45","modified_gmt":"2026-02-03T20:53:45","slug":"urso-02-craft-zloty-czarny-szafa-3d2s","status":"publish","type":"product","link":"https:\/\/baldumarket.lt\/lt\/product\/urso-02-craft-zloty-czarny-szafa-3d2s\/","title":{"rendered":"URSO 02 rankdarbi\u0173 aukso\/juodos spalvos \u2013 3D2S spinta"},"content":{"rendered":"<p>Trij\u0173 dur\u0173 \u201eUrso 02\u201c spinta \u2013 tai baldas, puikiai tinkantis drabu\u017eiams, aksesuarams ir kitai nam\u0173 tekstilei laikyti. Strukt\u016bra suskirstyta \u012f tris funkcines zonas. Pagrindin\u0117 dalis \u2013 tai didel\u0117 erdv\u0117 su tvirta strypu mar\u0161kiniams, kostiumams ar keln\u0117ms pakabinti. Kair\u0117je spintos pus\u0117je yra penkios erdvios ni\u0161os, kuriose galite tvarkingai laikyti drabu\u017eius, patalyn\u0119 ar rank\u0161luos\u010dius. Apatin\u0117je spintos dalyje yra du dideli stal\u010diai, puikiai tinkantys apatiniams drabu\u017eiams ar kojin\u0117ms. Du fasadai papuo\u0161ti \u0161e\u0161iais veidrod\u017eiais, kurie palengvina kasdien\u012f stili\u0173 ir rengim\u0105si. Veidrodiniai skydeliai dar labiau vizualiai padidins erdv\u0119. \u201eUrso 02\u201c dizainas derina klasikin\u012f \u0105\u017euolo ra\u0161to stili\u0173 su moderniu juod\u0173 element\u0173 pavidalu. Original\u016bs, frezuoti \u012fd\u0117klai pabr\u0117\u017eia unikal\u0173 vis\u0173 \u201eUrso\u201c kolekcijos gamini\u0173 charakter\u012f.<br \/>\n\u2022 Funkcional\u016bs, gra\u017eaus dizaino baldai.<br \/>\n\u2022 Papildomas naudojimo patogumas d\u0117l vyri\u0173 su \u0161velnaus u\u017edarymo sistema. \u2022 Stal\u010diai su patogia pilno i\u0161traukimo sistema ir sutvirtintais dugnais. \u2022 Grioveliais i\u0161graviruotos MDF plok\u0161t\u0117s juostel\u0117s. \u2022 Ergonomi\u0161kos rankenos.<\/p>","protected":false},"excerpt":{"rendered":"<p>Trij\u0173 dur\u0173 \u201eUrso 02\u201c spinta \u2013 tai baldas, puikiai tinkantis drabu\u017eiams, aksesuarams ir kitiems nam\u0173 tekstil\u0117s gaminiams laikyti. Strukt\u016bra suskirstyta \u012f tris funkcines zonas. Pagrindin\u0117 dalis yra didel\u0117 erdv\u0117 su tvirta strypu mar\u0161kiniams, kostiumams ar keln\u0117ms pakabinti. Kair\u0117je spintos pus\u0117je yra penkios erdvios [\u2026]<\/p>","protected":false},"featured_media":95730,"comment_status":"open","ping_status":"open","template":"","meta":[],"product_brand":[],"product_cat":[2255,9220,1177],"product_tag":[],"class_list":{"0":"post-95729","1":"product","2":"type-product","3":"status-publish","4":"has-post-thumbnail","6":"product_cat-ml-meble","7":"product_cat-furniture-system-urso-ml-meble","8":"product_cat-wardrobes","10":"first","11":"instock","12":"purchasable","13":"product-type-simple"},"_links":{"self":[{"href":"https:\/\/baldumarket.lt\/lt\/wp-json\/wp\/v2\/product\/95729","targetHints":{"allow":["GET"]}}],"collection":[{"href":"https:\/\/baldumarket.lt\/lt\/wp-json\/wp\/v2\/product"}],"about":[{"href":"https:\/\/baldumarket.lt\/lt\/wp-json\/wp\/v2\/types\/product"}],"replies":[{"embeddable":true,"href":"https:\/\/baldumarket.lt\/lt\/wp-json\/wp\/v2\/comments?post=95729"}],"wp:featuredmedia":[{"embeddable":true,"href":"https:\/\/baldumarket.lt\/lt\/wp-json\/wp\/v2\/media\/95730"}],"wp:attachment":[{"href":"https:\/\/baldumarket.lt\/lt\/wp-json\/wp\/v2\/media?parent=95729"}],"wp:term":[{"taxonomy":"product_brand","embeddable":true,"href":"https:\/\/baldumarket.lt\/lt\/wp-json\/wp\/v2\/product_brand?post=95729"},{"taxonomy":"product_cat","embeddable":true,"href":"https:\/\/baldumarket.lt\/lt\/wp-json\/wp\/v2\/product_cat?post=95729"},{"taxonomy":"product_tag","embeddable":true,"href":"https:\/\/baldumarket.lt\/lt\/wp-json\/wp\/v2\/product_tag?post=95729"}],"curies":[{"name":"wp","href":"https:\/\/api.w.org\/{rel}","templated":true}]}}