{"id":95712,"date":"2025-12-05T15:57:44","date_gmt":"2025-12-05T12:57:44","guid":{"rendered":"https:\/\/baldumarket.lt\/product\/urso-05-craft-zloty-czarny-witryna-2d\/"},"modified":"2026-02-03T23:53:46","modified_gmt":"2026-02-03T20:53:46","slug":"urso-05-craft-zloty-czarny-witryna-2d","status":"publish","type":"product","link":"https:\/\/baldumarket.lt\/lt\/product\/urso-05-craft-zloty-czarny-witryna-2d\/","title":{"rendered":"URSO 05 craft auksin\u0117\/juoda &#8211; 2D vitrina"},"content":{"rendered":"<p>\u201eUrso 05\u201c vitrina \u2013 tai baldas, leid\u017eiantis jums eksponuoti m\u0117gstamiausius daiktus. Dvi stiklin\u0117s lentynos erdv\u0119 padalija \u012f keturias ni\u0161as su dvigubomis durel\u0117mis. Joje galite eksponuoti taures, porceliano kolekcij\u0105 ar suvenyrus i\u0161 kelioni\u0173. Jei norite dar labiau i\u0161ry\u0161kinti savo m\u0117gstamiausius daiktus, rinkit\u0117s m\u016bs\u0173 LED stiklin\u0117s lentynos ap\u0161vietim\u0105. Spintel\u0117s sklindanti \u0161viesa subtiliai su\u0161ildys vis\u0105 j\u016bs\u0173 interjer\u0105. Apatin\u0117je spintel\u0117s dalyje yra erdvi lentyna, puikiai tinkanti stalo \u012frankiams ar stalties\u0117ms laikyti. \u201eUrso 05\u201c dizainas derina klasikin\u012f \u0105\u017euolo ra\u0161to stili\u0173 su moderniu juod\u0173 element\u0173 pavidalu. Original\u016bs, frezuoti \u012fd\u0117klai pabr\u0117\u017eia unikal\u0173 vis\u0173 \u201eUrso\u201c kolekcijos gamini\u0173 charakter\u012f.<br \/>\n\u2022 Funkcionalus baldas su gra\u017eiu dizainu.<br \/>\n\u2022 Papildomas naudojimo patogumas d\u0117l \u0161velniai u\u017esidaran\u010di\u0173 vyri\u0173.<br \/>\n\u2022 Grioveliais i\u0161klotos MDF plok\u0161t\u0117s.<br \/>\n\u2022 Ergonomi\u0161kos rankenos.<br \/>\n\u2022 Papildomas stiklin\u0117s lentynos ap\u0161vietimas. \u2022 Kojinis jungiklis.<\/p>","protected":false},"excerpt":{"rendered":"<p>The Urso 05 display cabinet is a piece of furniture that lets you showcase your favorite items. Two glass shelves divide the space into four alcoves with double doors. You can display glasses, a porcelain collection, or souvenirs from your travels. If you want to further highlight your favorite gadgets, choose our LED glass shelf [&hellip;]<\/p>","protected":false},"featured_media":95713,"comment_status":"open","ping_status":"open","template":"","meta":[],"product_brand":[],"product_cat":[2255,9220,2006],"product_tag":[],"class_list":{"0":"post-95712","1":"product","2":"type-product","3":"status-publish","4":"has-post-thumbnail","6":"product_cat-ml-meble","7":"product_cat-furniture-system-urso-ml-meble","8":"product_cat-vitrines","10":"first","11":"instock","12":"purchasable","13":"product-type-simple"},"_links":{"self":[{"href":"https:\/\/baldumarket.lt\/lt\/wp-json\/wp\/v2\/product\/95712","targetHints":{"allow":["GET"]}}],"collection":[{"href":"https:\/\/baldumarket.lt\/lt\/wp-json\/wp\/v2\/product"}],"about":[{"href":"https:\/\/baldumarket.lt\/lt\/wp-json\/wp\/v2\/types\/product"}],"replies":[{"embeddable":true,"href":"https:\/\/baldumarket.lt\/lt\/wp-json\/wp\/v2\/comments?post=95712"}],"wp:featuredmedia":[{"embeddable":true,"href":"https:\/\/baldumarket.lt\/lt\/wp-json\/wp\/v2\/media\/95713"}],"wp:attachment":[{"href":"https:\/\/baldumarket.lt\/lt\/wp-json\/wp\/v2\/media?parent=95712"}],"wp:term":[{"taxonomy":"product_brand","embeddable":true,"href":"https:\/\/baldumarket.lt\/lt\/wp-json\/wp\/v2\/product_brand?post=95712"},{"taxonomy":"product_cat","embeddable":true,"href":"https:\/\/baldumarket.lt\/lt\/wp-json\/wp\/v2\/product_cat?post=95712"},{"taxonomy":"product_tag","embeddable":true,"href":"https:\/\/baldumarket.lt\/lt\/wp-json\/wp\/v2\/product_tag?post=95712"}],"curies":[{"name":"wp","href":"https:\/\/api.w.org\/{rel}","templated":true}]}}