{"id":95695,"date":"2025-12-05T15:57:27","date_gmt":"2025-12-05T12:57:27","guid":{"rendered":"https:\/\/baldumarket.lt\/product\/urso-04-craft-zloty-czarny-witryna-1d\/"},"modified":"2026-02-03T23:53:46","modified_gmt":"2026-02-03T20:53:46","slug":"urso-04-craft-zloty-czarny-witryna-1d","status":"publish","type":"product","link":"https:\/\/baldumarket.lt\/lt\/product\/urso-04-craft-zloty-czarny-witryna-1d\/","title":{"rendered":"URSO 04 craft auksin\u0117\/juoda \u2013 1D vitrina"},"content":{"rendered":"<p>\u201eUrso 04\u201c vitrina \u2013 tai baldas, leid\u017eiantis jums eksponuoti m\u0117gstamiausius daiktus. Trys stiklin\u0117s lentynos padalija erdv\u0119 \u012f keturias ni\u0161as. Jose galite laikyti taures, porceliano kolekcij\u0105 ar suvenyrus i\u0161 kelioni\u0173. Jei norite dar labiau i\u0161ry\u0161kinti savo m\u0117gstamiausius daiktus, rinkit\u0117s m\u016bs\u0173 LED stiklini\u0173 lentyn\u0173 ap\u0161vietim\u0105. Spintel\u0117s sklindanti \u0161viesa subtiliai su\u0161ildys vis\u0105 j\u016bs\u0173 interjer\u0105. Apatin\u0117je spintel\u0117s dalyje yra dvi pasl\u0117ptos lentynos, puikiai tinkan\u010dios stalo \u012frankiams ar stalties\u0117ms laikyti. \u201eUrso 04\u201c dizainas derina klasikin\u012f \u0105\u017euolo ra\u0161to stili\u0173 su moderniu juod\u0173 element\u0173 pavidalu. Original\u016bs, frezuoti \u012fd\u0117klai pabr\u0117\u017eia unikal\u0173 vis\u0173 \u201eUrso\u201c kolekcijos gamini\u0173 charakter\u012f.<br \/>\n\u2022 Funkcionalus, gra\u017eaus dizaino daiktas.<br \/>\n\u2022 Papildomas naudojimo patogumas d\u0117l \u0161velniai u\u017esidaran\u010di\u0173 vyri\u0173.<br \/>\n\u2022 Grioveliais i\u0161klotos MDF plok\u0161t\u0117s.<br \/>\n\u2022 Ergonomi\u0161kos rankenos.<br \/>\n\u2022 Prietais\u0105 galima surinkti su skirtingomis dureli\u0173 atidarymo pus\u0117mis. \u2022 Papildomas stiklin\u0117s lentynos ap\u0161vietimas. \u2022 Kojiniu b\u016bdu valdomas \u0161viesos jungiklis.<\/p>","protected":false},"excerpt":{"rendered":"<p>\u201eUrso 04\u201c vitrina \u2013 tai baldas, leid\u017eiantis jums eksponuoti m\u0117gstamiausius daiktus. Trys stiklin\u0117s lentynos padalija erdv\u0119 \u012f keturias ni\u0161as. Joje galite susid\u0117ti taures, porceliano kolekcij\u0105 ar suvenyrus i\u0161 kelioni\u0173. Jei norite dar labiau i\u0161ry\u0161kinti savo m\u0117gstamus daiktus, rinkit\u0117s m\u016bs\u0173 LED stiklini\u0173 lentyn\u0173 ap\u0161vietim\u0105. [\u2026]<\/p>","protected":false},"featured_media":95696,"comment_status":"open","ping_status":"open","template":"","meta":[],"product_brand":[],"product_cat":[2255,9220,2006],"product_tag":[],"class_list":{"0":"post-95695","1":"product","2":"type-product","3":"status-publish","4":"has-post-thumbnail","6":"product_cat-ml-meble","7":"product_cat-furniture-system-urso-ml-meble","8":"product_cat-vitrines","10":"first","11":"instock","12":"purchasable","13":"product-type-simple"},"_links":{"self":[{"href":"https:\/\/baldumarket.lt\/lt\/wp-json\/wp\/v2\/product\/95695","targetHints":{"allow":["GET"]}}],"collection":[{"href":"https:\/\/baldumarket.lt\/lt\/wp-json\/wp\/v2\/product"}],"about":[{"href":"https:\/\/baldumarket.lt\/lt\/wp-json\/wp\/v2\/types\/product"}],"replies":[{"embeddable":true,"href":"https:\/\/baldumarket.lt\/lt\/wp-json\/wp\/v2\/comments?post=95695"}],"wp:featuredmedia":[{"embeddable":true,"href":"https:\/\/baldumarket.lt\/lt\/wp-json\/wp\/v2\/media\/95696"}],"wp:attachment":[{"href":"https:\/\/baldumarket.lt\/lt\/wp-json\/wp\/v2\/media?parent=95695"}],"wp:term":[{"taxonomy":"product_brand","embeddable":true,"href":"https:\/\/baldumarket.lt\/lt\/wp-json\/wp\/v2\/product_brand?post=95695"},{"taxonomy":"product_cat","embeddable":true,"href":"https:\/\/baldumarket.lt\/lt\/wp-json\/wp\/v2\/product_cat?post=95695"},{"taxonomy":"product_tag","embeddable":true,"href":"https:\/\/baldumarket.lt\/lt\/wp-json\/wp\/v2\/product_tag?post=95695"}],"curies":[{"name":"wp","href":"https:\/\/api.w.org\/{rel}","templated":true}]}}