{"id":95683,"date":"2025-12-05T15:57:17","date_gmt":"2025-12-05T12:57:17","guid":{"rendered":"https:\/\/baldumarket.lt\/product\/urso-01-craft-zloty-czarny-szafa-4d1s\/"},"modified":"2026-02-03T23:53:46","modified_gmt":"2026-02-03T20:53:46","slug":"urso-01-craft-zloty-czarny-szafa-4d1s","status":"publish","type":"product","link":"https:\/\/baldumarket.lt\/lt\/product\/urso-01-craft-zloty-czarny-szafa-4d1s\/","title":{"rendered":"URSO 01 rankdarbi\u0173 aukso\/juodos spalvos spinta 4D1S"},"content":{"rendered":"<p>Keturi\u0173 dur\u0173 \u201eUrso 01\u201c spinta \u2013 tai baldas, puikiai tinkantis drabu\u017eiams, aksesuarams ir kitiems nam\u0173 tekstil\u0117s gaminiams laikyti. Konstrukcija suskirstyta \u012f keturias funkcines zonas. Pagrindin\u0117 dalis \u2013 didel\u0117 erdv\u0117 su tvirta strypu mar\u0161kiniams, kostiumams ar keln\u0117ms pakabinti. Kair\u0117je ir de\u0161in\u0117je spintos pus\u0117se i\u0161 viso yra de\u0161imt erdvi\u0173 ni\u0161\u0173, kuriose galite tvarkingai laikyti drabu\u017eius ar kitus daiktus. Apatin\u0117je spintos dalyje yra du dideli stal\u010diai, puikiai tinkantys apatiniams drabu\u017eiams ar kojin\u0117ms. Du centriniai fasadai papuo\u0161ti \u0161e\u0161iais veidrod\u017eiais, kurie palengvina kasdien\u012f stili\u0173 ir rengim\u0105si. Veidrodiniai skydeliai dar labiau vizualiai padidins erdv\u0119. \u201eUrso 01\u201c dizainas derina klasikin\u012f \u0105\u017euolo ra\u0161to stili\u0173 su moderniu juod\u0173 element\u0173 pavidalu. Original\u016bs, frezuoti \u012fd\u0117klai pabr\u0117\u017eia unikal\u0173 vis\u0173 \u201eUrso\u201c kolekcijos gamini\u0173 charakter\u012f.<br \/>\n\u2022 Funkcionalus baldas su gra\u017eiu akcentu. \u2022 Papildomas naudojimo patogumas d\u0117l \u0161velniai u\u017esidaran\u010di\u0173 vyri\u0173.<br \/>\n\u2022 Stal\u010diai su patogia pilno i\u0161traukimo sistema ir sutvirtintais dugnais.<br \/>\n\u2022 Grioveliais i\u0161klotos MDF plok\u0161t\u0117s.<br \/>\n\u2022 Ergonomi\u0161kos rankenos.<\/p>","protected":false},"excerpt":{"rendered":"<p>The four-door Urso 01 wardrobe is a piece of furniture perfect for storing your clothes, accessories, and other home textiles. The structure is divided into four functional zones. The main part is a large space with a sturdy rod for hanging shirts, suits, or trousers. The left and right sides of the wardrobe consist of [&hellip;]<\/p>","protected":false},"featured_media":95684,"comment_status":"open","ping_status":"open","template":"","meta":[],"product_brand":[],"product_cat":[2255,9220,1177],"product_tag":[],"class_list":{"0":"post-95683","1":"product","2":"type-product","3":"status-publish","4":"has-post-thumbnail","6":"product_cat-ml-meble","7":"product_cat-furniture-system-urso-ml-meble","8":"product_cat-wardrobes","10":"first","11":"instock","12":"purchasable","13":"product-type-simple"},"_links":{"self":[{"href":"https:\/\/baldumarket.lt\/lt\/wp-json\/wp\/v2\/product\/95683","targetHints":{"allow":["GET"]}}],"collection":[{"href":"https:\/\/baldumarket.lt\/lt\/wp-json\/wp\/v2\/product"}],"about":[{"href":"https:\/\/baldumarket.lt\/lt\/wp-json\/wp\/v2\/types\/product"}],"replies":[{"embeddable":true,"href":"https:\/\/baldumarket.lt\/lt\/wp-json\/wp\/v2\/comments?post=95683"}],"wp:featuredmedia":[{"embeddable":true,"href":"https:\/\/baldumarket.lt\/lt\/wp-json\/wp\/v2\/media\/95684"}],"wp:attachment":[{"href":"https:\/\/baldumarket.lt\/lt\/wp-json\/wp\/v2\/media?parent=95683"}],"wp:term":[{"taxonomy":"product_brand","embeddable":true,"href":"https:\/\/baldumarket.lt\/lt\/wp-json\/wp\/v2\/product_brand?post=95683"},{"taxonomy":"product_cat","embeddable":true,"href":"https:\/\/baldumarket.lt\/lt\/wp-json\/wp\/v2\/product_cat?post=95683"},{"taxonomy":"product_tag","embeddable":true,"href":"https:\/\/baldumarket.lt\/lt\/wp-json\/wp\/v2\/product_tag?post=95683"}],"curies":[{"name":"wp","href":"https:\/\/api.w.org\/{rel}","templated":true}]}}