{"id":95673,"date":"2025-12-05T15:57:09","date_gmt":"2025-12-05T12:57:09","guid":{"rendered":"https:\/\/baldumarket.lt\/product\/selgin-04-cashmere-komoda-1d3s\/"},"modified":"2026-02-03T23:53:46","modified_gmt":"2026-02-03T20:53:46","slug":"selgin-04-cashmere-komoda-1d3s","status":"publish","type":"product","link":"https:\/\/baldumarket.lt\/lt\/product\/selgin-04-cashmere-komoda-1d3s\/","title":{"rendered":"Selgin 04 ka\u0161myro komoda 1D3S"},"content":{"rendered":"<p>\u201eSelgin 04\u201c komoda \u2013 puikus daikt\u0173 laikymo sprendimas. U\u017e dureli\u0173 esanti lentyna padalija erdv\u0119 \u012f du erdvius skyrius. \u010cia galite laikyti drabu\u017eius, rank\u0161luos\u010dius ar patalyn\u0119. De\u0161in\u0117je komodos pus\u0117je yra keturi gil\u016bs stal\u010diai, kuriuose yra daug vietos dokumentams, stalties\u0117ms ar kitai nam\u0173 tekstilei. \u0160i komoda bus puikus j\u016bs\u0173 svetain\u0117s ar miegamojo papildymas. Platus stalvir\u0161is puikiai tinka eleganti\u0161koms vazoms, kelioni\u0173 suvenyrams ar kitiems m\u0117gstamiems daiktams eksponuoti. Baldas stovi ant stabili\u0173, auk\u0161t\u0173 kojeli\u0173, pagamint\u0173 i\u0161 patvaraus metalo. Dvigubai cinkuotos rankenos ir aukso spalvos kojel\u0117s garantuoja patog\u0173 naudojim\u0105 daugel\u012f met\u0173. \u201eSelgin\u201c kolekcijos baldai derina auk\u0161t\u0105 funkcionalum\u0105 ir stulbinant\u012f dizain\u0105.<br \/>\n\u2022 \u0160velniai u\u017esidarantys vyriai.<br \/>\n\u2022 Ergonomi\u0161kos metalin\u0117s rankenos.<br \/>\n\u2022 Auk\u0161tos metalin\u0117s kojel\u0117s palengvina valym\u0105 ir suteikia neribot\u0105 prieig\u0105 dulki\u0173 siurbliui. \u2022 Padidinta stal\u010di\u0173 talpa d\u0117l specialaus sutvirtinto dugno. \u2022 Stal\u010diai su patogia pilno i\u0161traukimo sistema.<\/p>","protected":false},"excerpt":{"rendered":"<p>\u201eSelgin 04\u201c komoda \u2013 puikus daikt\u0173 laikymo sprendimas. U\u017e dureli\u0173 esanti lentyna erdv\u0119 padalija \u012f du erdvius skyrius. \u010cia galite laikyti drabu\u017eius, rank\u0161luos\u010dius ar patalyn\u0119. De\u0161in\u0117je komodos pus\u0117je yra keturi gil\u016bs stal\u010diai, kuriuose yra daug vietos dokumentams, stalties\u0117ms ar kitiems nam\u0173 tekstil\u0117s gaminiams. \u0160i komoda [\u2026]<\/p>","protected":false},"featured_media":95661,"comment_status":"open","ping_status":"open","template":"","meta":[],"product_brand":[],"product_cat":[1173,2255,9217],"product_tag":[],"class_list":{"0":"post-95673","1":"product","2":"type-product","3":"status-publish","4":"has-post-thumbnail","6":"product_cat-chests-of-drawers","7":"product_cat-ml-meble","8":"product_cat-furniture-system-selgin-ml-meble","10":"first","11":"instock","12":"purchasable","13":"product-type-simple"},"_links":{"self":[{"href":"https:\/\/baldumarket.lt\/lt\/wp-json\/wp\/v2\/product\/95673","targetHints":{"allow":["GET"]}}],"collection":[{"href":"https:\/\/baldumarket.lt\/lt\/wp-json\/wp\/v2\/product"}],"about":[{"href":"https:\/\/baldumarket.lt\/lt\/wp-json\/wp\/v2\/types\/product"}],"replies":[{"embeddable":true,"href":"https:\/\/baldumarket.lt\/lt\/wp-json\/wp\/v2\/comments?post=95673"}],"wp:featuredmedia":[{"embeddable":true,"href":"https:\/\/baldumarket.lt\/lt\/wp-json\/wp\/v2\/media\/95661"}],"wp:attachment":[{"href":"https:\/\/baldumarket.lt\/lt\/wp-json\/wp\/v2\/media?parent=95673"}],"wp:term":[{"taxonomy":"product_brand","embeddable":true,"href":"https:\/\/baldumarket.lt\/lt\/wp-json\/wp\/v2\/product_brand?post=95673"},{"taxonomy":"product_cat","embeddable":true,"href":"https:\/\/baldumarket.lt\/lt\/wp-json\/wp\/v2\/product_cat?post=95673"},{"taxonomy":"product_tag","embeddable":true,"href":"https:\/\/baldumarket.lt\/lt\/wp-json\/wp\/v2\/product_tag?post=95673"}],"curies":[{"name":"wp","href":"https:\/\/api.w.org\/{rel}","templated":true}]}}