{"id":95650,"date":"2025-12-05T15:56:49","date_gmt":"2025-12-05T12:56:49","guid":{"rendered":"https:\/\/baldumarket.lt\/product\/sophie-23-cashmere-szafa-4d2s\/"},"modified":"2026-02-03T23:53:46","modified_gmt":"2026-02-03T20:53:46","slug":"sophie-23-cashmere-szafa-4d2s","status":"publish","type":"product","link":"https:\/\/baldumarket.lt\/lt\/product\/sophie-23-cashmere-szafa-4d2s\/","title":{"rendered":"Sophie 23 ka\u0161myro spinta 4D2S"},"content":{"rendered":"<p>Spinta \u201eSophie 23\u201c \u2013 tai baldas, puikiai tinkantis drabu\u017eiams ir aksesuarams laikyti. Strukt\u016bra suskirstyta \u012f keturias funkcines zonas. Pagrindin\u0117 dalis \u2013 didel\u0117 erdv\u0117 su tvirtu skersiniu mar\u0161kiniams, kostiumams ar keln\u0117ms pakabinti. Vir\u0161 skersinio yra plati lentyna kepur\u0117ms ar kitiems tekstil\u0117s gaminiams. Kair\u0117je ir de\u0161in\u0117je spintos pus\u0117se yra de\u0161imt erdvi\u0173 ni\u0161\u0173, kuriose galite tvarkingai laikyti drabu\u017eius ar kitus daiktus. Apatin\u0117je spintos dalyje yra du dideli stal\u010diai, puikiai tinkantys apatiniams drabu\u017eiams ar kojin\u0117ms. Du centriniai fasadai papuo\u0161ti dideliais veidrod\u017eiais, kurie palengvina kasdien\u012f stili\u0173 ir rengim\u0105si. Auk\u0161tos veidrodin\u0117s plok\u0161t\u0117s dar labiau vizualiai padidina erdv\u0119. \u201eSophie 23\u201c bald\u0173 dizainas yra \u0161iuolaiki\u0161kos elegancijos sinonimas. Ka\u0161myro dekoras, frezuoti MDF fasadai, \u0161lifuoto aukso spalvos metalin\u0117s ranken\u0117l\u0117s ir diskreti\u0161kos juodos kojel\u0117s \u2013 tai visos \u201eSophie\u201c kolekcijos esm\u0117.<br \/>\n\u2022 Funkcionalus baldas su gra\u017eiu akcentu. \u2022 \u0160velniai u\u017esidarantys vyriai papildomam komfortui.<br \/>\n\u2022 Stal\u010dius su patogia pilno i\u0161traukimo sistema.<br \/>\n\u2022 Auk\u0161tos metalin\u0117s kojel\u0117s palengvina valym\u0105, nes dulki\u0173 siurbliui suteikiama netrukdoma prieiga.<\/p>","protected":false},"excerpt":{"rendered":"<p>The Sophie 23 wardrobe is a piece of furniture perfect for storing your clothes and accessories. The structure is divided into four functional zones. The main part is a large space with a sturdy rail for hanging shirts, suits, or trousers. Above the rail is a wide shelf for hats or other textiles. The left [&hellip;]<\/p>","protected":false},"featured_media":95651,"comment_status":"open","ping_status":"open","template":"","meta":[],"product_brand":[],"product_cat":[9240,2255,1177],"product_tag":[],"class_list":{"0":"post-95650","1":"product","2":"type-product","3":"status-publish","4":"has-post-thumbnail","6":"product_cat-furniture-system-sophie-ml-meble","7":"product_cat-ml-meble","8":"product_cat-wardrobes","10":"first","11":"instock","12":"purchasable","13":"product-type-simple"},"_links":{"self":[{"href":"https:\/\/baldumarket.lt\/lt\/wp-json\/wp\/v2\/product\/95650","targetHints":{"allow":["GET"]}}],"collection":[{"href":"https:\/\/baldumarket.lt\/lt\/wp-json\/wp\/v2\/product"}],"about":[{"href":"https:\/\/baldumarket.lt\/lt\/wp-json\/wp\/v2\/types\/product"}],"replies":[{"embeddable":true,"href":"https:\/\/baldumarket.lt\/lt\/wp-json\/wp\/v2\/comments?post=95650"}],"wp:featuredmedia":[{"embeddable":true,"href":"https:\/\/baldumarket.lt\/lt\/wp-json\/wp\/v2\/media\/95651"}],"wp:attachment":[{"href":"https:\/\/baldumarket.lt\/lt\/wp-json\/wp\/v2\/media?parent=95650"}],"wp:term":[{"taxonomy":"product_brand","embeddable":true,"href":"https:\/\/baldumarket.lt\/lt\/wp-json\/wp\/v2\/product_brand?post=95650"},{"taxonomy":"product_cat","embeddable":true,"href":"https:\/\/baldumarket.lt\/lt\/wp-json\/wp\/v2\/product_cat?post=95650"},{"taxonomy":"product_tag","embeddable":true,"href":"https:\/\/baldumarket.lt\/lt\/wp-json\/wp\/v2\/product_tag?post=95650"}],"curies":[{"name":"wp","href":"https:\/\/api.w.org\/{rel}","templated":true}]}}