{"id":95629,"date":"2025-12-05T15:56:31","date_gmt":"2025-12-05T12:56:31","guid":{"rendered":"https:\/\/baldumarket.lt\/product\/sophie-12-cashmere-szafa-1d\/"},"modified":"2026-02-03T23:53:46","modified_gmt":"2026-02-03T20:53:46","slug":"sophie-12-cashmere-szafa-1d","status":"publish","type":"product","link":"https:\/\/baldumarket.lt\/lt\/product\/sophie-12-cashmere-szafa-1d\/","title":{"rendered":"Sophie 12 ka\u0161myro \u2013 1D spinta"},"content":{"rendered":"<p>\u201eSophie 12\u201c spinta \u2013 tai baldas, puikiai tinkantis vir\u0161utiniams drabu\u017eiams, batams ir aksesuarams laikyti. Funkcionali, i\u0161traukiama palt\u0173 kabykla u\u017etikrina patog\u0173 naudojim\u0105 ir palengvina prieig\u0105 prie gale pakabint\u0173 drabu\u017ei\u0173. Vir\u0161utin\u0117 lentyna puikiai tinka kepur\u0117ms, \u0161alikams ir kitiems aksesuarams. Apatin\u0117 ni\u0161a puikiai tinka batams, krep\u0161iams ar ma\u017eam lagaminui. \u201eSophie 12\u201c si\u016blo daugiau nei vien funkcionalum\u0105. M\u016bs\u0173 spinta yra \u0161iuolaikin\u0117s elegancijos sinonimas. Ka\u0161myro dekoras, frezuoti MDF fasadai, \u0161lifuoto aukso spalvos ranken\u0117l\u0117s ir diskreti\u0161kos juodos kojel\u0117s \u2013 tai visos \u201eSophie\u201c kolekcijos esm\u0117.<br \/>\n\u2022 Funkcionalus baldas su gra\u017eiu dizainu.<br \/>\n\u2022 \u0160velniai u\u017esidarantys vyriai suteikia papildomo komforto.<br \/>\n\u2022 Duris galima montuoti kair\u0117je arba de\u0161in\u0117je pus\u0117je.<br \/>\n\u2022 Auk\u0161tos metalin\u0117s kojel\u0117s palengvina valym\u0105 ir suteikia netrukdom\u0105 prieig\u0105 dulki\u0173 siurbliui.<\/p>","protected":false},"excerpt":{"rendered":"<p>\u201eSophie 12\u201c spinta \u2013 tai baldas, puikiai tinkantis vir\u0161utiniams drabu\u017eiams, batams ir aksesuarams laikyti. Funkcionali, i\u0161traukiama palt\u0173 kabykla u\u017etikrina patog\u0173 naudojim\u0105 ir palengvina prieig\u0105 prie gale pakabint\u0173 drabu\u017ei\u0173. Vir\u0161utin\u0117 lentyna puikiai tinka kepur\u0117ms, \u0161alikams ir kitiems aksesuarams. Apatin\u0117 ni\u0161a puikiai tinka batams, krep\u0161iams ar ma\u017eam [\u2026]<\/p>","protected":false},"featured_media":95630,"comment_status":"open","ping_status":"open","template":"","meta":[],"product_brand":[],"product_cat":[9240,2255,1177],"product_tag":[],"class_list":{"0":"post-95629","1":"product","2":"type-product","3":"status-publish","4":"has-post-thumbnail","6":"product_cat-furniture-system-sophie-ml-meble","7":"product_cat-ml-meble","8":"product_cat-wardrobes","10":"first","11":"instock","12":"purchasable","13":"product-type-simple"},"_links":{"self":[{"href":"https:\/\/baldumarket.lt\/lt\/wp-json\/wp\/v2\/product\/95629","targetHints":{"allow":["GET"]}}],"collection":[{"href":"https:\/\/baldumarket.lt\/lt\/wp-json\/wp\/v2\/product"}],"about":[{"href":"https:\/\/baldumarket.lt\/lt\/wp-json\/wp\/v2\/types\/product"}],"replies":[{"embeddable":true,"href":"https:\/\/baldumarket.lt\/lt\/wp-json\/wp\/v2\/comments?post=95629"}],"wp:featuredmedia":[{"embeddable":true,"href":"https:\/\/baldumarket.lt\/lt\/wp-json\/wp\/v2\/media\/95630"}],"wp:attachment":[{"href":"https:\/\/baldumarket.lt\/lt\/wp-json\/wp\/v2\/media?parent=95629"}],"wp:term":[{"taxonomy":"product_brand","embeddable":true,"href":"https:\/\/baldumarket.lt\/lt\/wp-json\/wp\/v2\/product_brand?post=95629"},{"taxonomy":"product_cat","embeddable":true,"href":"https:\/\/baldumarket.lt\/lt\/wp-json\/wp\/v2\/product_cat?post=95629"},{"taxonomy":"product_tag","embeddable":true,"href":"https:\/\/baldumarket.lt\/lt\/wp-json\/wp\/v2\/product_tag?post=95629"}],"curies":[{"name":"wp","href":"https:\/\/api.w.org\/{rel}","templated":true}]}}