{"id":95620,"date":"2025-12-05T15:56:22","date_gmt":"2025-12-05T12:56:22","guid":{"rendered":"https:\/\/baldumarket.lt\/product\/clearing-06-bialy-alpejski-podstawa-zloty-konsola-1s\/"},"modified":"2026-04-07T13:56:09","modified_gmt":"2026-04-07T10:56:09","slug":"clearing-06-bialy-alpejski-podstawa-zloty-konsola-1s","status":"publish","type":"product","link":"https:\/\/baldumarket.lt\/lt\/product\/clearing-06-bialy-alpejski-podstawa-zloty-konsola-1s\/","title":{"rendered":"\u201eClearing 06 Alpine White \/ Gold Base\u201c \u2013 1S konsol\u0117"},"content":{"rendered":"<p>\u201eClearing 06\u201c tualetinis staliukas \u2013 puikus j\u016bs\u0173 miegamojo papildymas. Didelis stalvir\u0161is leid\u017eia demonstruoti kvepal\u0173 kolekcij\u0105 ir laikyti makia\u017e\u0105. Jei m\u0117gstate minimalizm\u0105 ir tvark\u0105, erdviame stal\u010diuje galite laikyti vis\u0105 kosmetik\u0105, o stalvir\u0161is tarnauja kaip vieta, pavyzd\u017eiui, vazai su m\u0117gstamomis g\u0117l\u0117mis. Be funkcionalumo, pagrindinis \u201eClearing\u201c kolekcijos bald\u0173 privalumas yra j\u0173 dizainas. Paprasti, balti fasadai, pagaminti i\u0161 itin patvarios MDF plok\u0161t\u0117s, pary\u0161kinti unikaliais frezavimais. Minimalistin\u0117 forma su \u012fdomiu akcentu sukuria modern\u0173 pasi\u016blym\u0105 \u0161iuolaikiniam miegamajam. Auksinis metalinis pagrindas suteikia komodai charakterio ir kartu su likusia balta konstrukcija sukuria klasikin\u012f ir eleganti\u0161k\u0105 spalv\u0173 kontrast\u0105.<br \/>\n\u2022 Tualetinis staliukas, konsolinis staliukas, ra\u0161omasis stalas \u2013 su \u201eClearing 06\u201c elkit\u0117s kaip norite. Jis puikiai tiks miegamajame, svetain\u0117je ar koridoriuje.<br \/>\n\u2022 \u0160velniai u\u017esidarantys vyriai padidina kasdienio naudojimo patogum\u0105.<br \/>\n\u2022 Metalinis pagrindas ant auk\u0161t\u0173 kojeli\u0173 palengvina valym\u0105 ir suteikia netrukdom\u0105 prieig\u0105 prie dulki\u0173 siurblio.<br \/>\n\u2022 Pilno i\u0161traukimo stal\u010diai J\u016bs\u0173 patogumui.<br \/>\n\u2022 Atidarymas spaud\u017eiant.<br \/>\n\u2022 Su pla\u010diu \u201eClearing\u201c bald\u0173 pasirinkimu galite lengvai apstatyti savo svetain\u0119 ar miegam\u0105j\u012f.<\/p>","protected":false},"excerpt":{"rendered":"<p>\u201eClearing 06\u201c tualetinis staliukas puikiai papildys j\u016bs\u0173 miegam\u0105j\u012f. Didelis stalvir\u0161is leid\u017eia jums pademonstruoti savo kvepal\u0173 kolekcij\u0105 ir laikyti makia\u017e\u0105. Jei m\u0117gstate minimalizm\u0105 ir tvark\u0105, galite laikyti vis\u0105 kosmetik\u0105 erdviame stal\u010diuje, o stalvir\u0161is tarnauja kaip vieta, pavyzd\u017eiui, vazai su [\u2026]<\/p>","protected":false},"featured_media":95621,"comment_status":"open","ping_status":"open","template":"","meta":[],"product_brand":[],"product_cat":[1237,2255,9228],"product_tag":[],"class_list":{"0":"post-95620","1":"product","2":"type-product","3":"status-publish","4":"has-post-thumbnail","6":"product_cat-dressing-tables","7":"product_cat-ml-meble","8":"product_cat-furniture-system-clearing-ml-meble","10":"first","11":"instock","12":"purchasable","13":"product-type-simple"},"_links":{"self":[{"href":"https:\/\/baldumarket.lt\/lt\/wp-json\/wp\/v2\/product\/95620","targetHints":{"allow":["GET"]}}],"collection":[{"href":"https:\/\/baldumarket.lt\/lt\/wp-json\/wp\/v2\/product"}],"about":[{"href":"https:\/\/baldumarket.lt\/lt\/wp-json\/wp\/v2\/types\/product"}],"replies":[{"embeddable":true,"href":"https:\/\/baldumarket.lt\/lt\/wp-json\/wp\/v2\/comments?post=95620"}],"wp:featuredmedia":[{"embeddable":true,"href":"https:\/\/baldumarket.lt\/lt\/wp-json\/wp\/v2\/media\/95621"}],"wp:attachment":[{"href":"https:\/\/baldumarket.lt\/lt\/wp-json\/wp\/v2\/media?parent=95620"}],"wp:term":[{"taxonomy":"product_brand","embeddable":true,"href":"https:\/\/baldumarket.lt\/lt\/wp-json\/wp\/v2\/product_brand?post=95620"},{"taxonomy":"product_cat","embeddable":true,"href":"https:\/\/baldumarket.lt\/lt\/wp-json\/wp\/v2\/product_cat?post=95620"},{"taxonomy":"product_tag","embeddable":true,"href":"https:\/\/baldumarket.lt\/lt\/wp-json\/wp\/v2\/product_tag?post=95620"}],"curies":[{"name":"wp","href":"https:\/\/api.w.org\/{rel}","templated":true}]}}