{"id":95594,"date":"2025-12-05T15:55:57","date_gmt":"2025-12-05T12:55:57","guid":{"rendered":"https:\/\/baldumarket.lt\/product\/clearing-05-bialy-alpejski-podstawa-zloty-szafka-1s\/"},"modified":"2026-04-07T13:56:09","modified_gmt":"2026-04-07T10:56:09","slug":"clearing-05-bialy-alpejski-podstawa-zloty-szafka-1s","status":"publish","type":"product","link":"https:\/\/baldumarket.lt\/lt\/product\/clearing-05-bialy-alpejski-podstawa-zloty-szafka-1s\/","title":{"rendered":"\u201eClearing 05 Alpine White \/ Gold Cost\u201c \u2013 1S spintel\u0117"},"content":{"rendered":"<p>\u201eClearing 05\u201c naktinis staliukas \u2013 tai baldas, kuris puikiai tiks j\u016bs\u0173 miegamajame. Atvira ni\u0161a \u2013 puiki vieta susid\u0117ti m\u0117gstamas knygas ar laikra\u0161\u010dius. Stal\u010dius puikiai tinka laikyti m\u0117gstamas \u017evakes, plauk\u0173 \u0161epet\u012f ar rank\u0173 krem\u0105. Ant vir\u0161aus galite pasid\u0117ti naktinio stalelio lemp\u0105 ir kitus daiktus, kuriuos norite tur\u0117ti po ranka. Be funkcionalumo, pagrindinis \u201eClearing\u201c kolekcijos privalumas yra jos dizainas. Paprasti, balti fasadai, pagaminti i\u0161 itin patvarios MDF plok\u0161t\u0117s, pary\u0161kinti unikaliais frezavimais. Minimalistin\u0117 forma su \u012fdomiu akcentu sukuria modern\u0173 dizain\u0105 \u0161iuolaikinei svetainei ar miegamajam. Auksinis metalinis pagrindas suteikia komodai charakterio ir kartu su likusiu baltu dizainu sukuria klasikin\u012f ir eleganti\u0161k\u0105 spalv\u0173 kontrast\u0105.<br \/>\n\u2022 Metalinis pagrindas ant auk\u0161t\u0173 kojeli\u0173 palengvina valym\u0105 ir suteikia neribot\u0105 prieig\u0105 j\u016bs\u0173 dulki\u0173 siurbliui.<br \/>\n\u2022 Pilno i\u0161traukimo stal\u010diai J\u016bs\u0173 patogumui.<br \/>\n\u2022 \u0160iek tiek i\u0161siki\u0161\u0119 fasadai \u2013 vir\u0161 vir\u0161aus \u2013 leid\u017eia patogiai atidaryti duris be ranken\u0173.<br \/>\n\u2022 D\u0117l plataus \u201eClearing\u201c bald\u0173 pasirinkimo galite lengvai apstatyti savo svetain\u0119 ar miegam\u0105j\u012f.<\/p>","protected":false},"excerpt":{"rendered":"<p>\u201eClearing 05\u201c naktinis staliukas \u2013 tai baldas, kuris puikiai tiks j\u016bs\u0173 miegamajame. Atvira ni\u0161a \u2013 puiki vieta susid\u0117ti m\u0117gstamas knygas ar laikra\u0161\u010dius. Stal\u010dius puikiai tinka laikyti m\u0117gstamas \u017evakes, plauk\u0173 \u0161epet\u012f ar rank\u0173 krem\u0105. Vir\u0161uje galite pad\u0117ti naktinio stalelio lemp\u0105 ir kitus [\u2026]<\/p>","protected":false},"featured_media":95595,"comment_status":"open","ping_status":"open","template":"","meta":[],"product_brand":[],"product_cat":[1176,2255,9228],"product_tag":[],"class_list":{"0":"post-95594","1":"product","2":"type-product","3":"status-publish","4":"has-post-thumbnail","6":"product_cat-bedside-tables","7":"product_cat-ml-meble","8":"product_cat-furniture-system-clearing-ml-meble","10":"first","11":"instock","12":"purchasable","13":"product-type-simple"},"_links":{"self":[{"href":"https:\/\/baldumarket.lt\/lt\/wp-json\/wp\/v2\/product\/95594","targetHints":{"allow":["GET"]}}],"collection":[{"href":"https:\/\/baldumarket.lt\/lt\/wp-json\/wp\/v2\/product"}],"about":[{"href":"https:\/\/baldumarket.lt\/lt\/wp-json\/wp\/v2\/types\/product"}],"replies":[{"embeddable":true,"href":"https:\/\/baldumarket.lt\/lt\/wp-json\/wp\/v2\/comments?post=95594"}],"wp:featuredmedia":[{"embeddable":true,"href":"https:\/\/baldumarket.lt\/lt\/wp-json\/wp\/v2\/media\/95595"}],"wp:attachment":[{"href":"https:\/\/baldumarket.lt\/lt\/wp-json\/wp\/v2\/media?parent=95594"}],"wp:term":[{"taxonomy":"product_brand","embeddable":true,"href":"https:\/\/baldumarket.lt\/lt\/wp-json\/wp\/v2\/product_brand?post=95594"},{"taxonomy":"product_cat","embeddable":true,"href":"https:\/\/baldumarket.lt\/lt\/wp-json\/wp\/v2\/product_cat?post=95594"},{"taxonomy":"product_tag","embeddable":true,"href":"https:\/\/baldumarket.lt\/lt\/wp-json\/wp\/v2\/product_tag?post=95594"}],"curies":[{"name":"wp","href":"https:\/\/api.w.org\/{rel}","templated":true}]}}