{"id":95551,"date":"2025-12-05T15:55:17","date_gmt":"2025-12-05T12:55:17","guid":{"rendered":"https:\/\/baldumarket.lt\/product\/clearing-04-bialy-alpejski-noga-czarny-szafka-rtv-3k\/"},"modified":"2026-04-07T13:55:59","modified_gmt":"2026-04-07T10:55:59","slug":"clearing-04-bialy-alpejski-noga-czarny-szafka-rtv-3k","status":"publish","type":"product","link":"https:\/\/baldumarket.lt\/lt\/product\/clearing-04-bialy-alpejski-noga-czarny-szafka-rtv-3k\/","title":{"rendered":"\u201eClearing 04 Alpine White \/ Black Leg\u201c \u2013 3K televizoriaus spintel\u0117"},"content":{"rendered":"<p>\u201eClearing 04\u201c televizoriaus spintel\u0117 \u2013 tai baldas, puikiai tinkantis dokumentams, elektronikai ar m\u0117gstamai DVD kolekcijai laikyti. Trys erdvios ni\u0161os leid\u017eia tvarkingai laikyti daugyb\u0119 nam\u0173 apyvokos daikt\u0173. Platus stalvir\u0161is \u2013 puiki vieta dideliam televizoriui, garso sistemai ir dekoderiui, jei ekran\u0105 pakabinsite ant sienos. Be funkcionalumo, pagrindinis \u201eClearing\u201c kolekcijos bald\u0173 privalumas yra j\u0173 dizainas. Paprasti, balti fasadai, pagaminti i\u0161 itin patvarios MDF plok\u0161t\u0117s, pary\u0161kinti unikaliais frezavimais. Minimalistin\u0117 forma su \u012fdomiu akcentu sukuria modern\u0173 \u012fsp\u016bd\u012f \u0161iuolaikinei svetainei ar miegamajam. Juodos metalin\u0117s kojel\u0117s suteikia spintelei charakterio ir kartu su likusia baltos spalvos dizaino dalimi sukuria klasikin\u012f ir eleganti\u0161k\u0105 spalv\u0173 kontrast\u0105.<br \/>\n\u2022 Patogus atidarymas d\u0117ka dujomis varom\u0173 atvart\u0173.<br \/>\n\u2022 Auk\u0161tos metalin\u0117s kojel\u0117s palengvina valym\u0105, nes dulki\u0173 siurbliui suteikiama netrukdoma prieiga.<br \/>\n\u2022 \u0160iek tiek i\u0161siki\u0161\u0119 fasadai \u2013 vir\u0161 vir\u0161aus \u2013 leid\u017eia lengvai atidaryti duris be ranken\u0173. \u2022 D\u0117l plataus \u201eClearing\u201c bald\u0173 pasirinkimo galite lengvai susitvarkyti savo svetain\u0119 ir miegam\u0105j\u012f.<\/p>","protected":false},"excerpt":{"rendered":"<p>\u201eClearing 04\u201c televizoriaus spintel\u0117 \u2013 tai baldas, puikiai tinkantis dokumentams, elektronikai ar m\u0117gstamai DVD kolekcijai laikyti. Trys erdvios ni\u0161os leid\u017eia tvarkingai laikyti daugyb\u0119 nam\u0173 apyvokos daikt\u0173. Platus stalvir\u0161is puikiai tinka dideliam televizoriui, garso juostai ir dekoderiui, jei ekran\u0105 pakabinsite ant sienos. Be funkcionalumo, [\u2026]<\/p>","protected":false},"featured_media":95552,"comment_status":"open","ping_status":"open","template":"","meta":[],"product_brand":[],"product_cat":[2255,9228,1175],"product_tag":[],"class_list":{"0":"post-95551","1":"product","2":"type-product","3":"status-publish","4":"has-post-thumbnail","6":"product_cat-ml-meble","7":"product_cat-furniture-system-clearing-ml-meble","8":"product_cat-tv-stands","10":"first","11":"instock","12":"purchasable","13":"product-type-simple"},"_links":{"self":[{"href":"https:\/\/baldumarket.lt\/lt\/wp-json\/wp\/v2\/product\/95551","targetHints":{"allow":["GET"]}}],"collection":[{"href":"https:\/\/baldumarket.lt\/lt\/wp-json\/wp\/v2\/product"}],"about":[{"href":"https:\/\/baldumarket.lt\/lt\/wp-json\/wp\/v2\/types\/product"}],"replies":[{"embeddable":true,"href":"https:\/\/baldumarket.lt\/lt\/wp-json\/wp\/v2\/comments?post=95551"}],"wp:featuredmedia":[{"embeddable":true,"href":"https:\/\/baldumarket.lt\/lt\/wp-json\/wp\/v2\/media\/95552"}],"wp:attachment":[{"href":"https:\/\/baldumarket.lt\/lt\/wp-json\/wp\/v2\/media?parent=95551"}],"wp:term":[{"taxonomy":"product_brand","embeddable":true,"href":"https:\/\/baldumarket.lt\/lt\/wp-json\/wp\/v2\/product_brand?post=95551"},{"taxonomy":"product_cat","embeddable":true,"href":"https:\/\/baldumarket.lt\/lt\/wp-json\/wp\/v2\/product_cat?post=95551"},{"taxonomy":"product_tag","embeddable":true,"href":"https:\/\/baldumarket.lt\/lt\/wp-json\/wp\/v2\/product_tag?post=95551"}],"curies":[{"name":"wp","href":"https:\/\/api.w.org\/{rel}","templated":true}]}}