{"id":95541,"date":"2025-12-05T15:55:09","date_gmt":"2025-12-05T12:55:09","guid":{"rendered":"https:\/\/baldumarket.lt\/product\/clearing-04-bialy-alpejski-podstawa-czarny-szafka-rtv-3k\/"},"modified":"2026-04-07T13:55:59","modified_gmt":"2026-04-07T10:55:59","slug":"clearing-04-bialy-alpejski-podstawa-czarny-szafka-rtv-3k","status":"publish","type":"product","link":"https:\/\/baldumarket.lt\/lt\/product\/clearing-04-bialy-alpejski-podstawa-czarny-szafka-rtv-3k\/","title":{"rendered":"\u201eClearing 04\u201c Alpi\u0173 baltas \/ juodas pagrindas \u2013 3K televizoriaus stovas"},"content":{"rendered":"<p>\u201eClearing 04\u201c televizoriaus spintel\u0117 \u2013 tai baldas, puikiai tinkantis dokumentams, elektronikai ar m\u0117gstamai DVD kolekcijai laikyti. Trys erdvios ni\u0161os leid\u017eia tvarkingai laikyti daugyb\u0119 nam\u0173 apyvokos daikt\u0173. Platus stalvir\u0161is \u2013 puiki vieta dideliam televizoriui, garso sistemai ir dekoderiui, jei ekran\u0105 pakabinsite ant sienos. Be funkcionalumo, pagrindinis \u201eClearing\u201c kolekcijos bald\u0173 privalumas yra j\u0173 dizainas. Paprasti, balti fasadai, pagaminti i\u0161 itin patvarios MDF plok\u0161t\u0117s, pary\u0161kinti unikaliais frezavimais. Minimalistin\u0117 forma su \u012fdomiu akcentu sukuria modern\u0173 \u012fsp\u016bd\u012f \u0161iuolaikinei svetainei ar miegamajam. Juodas metalinis pagrindas suteikia spintelei charakterio ir kartu su likusia balta konstrukcija sukuria klasikin\u012f ir eleganti\u0161k\u0105 spalv\u0173 kontrast\u0105.<br \/>\n\u2022 Patogus atidarymas d\u0117ka dujomis varom\u0173 atvart\u0173.<br \/>\n\u2022 Metalinis pagrindas ant auk\u0161t\u0173 kojeli\u0173 palengvina valym\u0105 ir suteikia netrukdom\u0105 prieig\u0105 prie dulki\u0173 siurblio.<br \/>\n\u2022 \u0160iek tiek i\u0161siki\u0161\u0119 fasadai \u2013 vir\u0161 vir\u0161aus \u2013 leid\u017eia lengvai atidaryti duris be ranken\u0173. \u2022 D\u0117l plataus \u201eClearing\u201c bald\u0173 pasirinkimo galite lengvai susitvarkyti savo svetain\u0119 ir miegam\u0105j\u012f.<\/p>","protected":false},"excerpt":{"rendered":"<p>The Clearing 04 TV cabinet is a piece of furniture perfect for storing documents, electronics, or your favorite DVD collection. Three spacious niches allow for neat storage of many household items. The wide top is the perfect space for a large TV, soundbar, and decoder if you hang the screen on the wall. Besides functionality, [&hellip;]<\/p>","protected":false},"featured_media":95542,"comment_status":"open","ping_status":"open","template":"","meta":[],"product_brand":[],"product_cat":[2255,9228,1175],"product_tag":[],"class_list":{"0":"post-95541","1":"product","2":"type-product","3":"status-publish","4":"has-post-thumbnail","6":"product_cat-ml-meble","7":"product_cat-furniture-system-clearing-ml-meble","8":"product_cat-tv-stands","10":"first","11":"instock","12":"purchasable","13":"product-type-simple"},"_links":{"self":[{"href":"https:\/\/baldumarket.lt\/lt\/wp-json\/wp\/v2\/product\/95541","targetHints":{"allow":["GET"]}}],"collection":[{"href":"https:\/\/baldumarket.lt\/lt\/wp-json\/wp\/v2\/product"}],"about":[{"href":"https:\/\/baldumarket.lt\/lt\/wp-json\/wp\/v2\/types\/product"}],"replies":[{"embeddable":true,"href":"https:\/\/baldumarket.lt\/lt\/wp-json\/wp\/v2\/comments?post=95541"}],"wp:featuredmedia":[{"embeddable":true,"href":"https:\/\/baldumarket.lt\/lt\/wp-json\/wp\/v2\/media\/95542"}],"wp:attachment":[{"href":"https:\/\/baldumarket.lt\/lt\/wp-json\/wp\/v2\/media?parent=95541"}],"wp:term":[{"taxonomy":"product_brand","embeddable":true,"href":"https:\/\/baldumarket.lt\/lt\/wp-json\/wp\/v2\/product_brand?post=95541"},{"taxonomy":"product_cat","embeddable":true,"href":"https:\/\/baldumarket.lt\/lt\/wp-json\/wp\/v2\/product_cat?post=95541"},{"taxonomy":"product_tag","embeddable":true,"href":"https:\/\/baldumarket.lt\/lt\/wp-json\/wp\/v2\/product_tag?post=95541"}],"curies":[{"name":"wp","href":"https:\/\/api.w.org\/{rel}","templated":true}]}}