{"id":95453,"date":"2025-12-05T15:53:50","date_gmt":"2025-12-05T12:53:50","guid":{"rendered":"https:\/\/baldumarket.lt\/product\/clearing-01-bialy-alpejski-noga-czarny-komoda-2d\/"},"modified":"2026-04-07T13:55:50","modified_gmt":"2026-04-07T10:55:50","slug":"clearing-01-bialy-alpejski-noga-czarny-komoda-2d","status":"publish","type":"product","link":"https:\/\/baldumarket.lt\/lt\/product\/clearing-01-bialy-alpejski-noga-czarny-komoda-2d\/","title":{"rendered":"\u201eClearing 01 Alpi\u0173 balta \/ Juoda kolegijos spalva\u201c \u2013 2D komoda"},"content":{"rendered":"<p>Auk\u0161ta komoda \u201eClearing 01\u201c \u2013 tai baldas, puikiai tinkantis stalo \u012frankiams, stalties\u0117ms ar kitiems nam\u0173 tekstil\u0117s gaminiams laikyti. Dvi pla\u010dios lentynos, padalijan\u010dios u\u017edar\u0105 erdv\u0119 \u012f tris erdvias ni\u0161as, leid\u017eia tvarkingai susid\u0117ti daugyb\u0119 nam\u0173 apyvokos daikt\u0173. Be to, didelis stalvir\u0161is leid\u017eia demonstruoti m\u0117gstamas nuotraukas, vazas ar atostog\u0173 suvenyrus. Be funkcionalumo, pagrindinis \u201eClearing\u201c kolekcijos bald\u0173 privalumas yra j\u0173 dizainas. Paprasti, balti fasadai, pagaminti i\u0161 itin patvarios MDF plok\u0161t\u0117s, pary\u0161kinti unikaliais frezavimais. Minimalistin\u0117 forma su \u012fdomiu akcentu sukuria modern\u0173 \u012fsp\u016bd\u012f \u0161iuolaikinei svetainei ar miegamajam. Juodos metalin\u0117s kojel\u0117s suteikia komodai charakterio ir kartu su likusia balto korpuso dalimi sukuria klasikin\u012f ir eleganti\u0161k\u0105 spalv\u0173 kontrast\u0105.<br \/>\n\u2022 \u0160velniai u\u017esidarantys vyriai padidina kasdienio naudojimo patogum\u0105.<br \/>\n\u2022 Auk\u0161tos metalin\u0117s kojel\u0117s palengvina valym\u0105, nes dulki\u0173 siurbliui suteikiama netrukdoma prieiga.<br \/>\n\u2022 \u0160iek tiek i\u0161siki\u0161\u0119 fasadai vir\u0161 vir\u0161aus leid\u017eia patogiai atidaryti duris be ranken\u0117li\u0173.<br \/>\n\u2022 D\u0117l plataus \u201eClearing\u201c bald\u0173 pasirinkimo galite lengvai apstatyti savo svetain\u0119 ar miegam\u0105j\u012f.<\/p>","protected":false},"excerpt":{"rendered":"<p>Auk\u0161ta komoda \u201eClearing 01\u201c \u2013 tai baldas, puikiai tinkantis stalo \u012frankiams, stalties\u0117ms ar kitiems nam\u0173 tekstil\u0117s gaminiams laikyti. Dvi pla\u010dios lentynos, padalijan\u010dios u\u017edar\u0105 erdv\u0119 \u012f tris erdvias ni\u0161as, leid\u017eia tvarkingai susid\u0117ti daugyb\u0119 nam\u0173 apyvokos daikt\u0173. Be to, didelis stalvir\u0161is leid\u017eia eksponuoti m\u0117gstamas nuotraukas, vazas ar atostog\u0173 suvenyrus. Be to, [\u2026]<\/p>","protected":false},"featured_media":95454,"comment_status":"open","ping_status":"open","template":"","meta":[],"product_brand":[],"product_cat":[1173,2255,9228],"product_tag":[],"class_list":{"0":"post-95453","1":"product","2":"type-product","3":"status-publish","4":"has-post-thumbnail","6":"product_cat-chests-of-drawers","7":"product_cat-ml-meble","8":"product_cat-furniture-system-clearing-ml-meble","10":"first","11":"instock","12":"purchasable","13":"product-type-simple"},"_links":{"self":[{"href":"https:\/\/baldumarket.lt\/lt\/wp-json\/wp\/v2\/product\/95453","targetHints":{"allow":["GET"]}}],"collection":[{"href":"https:\/\/baldumarket.lt\/lt\/wp-json\/wp\/v2\/product"}],"about":[{"href":"https:\/\/baldumarket.lt\/lt\/wp-json\/wp\/v2\/types\/product"}],"replies":[{"embeddable":true,"href":"https:\/\/baldumarket.lt\/lt\/wp-json\/wp\/v2\/comments?post=95453"}],"wp:featuredmedia":[{"embeddable":true,"href":"https:\/\/baldumarket.lt\/lt\/wp-json\/wp\/v2\/media\/95454"}],"wp:attachment":[{"href":"https:\/\/baldumarket.lt\/lt\/wp-json\/wp\/v2\/media?parent=95453"}],"wp:term":[{"taxonomy":"product_brand","embeddable":true,"href":"https:\/\/baldumarket.lt\/lt\/wp-json\/wp\/v2\/product_brand?post=95453"},{"taxonomy":"product_cat","embeddable":true,"href":"https:\/\/baldumarket.lt\/lt\/wp-json\/wp\/v2\/product_cat?post=95453"},{"taxonomy":"product_tag","embeddable":true,"href":"https:\/\/baldumarket.lt\/lt\/wp-json\/wp\/v2\/product_tag?post=95453"}],"curies":[{"name":"wp","href":"https:\/\/api.w.org\/{rel}","templated":true}]}}