{"id":95436,"date":"2025-12-05T15:53:35","date_gmt":"2025-12-05T12:53:35","guid":{"rendered":"https:\/\/baldumarket.lt\/product\/torino-04-bialy-alpejski-castello-miodowy-grafit-mat-regal\/"},"modified":"2026-04-07T13:39:49","modified_gmt":"2026-04-07T10:39:49","slug":"torino-04-bialy-alpejski-castello-miodowy-grafit-mat-regal","status":"publish","type":"product","link":"https:\/\/baldumarket.lt\/lt\/product\/torino-04-bialy-alpejski-castello-miodowy-grafit-mat-regal\/","title":{"rendered":"Torino 04 Alpi\u0173 balta\/Castello medaus\/matinis grafitas \u2013 Lentyna"},"content":{"rendered":"<p>\u201eTorino 04\u201c knyg\u0173 lentyna \u2013 tai auk\u0161tas baldas, leid\u017eiantis tvarkingai laikyti \u012fvairius drabu\u017eius ar mokyklines priemones. Konstrukcija padalinta \u012f dvi dalis \u2013 vien\u0105 u\u017edar\u0105 ir vien\u0105 atvir\u0105. U\u017e dur\u0173 yra penkios erdvios ni\u0161os, puikiai tinkan\u010dios drabu\u017eiams ar kitiems daiktams laikyti. De\u0161in\u0117je spintel\u0117s pus\u0117je yra penkios atviros lentynos, puikiai tinkan\u010dios m\u0117gstamoms nuotraukoms, knygoms ar atostog\u0173 suvenyrams eksponuoti. Be praktini\u0173 savybi\u0173, \u201eTorino\u201c knyg\u0173 lentyna taip pat yra madingas ir modernus interjero dizaino elementas. Kruop\u0161\u010diai parinktos med\u017eiagos ir dekoro elementai patiks tiek paaugliams, tiek j\u0173 t\u0117vams.<br \/>\n\u2022 Modernus dizainas.<br \/>\n\u2022 Grioveliais i\u0161klotas MDF \u012fd\u0117klas.<br \/>\n\u2022 Didelis funkcionalumas.<br \/>\n\u2022 Didel\u0117s, ergonomi\u0161kos rankenos.<br \/>\n\u2022 \u0160velnaus u\u017edarymo sistema.<br \/>\n\u2022 Platus visos \u201eTorino\u201c kolekcijos \u012frengini\u0173 asortimentas.<\/p>","protected":false},"excerpt":{"rendered":"<p>\u201eTorino 04\u201c knyg\u0173 lentyna yra auk\u0161tas baldas, leid\u017eiantis tvarkingai laikyti \u012fvairius drabu\u017eius ar mokyklines priemones. Konstrukcija padalinta \u012f dvi dalis \u2013 vien\u0105 u\u017edar\u0105 ir vien\u0105 atvir\u0105. U\u017e dureli\u0173 yra penkios erdvios ni\u0161os, puikiai tinkan\u010dios drabu\u017eiams ar kitiems daiktams laikyti. Tinkama [\u2026]<\/p>","protected":false},"featured_media":95437,"comment_status":"open","ping_status":"open","template":"","meta":[],"product_brand":[],"product_cat":[9236,2255,1177],"product_tag":[],"class_list":{"0":"post-95436","1":"product","2":"type-product","3":"status-publish","4":"has-post-thumbnail","6":"product_cat-furniture-system-torino-ml-meble","7":"product_cat-ml-meble","8":"product_cat-wardrobes","10":"first","11":"instock","12":"purchasable","13":"product-type-simple"},"_links":{"self":[{"href":"https:\/\/baldumarket.lt\/lt\/wp-json\/wp\/v2\/product\/95436","targetHints":{"allow":["GET"]}}],"collection":[{"href":"https:\/\/baldumarket.lt\/lt\/wp-json\/wp\/v2\/product"}],"about":[{"href":"https:\/\/baldumarket.lt\/lt\/wp-json\/wp\/v2\/types\/product"}],"replies":[{"embeddable":true,"href":"https:\/\/baldumarket.lt\/lt\/wp-json\/wp\/v2\/comments?post=95436"}],"wp:featuredmedia":[{"embeddable":true,"href":"https:\/\/baldumarket.lt\/lt\/wp-json\/wp\/v2\/media\/95437"}],"wp:attachment":[{"href":"https:\/\/baldumarket.lt\/lt\/wp-json\/wp\/v2\/media?parent=95436"}],"wp:term":[{"taxonomy":"product_brand","embeddable":true,"href":"https:\/\/baldumarket.lt\/lt\/wp-json\/wp\/v2\/product_brand?post=95436"},{"taxonomy":"product_cat","embeddable":true,"href":"https:\/\/baldumarket.lt\/lt\/wp-json\/wp\/v2\/product_cat?post=95436"},{"taxonomy":"product_tag","embeddable":true,"href":"https:\/\/baldumarket.lt\/lt\/wp-json\/wp\/v2\/product_tag?post=95436"}],"curies":[{"name":"wp","href":"https:\/\/api.w.org\/{rel}","templated":true}]}}