{"id":95412,"date":"2025-12-05T15:53:14","date_gmt":"2025-12-05T12:53:14","guid":{"rendered":"https:\/\/baldumarket.lt\/product\/torino-12-01-bialy-alpejski-castello-miodowy-grafit-mat-panele-tapicerowane-lozko\/"},"modified":"2026-02-03T23:53:47","modified_gmt":"2026-02-03T20:53:47","slug":"torino-12-01-bialy-alpejski-castello-miodowy-grafit-mat-panele-tapicerowane-lozko","status":"publish","type":"product","link":"https:\/\/baldumarket.lt\/lt\/product\/torino-12-01-bialy-alpejski-castello-miodowy-grafit-mat-panele-tapicerowane-lozko\/","title":{"rendered":"Torino 12-01 Alpi\u0173 balta\/Castello medaus\/matinis grafitas\/apmu\u0161tos panel\u0117s \u2013 Lova"},"content":{"rendered":"<p>\u201eTorino 1201\u201c lova \u2013 tai baldas, kuris u\u017etikrins tinkam\u0105 poils\u012f ir sveik\u0105 mieg\u0105. Lovos dydis leid\u017eia naudoti patog\u0173 120 cm plo\u010dio \u010diu\u017ein\u012f. Galima lengvai vartyti i\u0161 vienos pus\u0117s \u012f kit\u0105. Lova turi mink\u0161t\u0105, apmu\u0161t\u0105 galv\u016bgal\u012f, \u012f kur\u012f patogu atsiremti skaitant knyg\u0105 ar \u017ei\u016brint film\u0105. Grafito spalvos aksominis audinys paauglio kambariui suteikia subtilios elegancijos. Dizain\u0105 i\u0161siskiria stabilus, pakeliamas r\u0117mas (standartin\u0117 komplektacija), kuris garantuoja greit\u0105 ir lengv\u0105 prieig\u0105 prie erdvios daiktad\u0117\u017e\u0117s (dengian\u010dios vis\u0105 lovos pavir\u0161i\u0173), kurioje galite laikyti patalyn\u0119 ir daugel\u012f kit\u0173 daikt\u0173. R\u0117mas su dujin\u0117mis amortizatoriais leid\u017eia patogiai pakelti ir nuleisti vir\u0161utin\u0119 baldo dal\u012f. Be praktini\u0173 savybi\u0173, \u201eTorino\u201c lova taip pat yra madingas ir modernus interjero dizaino elementas.<br \/>\n\u2022 Modernus dizainas.<br \/>\n\u2022 Didelis funkcionalumas.<br \/>\n\u2022 Mink\u0161tas, apmu\u0161tas galv\u016bgalis.<br \/>\n\u2022 Didelis daiktad\u0117\u017e\u0117s skyrius po r\u0117mu.<br \/>\n\u2022 Platus r\u0117meli\u0173 asortimentas visoje \u201eTorino\u201c kolekcijoje.<\/p>","protected":false},"excerpt":{"rendered":"<p>\u201eTorino 1201\u201c lova \u2013 tai baldas, kuris u\u017etikrins tinkam\u0105 poils\u012f ir sveik\u0105 mieg\u0105. Lovos dydis leid\u017eia patogiai \u012fsid\u0117ti 120 cm plo\u010dio \u010diu\u017ein\u012f. Galite lengvai vartyti i\u0161 vienos pus\u0117s \u012f kit\u0105. Lova turi mink\u0161t\u0105, apmu\u0161t\u0105 galv\u016bgal\u012f, \u012f kur\u012f patogu atsiremti miegant [\u2026]<\/p>","protected":false},"featured_media":95413,"comment_status":"open","ping_status":"open","template":"","meta":[],"product_brand":[],"product_cat":[9236,505,2255],"product_tag":[],"class_list":{"0":"post-95412","1":"product","2":"type-product","3":"status-publish","4":"has-post-thumbnail","6":"product_cat-furniture-system-torino-ml-meble","7":"product_cat-bedroom-beds","8":"product_cat-ml-meble","10":"first","11":"instock","12":"purchasable","13":"product-type-simple"},"_links":{"self":[{"href":"https:\/\/baldumarket.lt\/lt\/wp-json\/wp\/v2\/product\/95412","targetHints":{"allow":["GET"]}}],"collection":[{"href":"https:\/\/baldumarket.lt\/lt\/wp-json\/wp\/v2\/product"}],"about":[{"href":"https:\/\/baldumarket.lt\/lt\/wp-json\/wp\/v2\/types\/product"}],"replies":[{"embeddable":true,"href":"https:\/\/baldumarket.lt\/lt\/wp-json\/wp\/v2\/comments?post=95412"}],"wp:featuredmedia":[{"embeddable":true,"href":"https:\/\/baldumarket.lt\/lt\/wp-json\/wp\/v2\/media\/95413"}],"wp:attachment":[{"href":"https:\/\/baldumarket.lt\/lt\/wp-json\/wp\/v2\/media?parent=95412"}],"wp:term":[{"taxonomy":"product_brand","embeddable":true,"href":"https:\/\/baldumarket.lt\/lt\/wp-json\/wp\/v2\/product_brand?post=95412"},{"taxonomy":"product_cat","embeddable":true,"href":"https:\/\/baldumarket.lt\/lt\/wp-json\/wp\/v2\/product_cat?post=95412"},{"taxonomy":"product_tag","embeddable":true,"href":"https:\/\/baldumarket.lt\/lt\/wp-json\/wp\/v2\/product_tag?post=95412"}],"curies":[{"name":"wp","href":"https:\/\/api.w.org\/{rel}","templated":true}]}}