{"id":95404,"date":"2025-12-05T15:53:05","date_gmt":"2025-12-05T12:53:05","guid":{"rendered":"https:\/\/baldumarket.lt\/product\/torino-06-bialy-alpejski-castello-miodowy-grafit-mat-komoda\/"},"modified":"2026-02-03T23:53:48","modified_gmt":"2026-02-03T20:53:48","slug":"torino-06-bialy-alpejski-castello-miodowy-grafit-mat-komoda","status":"publish","type":"product","link":"https:\/\/baldumarket.lt\/lt\/product\/torino-06-bialy-alpejski-castello-miodowy-grafit-mat-komoda\/","title":{"rendered":"Torino 06 Alpi\u0173 balta\/Castello medaus\/matinis grafitas \u2013 Komoda"},"content":{"rendered":"<p>\u201eTorino 06\u201c komoda suteikia daug vietos daiktams susid\u0117ti ir leid\u017eia eksponuoti m\u0117gstamiausius daiktus. Korpusas padalintas \u012f dvi u\u017edaras ir vien\u0105 atvir\u0105 zonas. Kair\u0117je pus\u0117je yra dvi erdvios ni\u0161os, u\u017edaromos durel\u0117mis, skirtos drabu\u017eiams ar kitiems daiktams, kuriuos norite pasl\u0117pti. Komodos centre yra keturi funkcional\u016bs stal\u010diai, kurie palengvina organizavim\u0105 ir puikiai tinka apatiniams drabu\u017eiams bei kojin\u0117ms laikyti. Tre\u010diojoje \u201eTorino 06\u201c komodos dalyje yra trys atviros lentynos, puikiai tinkan\u010dios knygoms ar \u0161ventiniams suvenyrams. Platus stalvir\u0161is, kurio optimalus auk\u0161tis \u2013 86 cm, suteikia dar vien\u0105 viet\u0105, kur galite kasdien m\u0117gautis m\u0117gstam\u0173 \u012ftais\u0173 vaizdu. Be praktini\u0173 savybi\u0173, \u201eTorino\u201c komoda taip pat yra madingas ir modernus interjero dizaino elementas.<br \/>\n\u2022 Modernus dizainas.<br \/>\n\u2022 Grioveliais i\u0161klotas MDF \u012fd\u0117klas.<br \/>\n\u2022 Didelis funkcionalumas.<br \/>\n\u2022 Ergonomi\u0161kos rankenos.<br \/>\n\u2022 Pilno i\u0161traukimo stal\u010diai su papildomai sutvirtintu dugnu.<br \/>\n\u2022 \u0160velnaus u\u017edarymo sistema. \u2022 Platus form\u0173 pasirinkimas i\u0161 visos \u201eTorino\u201c kolekcijos.<\/p>","protected":false},"excerpt":{"rendered":"<p>\u201eTorino 06\u201c komoda suteikia daug vietos daiktams susid\u0117ti ir leid\u017eia eksponuoti m\u0117gstamiausius daiktus. Korpusas padalintas \u012f dvi u\u017edaras ir vien\u0105 atvir\u0105 zonas. Kair\u0117je pus\u0117je yra dvi erdvios ni\u0161os, u\u017edaromos durel\u0117mis, skirtos drabu\u017eiams ar kitiems daiktams, kuriuos norite pasl\u0117pti. Komodos centre [\u2026]<\/p>","protected":false},"featured_media":95405,"comment_status":"open","ping_status":"open","template":"","meta":[],"product_brand":[],"product_cat":[9236,1173,2255],"product_tag":[],"class_list":{"0":"post-95404","1":"product","2":"type-product","3":"status-publish","4":"has-post-thumbnail","6":"product_cat-furniture-system-torino-ml-meble","7":"product_cat-chests-of-drawers","8":"product_cat-ml-meble","10":"first","11":"instock","12":"purchasable","13":"product-type-simple"},"_links":{"self":[{"href":"https:\/\/baldumarket.lt\/lt\/wp-json\/wp\/v2\/product\/95404","targetHints":{"allow":["GET"]}}],"collection":[{"href":"https:\/\/baldumarket.lt\/lt\/wp-json\/wp\/v2\/product"}],"about":[{"href":"https:\/\/baldumarket.lt\/lt\/wp-json\/wp\/v2\/types\/product"}],"replies":[{"embeddable":true,"href":"https:\/\/baldumarket.lt\/lt\/wp-json\/wp\/v2\/comments?post=95404"}],"wp:featuredmedia":[{"embeddable":true,"href":"https:\/\/baldumarket.lt\/lt\/wp-json\/wp\/v2\/media\/95405"}],"wp:attachment":[{"href":"https:\/\/baldumarket.lt\/lt\/wp-json\/wp\/v2\/media?parent=95404"}],"wp:term":[{"taxonomy":"product_brand","embeddable":true,"href":"https:\/\/baldumarket.lt\/lt\/wp-json\/wp\/v2\/product_brand?post=95404"},{"taxonomy":"product_cat","embeddable":true,"href":"https:\/\/baldumarket.lt\/lt\/wp-json\/wp\/v2\/product_cat?post=95404"},{"taxonomy":"product_tag","embeddable":true,"href":"https:\/\/baldumarket.lt\/lt\/wp-json\/wp\/v2\/product_tag?post=95404"}],"curies":[{"name":"wp","href":"https:\/\/api.w.org\/{rel}","templated":true}]}}