{"id":95387,"date":"2025-12-05T15:52:49","date_gmt":"2025-12-05T12:52:49","guid":{"rendered":"https:\/\/baldumarket.lt\/product\/colt-10-dab-craft-zloty-czarny-lozko\/"},"modified":"2026-04-07T13:46:26","modified_gmt":"2026-04-07T10:46:26","slug":"colt-10-dab-craft-zloty-czarny-lozko","status":"publish","type":"product","link":"https:\/\/baldumarket.lt\/lt\/product\/colt-10-dab-craft-zloty-czarny-lozko\/","title":{"rendered":"Colt 10 Gold Craft \u0105\u017euolo\/juodo atlo\u0161o lova"},"content":{"rendered":"<p>\u201eColt 10\u201c lova \u2013 tai baldas, kuris u\u017etikrins tinkam\u0105 poils\u012f ir sveik\u0105 mieg\u0105. Lovos dydis leid\u017eia patogiai \u012fsid\u0117ti 90 cm plo\u010dio \u010diu\u017ein\u012f. Galima lengvai vartytis i\u0161 vienos pus\u0117s \u012f kit\u0105. Apmu\u0161tas galv\u016bgalis suteikia patogi\u0105 ir mink\u0161t\u0105 atram\u0105. Juodas aksominis audinys paauglio kambariui suteiks subtilaus elegancijos. Po lova yra erdvus stal\u010dius (ant gumini\u0173 ratuk\u0173), skirtas, pavyzd\u017eiui, patalynei susid\u0117ti. Baldo dizainas ir dinami\u0161kas dekoro derinys \u2013 \u0161iltas \u0105\u017euolas ir ry\u0161ki juoda \u2013 pabr\u0117\u0161 individual\u0173 jaun\u0173 \u017emoni\u0173 stili\u0173 ir charakter\u012f.<br \/>\n\u2022 Modernus dizainas.<br \/>\n\u2022 Labai funkcionalus.<br \/>\n\u2022 Mink\u0161tas galv\u016bgalis.<br \/>\n\u2022 Standartinis lankstus r\u0117mas.<br \/>\n\u2022 Platus form\u0173 pasirinkimas visoje \u201eColt\u201c kolekcijoje.<\/p>","protected":false},"excerpt":{"rendered":"<p>\u201eColt 10\u201c lova \u2013 tai baldas, kuris u\u017etikrins tinkam\u0105 poils\u012f ir sveik\u0105 mieg\u0105. Lovos dydis leid\u017eia patogiai \u012fsid\u0117ti 90 cm plo\u010dio \u010diu\u017ein\u012f. Galite lengvai vartytis i\u0161 vienos pus\u0117s \u012f kit\u0105. Apmu\u0161tas galv\u016bgalis suteikia patogi\u0105 ir mink\u0161t\u0105 atram\u0105. Juodas aksominis audinys suteiks subtilaus [\u2026]<\/p>","protected":false},"featured_media":95388,"comment_status":"open","ping_status":"open","template":"","meta":[],"product_brand":[],"product_cat":[1372,2255,9230],"product_tag":[],"class_list":{"0":"post-95387","1":"product","2":"type-product","3":"status-publish","4":"has-post-thumbnail","6":"product_cat-childrens-beds","7":"product_cat-ml-meble","8":"product_cat-furniture-system-colf-ml-meble","10":"first","11":"instock","12":"purchasable","13":"product-type-simple"},"_links":{"self":[{"href":"https:\/\/baldumarket.lt\/lt\/wp-json\/wp\/v2\/product\/95387","targetHints":{"allow":["GET"]}}],"collection":[{"href":"https:\/\/baldumarket.lt\/lt\/wp-json\/wp\/v2\/product"}],"about":[{"href":"https:\/\/baldumarket.lt\/lt\/wp-json\/wp\/v2\/types\/product"}],"replies":[{"embeddable":true,"href":"https:\/\/baldumarket.lt\/lt\/wp-json\/wp\/v2\/comments?post=95387"}],"wp:featuredmedia":[{"embeddable":true,"href":"https:\/\/baldumarket.lt\/lt\/wp-json\/wp\/v2\/media\/95388"}],"wp:attachment":[{"href":"https:\/\/baldumarket.lt\/lt\/wp-json\/wp\/v2\/media?parent=95387"}],"wp:term":[{"taxonomy":"product_brand","embeddable":true,"href":"https:\/\/baldumarket.lt\/lt\/wp-json\/wp\/v2\/product_brand?post=95387"},{"taxonomy":"product_cat","embeddable":true,"href":"https:\/\/baldumarket.lt\/lt\/wp-json\/wp\/v2\/product_cat?post=95387"},{"taxonomy":"product_tag","embeddable":true,"href":"https:\/\/baldumarket.lt\/lt\/wp-json\/wp\/v2\/product_tag?post=95387"}],"curies":[{"name":"wp","href":"https:\/\/api.w.org\/{rel}","templated":true}]}}